{"id":20170,"date":"2025-07-25T14:50:57","date_gmt":"2025-07-25T14:50:57","guid":{"rendered":"https:\/\/fv6qoy3ls0.wpdns.site\/reviews\/"},"modified":"2025-09-03T15:15:55","modified_gmt":"2025-09-03T15:15:55","slug":"analisis","status":"publish","type":"page","link":"https:\/\/hi-techwonder.com\/es\/analisis\/","title":{"rendered":"An\u00e1lisis"},"content":{"rendered":"\n<p class=\"has-medium-font-size\"><strong>\u00bfHas comprado equipo fotogr\u00e1fico y te gustar\u00eda compartir tu opini\u00f3n con la comunidad? \u00a1Escribe para nuestro blog y recibe vales de compra!<\/strong><\/p>\n\n\n\n<p id=\"wd-0113d9ea\" class=\"wp-block-wd-paragraph\">En hi-techwonder creemos que las mejores reviews nacen de la mano de quienes utilizan su equipo de forma pr\u00e1ctica y regular en el mundo real.<br>Por eso, invitamos a todos los fot\u00f3grafos y vide\u00f3grafos \u2014sean o no clientes nuestros\u2014 a escribir en nuestro blog y compartir su experiencia con los equipos que utilizan habitualmente.<\/p>\n\n\n\n<p>Si tienes una c\u00e1mara, objetivo o accesorio que ya has probado sobre el terreno y quieres dar tu opini\u00f3n, \u00a1esta invitaci\u00f3n es para ti!<br>A cambio de compartir tu experiencia, te ofrecemos vales de compra para canjear en nuestra tienda por el material que m\u00e1s te guste.<\/p>\n\n\n\n<p class=\"has-medium-font-size\"><strong>\u00bfC\u00f3mo funciona?<\/strong><\/p>\n\n\n\n<p id=\"wd-8b9cd8bf\" class=\"wp-block-wd-paragraph\">Participar es muy sencillo y totalmente transparente, sin trucos:<\/p>\n\n\n\n<ul class=\"wp-block-list\">\n<li>Elige un equipo que utilices regularmente (c\u00e1mara, objetivo, accesorio\u2026).<\/li>\n\n\n\n<li>Env\u00edanos un email indic\u00e1ndonos sobre qu\u00e9 producto quieres escribir.<\/li>\n\n\n\n<li>Escribe una review original basada en tu experiencia personal.<\/li>\n\n\n\n<li>Incluye fotos o v\u00eddeos realizados con ese equipo.<\/li>\n\n\n\n<li>Env\u00edanos tu art\u00edculo para su valoraci\u00f3n.<\/li>\n<\/ul>\n\n\n\n<p id=\"wd-da575f19\" class=\"wp-block-wd-paragraph\">Si el art\u00edculo es aprobado, recibir\u00e1s un vale de entre <strong>25\u202f\u20ac y 75\u202f\u20ac<\/strong>, en funci\u00f3n de la <strong>calidad, extensi\u00f3n, originalidad y relevancia del contenido<\/strong>.<\/p>\n\n\n\n<p id=\"wd-a0c4d15a\" class=\"wp-block-wd-paragraph\"><strong>Bonificaci\u00f3n para autores frecuentes<\/strong><\/p>\n\n\n\n<p id=\"wd-6912afc2\" class=\"wp-block-wd-paragraph\">Quienes colaboren de forma regular con reviews de calidad podr\u00e1n acceder a <strong>descuentos exclusivos en futuras compras<\/strong> en nuestra tienda.<br>Es nuestra forma de agradecer que formes parte activa de la comunidad hi-techwonder.<\/p>\n\n\n\n<p class=\"has-medium-font-size\"><strong>Condiciones de los vales<\/strong><\/p>\n\n\n\n<ul id=\"wd-4201452f\" class=\"wp-block-wd-list wd-list wd-type-unordered wd-style-default\">\n<li id=\"wd-03ba4df9\" class=\"wp-block-wd-list-item\"><div class=\"wd-icon\"><\/div><span class=\"wd-list-content\"><strong>Sin pedido m\u00ednimo<\/strong> \u2014 si tienes un vale de 50\u202f\u20ac, puedes usarlo en su totalidad.<\/span><\/li>\n<\/ul>\n\n\n\n<ul id=\"wd-4290644a\" class=\"wp-block-wd-list wd-list wd-type-unordered wd-style-default\">\n<li id=\"wd-8e5ff2a4\" class=\"wp-block-wd-list-item\"><div class=\"wd-icon\"><\/div><span class=\"wd-list-content\">V\u00e1lidos durante <strong>12 meses<\/strong> a partir de la fecha de emisi\u00f3n.<\/span><\/li>\n<\/ul>\n\n\n\n<ul id=\"wd-1f28710c\" class=\"wp-block-wd-list wd-list wd-type-unordered wd-style-default\">\n<li id=\"wd-86789606\" class=\"wp-block-wd-list-item\"><div class=\"wd-icon\"><\/div><span class=\"wd-list-content\">Los vales son<strong> personales e intransferibles<\/strong>.<\/span><\/li>\n<\/ul>\n\n\n\n<p class=\"has-medium-font-size\"><strong>\u00bfQu\u00e9 debe contener tu review?<\/strong><\/p>\n\n\n\n<p id=\"wd-491f4c4f\" class=\"wp-block-wd-paragraph\">Estos son algunos temas \u00fatiles que puedes tratar (pero t\u00fa decides el enfoque):<\/p>\n\n\n\n<ul id=\"wd-b4ce4686\" class=\"wp-block-wd-list wd-list wd-type-unordered wd-style-default\">\n<li id=\"wd-82ba02ce\" class=\"wp-block-wd-list-item\"><div class=\"wd-icon\"><\/div><span class=\"wd-list-content\"><strong>Calidad de construcci\u00f3n<\/strong>: robustez y materiales utilizados.<\/span><\/li>\n\n\n\n<li id=\"wd-726701d8\" class=\"wp-block-wd-list-item\"><div class=\"wd-icon\"><\/div><span class=\"wd-list-content\"><strong>Ergonom\u00eda<\/strong>: distribuci\u00f3n de botones, agarre, facilidad de uso, peso.<\/span><\/li>\n\n\n\n<li id=\"wd-2db15367\" class=\"wp-block-wd-list-item\"><div class=\"wd-icon\"><\/div><span class=\"wd-list-content\"><strong>Calidad de imagen<\/strong>: resoluci\u00f3n, nitidez, aberraciones crom\u00e1ticas, distorsi\u00f3n, flares, rendimiento ISO.<\/span><\/li>\n\n\n\n<li id=\"wd-b8a5d022\" class=\"wp-block-wd-list-item\"><div class=\"wd-icon\"><\/div><span class=\"wd-list-content\"><strong>Funcionalidades<\/strong>: enfoque autom\u00e1tico, visor, pantalla, estabilizador, modos creativos.<\/span><\/li>\n\n\n\n<li id=\"wd-14ffb9e4\" class=\"wp-block-wd-list-item\"><div class=\"wd-icon\"><\/div><span class=\"wd-list-content\"><strong>Facilidad de uso<\/strong>: men\u00fas, accesos directos, conectividad.<\/span><\/li>\n\n\n\n<li id=\"wd-6321c766\" class=\"wp-block-wd-list-item\"><div class=\"wd-icon\"><\/div><span class=\"wd-list-content\"><strong>Comparativas<\/strong> con otros equipos similares.<\/span><\/li>\n\n\n\n<li id=\"wd-0e034134\" class=\"wp-block-wd-list-item\"><div class=\"wd-icon\"><\/div><span class=\"wd-list-content\"><strong>Relaci\u00f3n calidad\/precio<\/strong>.<\/span><\/li>\n\n\n\n<li id=\"wd-5f9c45f1\" class=\"wp-block-wd-list-item\"><div class=\"wd-icon\"><\/div><span class=\"wd-list-content\"><strong>Conclusi\u00f3n personal<\/strong> con una valoraci\u00f3n final (por ejemplo, de 0 a 5 estrellas).<\/span><\/li>\n<\/ul>\n\n\n\n<ul class=\"wp-block-list\">\n<li><\/li>\n<\/ul>\n\n\n\n<p class=\"has-medium-font-size\"><strong>Normas:<\/strong><\/p>\n\n\n\n<ul id=\"wd-0d1f30d3\" class=\"wp-block-wd-list wd-list wd-type-unordered wd-style-default\">\n<li id=\"wd-20c27874\" class=\"wp-block-wd-list-item\"><div class=\"wd-icon\"><\/div><span class=\"wd-list-content\">Tu art\u00edculo debe ser <strong>\u00fanico y original<\/strong>. Puedes citar otros contenidos si lo haces de forma clara y con la fuente indicada.<\/span><\/li>\n\n\n\n<li id=\"wd-5a4d03fd\" class=\"wp-block-wd-list-item\"><div class=\"wd-icon\"><\/div><span class=\"wd-list-content\">No se aceptar\u00e1n <strong>copias ni plagios<\/strong>, ni de texto ni de im\u00e1genes.<\/span><\/li>\n\n\n\n<li id=\"wd-0b07fb51\" class=\"wp-block-wd-list-item\"><div class=\"wd-icon\"><\/div><span class=\"wd-list-content\">Puedes usar herramientas de IA para organizar o repasar ideas, pero el texto final debe tener <strong>voz propia, personal y humana<\/strong>.<\/span><\/li>\n<\/ul>\n\n\n\n<p><\/p>\n","protected":false},"excerpt":{"rendered":"<p>\u00bfHas comprado equipo fotogr\u00e1fico y te gustar\u00eda compartir tu opini\u00f3n con la comunidad? \u00a1Escribe para nuestro blog y recibe vales<\/p>\n","protected":false},"author":2,"featured_media":0,"parent":0,"menu_order":0,"comment_status":"closed","ping_status":"closed","template":"","meta":{"_acf_changed":false,"footnotes":""},"class_list":["post-20170","page","type-page","status-publish","hentry"],"acf":[],"_links":{"self":[{"href":"https:\/\/hi-techwonder.com\/es\/wp-json\/wp\/v2\/pages\/20170","targetHints":{"allow":["GET"]}}],"collection":[{"href":"https:\/\/hi-techwonder.com\/es\/wp-json\/wp\/v2\/pages"}],"about":[{"href":"https:\/\/hi-techwonder.com\/es\/wp-json\/wp\/v2\/types\/page"}],"author":[{"embeddable":true,"href":"https:\/\/hi-techwonder.com\/es\/wp-json\/wp\/v2\/users\/2"}],"replies":[{"embeddable":true,"href":"https:\/\/hi-techwonder.com\/es\/wp-json\/wp\/v2\/comments?post=20170"}],"version-history":[{"count":6,"href":"https:\/\/hi-techwonder.com\/es\/wp-json\/wp\/v2\/pages\/20170\/revisions"}],"predecessor-version":[{"id":84138,"href":"https:\/\/hi-techwonder.com\/es\/wp-json\/wp\/v2\/pages\/20170\/revisions\/84138"}],"wp:attachment":[{"href":"https:\/\/hi-techwonder.com\/es\/wp-json\/wp\/v2\/media?parent=20170"}],"curies":[{"name":"wp","href":"https:\/\/api.w.org\/{rel}","templated":true}]}}