{"id":7545,"date":"2025-05-09T12:53:24","date_gmt":"2025-05-09T11:53:24","guid":{"rendered":"https:\/\/fv6qoy3ls0.wpdns.site\/metodos-de-pagamento\/"},"modified":"2026-04-01T15:41:11","modified_gmt":"2026-04-01T14:41:11","slug":"metodos-de-pagamento","status":"publish","type":"page","link":"https:\/\/hi-techwonder.com\/es\/metodos-de-pagamento\/","title":{"rendered":"M\u00e9todos De Pago"},"content":{"rendered":"\n<div id=\"wd-bab7c087\" class=\"wp-block-wd-accordion wd-accordion wd-style-default wd-titles-start wd-opener-style-arrow wd-opener-pos-end\" data-state=\"first\">\n<div id=\"wd-4805f410\" class=\"wp-block-wd-accordion-pane wd-accordion-item\"><div class=\"wd-accordion-title wd-role-btn wd-active\" tabindex=\"0\"><div class=\"wd-accordion-title-text\"><span>Dinero<\/span><\/div><span class=\"wd-accordion-opener\"><\/span><\/div><div class=\"wd-accordion-content wd-active\"><div class=\"wd-accordion-content-inner\">\n<p id=\"wd-ba6d6f2e\" class=\"wp-block-wd-paragraph\">En nuestra tienda f\u00edsica aceptamos pagos en efectivo para compras de valor total igual o inferior a 1000\u20ac. <\/p>\n<\/div><\/div><\/div>\n\n\n\n<div id=\"wd-e669eaf9\" class=\"wp-block-wd-accordion-pane wd-accordion-item\"><div class=\"wd-accordion-title wd-role-btn\" tabindex=\"0\"><div class=\"wd-accordion-title-text\"><span>Tarjeta de d\u00e9bito<\/span><\/div><span class=\"wd-accordion-opener\"><\/span><\/div><div class=\"wd-accordion-content\"><div class=\"wd-accordion-content-inner\">\n<p>En nuestra tienda f\u00edsica aceptamos pagos con tarjetas Multibanco, sin cargos adicionales.<\/p>\n<\/div><\/div><\/div>\n\n\n\n<div id=\"wd-98f4f5ee\" class=\"wp-block-wd-accordion-pane wd-accordion-item\"><div class=\"wd-accordion-title wd-role-btn\" tabindex=\"0\"><div class=\"wd-accordion-title-text\"><span>Transferencia Bancaria<\/span><\/div><span class=\"wd-accordion-opener\"><\/span><\/div><div class=\"wd-accordion-content\"><div class=\"wd-accordion-content-inner\">\n<p id=\"wd-87c0643c\" class=\"wp-block-wd-paragraph\">Para simplificar el tratamiento de su pedido, cuando sea posible, no olvide, al realizar la transferencia bancaria, incluir la referencia del pago. Despu\u00e9s de realizar la transferencia, deber\u00e1 enviar la copia del comprobante por correo electr\u00f3nico (info@hi-techwonder.com) indicando el n\u00famero de pedido. Pago exento de cargos adicionales.<\/p>\n<\/div><\/div><\/div>\n\n\n\n<div id=\"wd-72defc36\" class=\"wp-block-wd-accordion-pane wd-accordion-item\"><div class=\"wd-accordion-title wd-role-btn\" tabindex=\"0\"><div class=\"wd-accordion-title-text\"><span>VISA\/MasterCard\/Maestro<\/span><\/div><span class=\"wd-accordion-opener\"><\/span><\/div><div class=\"wd-accordion-content\"><div class=\"wd-accordion-content-inner\">\n<p id=\"wd-af2799ce\" class=\"wp-block-wd-paragraph\">Permitimos el pago con tarjeta de cr\u00e9dito en nuestra tienda online, sin costes adicionales.<\/p>\n<\/div><\/div><\/div>\n\n\n\n<div id=\"wd-b52e53d2\" class=\"wp-block-wd-accordion-pane wd-accordion-item\"><div class=\"wd-accordion-title wd-role-btn\" tabindex=\"0\"><div class=\"wd-accordion-title-text\"><span>Paypal<\/span><\/div><span class=\"wd-accordion-opener\"><\/span><\/div><div class=\"wd-accordion-content\"><div class=\"wd-accordion-content-inner\">\n<p id=\"wd-898e0b42\" class=\"wp-block-wd-paragraph\">PayPal es un m\u00e9todo de pago muy popular, que transmite gran seguridad al cliente. Est\u00e1 disponible en nuestra tienda online con el pago de una tasa fija del 2%.<\/p>\n<\/div><\/div><\/div>\n\n\n\n<div id=\"wd-7956472a\" class=\"wp-block-wd-accordion-pane wd-accordion-item\"><div class=\"wd-accordion-title wd-role-btn\" tabindex=\"0\"><div class=\"wd-accordion-title-text\"><span>SeQura<\/span><\/div><span class=\"wd-accordion-opener\"><\/span><\/div><div class=\"wd-accordion-content\"><div class=\"wd-accordion-content-inner\">\n<p>Para los pagos realizados con SeQura, para ejercer el derecho de desistimiento, el Cliente deber\u00e1 devolver mediante env\u00edo registrado, en un plazo de 14 d\u00edas desde la recepci\u00f3n del pedido, todo el material recibido. Este material debe estar nuevo y completo, tal como en el momento de la recepci\u00f3n del pedido, y los productos deben devolverse en sus condiciones originales. Todos los pagos efectuados a trav\u00e9s del m\u00e9todo de pago SeQura ser\u00e1n reembolsados mediante el mismo m\u00e9todo de pago.<\/p>\n<\/div><\/div><\/div>\n<\/div>\n\n\n\n<div id=\"wd-e8812760\" class=\"wp-block-wd-table\">\n<figure class=\"wp-block-table\"><table class=\"has-fixed-layout\"><tbody><tr><td class=\"has-text-align-center\" data-align=\"center\"><strong>M\u00e9todos De Pago<\/strong><\/td><td class=\"has-text-align-center\" data-align=\"center\"><strong>Disponibilidad\/Tarifa de tienda f\u00edsica<\/strong><\/td><td class=\"has-text-align-center\" data-align=\"center\"><strong>Disponibilidad\/Tarifa de la tienda online<\/strong><\/td><\/tr><tr><td class=\"has-text-align-center\" data-align=\"center\">Dinero<\/td><td class=\"has-text-align-center\" data-align=\"center\">0%<\/td><td class=\"has-text-align-center\" data-align=\"center\">&#8211;<\/td><\/tr><tr><td class=\"has-text-align-center\" data-align=\"center\">Tarjeta de d\u00e9bito<\/td><td class=\"has-text-align-center\" data-align=\"center\">0%<\/td><td class=\"has-text-align-center\" data-align=\"center\">&#8211;<\/td><\/tr><tr><td class=\"has-text-align-center\" data-align=\"center\">Transferencia Bancaria<\/td><td class=\"has-text-align-center\" data-align=\"center\">0%<\/td><td class=\"has-text-align-center\" data-align=\"center\">0%<\/td><\/tr><tr><td class=\"has-text-align-center\" data-align=\"center\">VISA\/MasterCard\/Maestro<\/td><td class=\"has-text-align-center\" data-align=\"center\">&#8211;<\/td><td class=\"has-text-align-center\" data-align=\"center\">0%<\/td><\/tr><tr><td class=\"has-text-align-center\" data-align=\"center\">Paypal<\/td><td class=\"has-text-align-center\" data-align=\"center\">&#8211;<\/td><td class=\"has-text-align-center\" data-align=\"center\">2%<\/td><\/tr><\/tbody><\/table><\/figure>\n<\/div>\n\n\n\n<p><\/p>\n","protected":false},"excerpt":{"rendered":"","protected":false},"author":1,"featured_media":0,"parent":0,"menu_order":0,"comment_status":"closed","ping_status":"closed","template":"","meta":{"_acf_changed":false,"footnotes":""},"class_list":["post-7545","page","type-page","status-publish","hentry"],"acf":[],"_links":{"self":[{"href":"https:\/\/hi-techwonder.com\/es\/wp-json\/wp\/v2\/pages\/7545","targetHints":{"allow":["GET"]}}],"collection":[{"href":"https:\/\/hi-techwonder.com\/es\/wp-json\/wp\/v2\/pages"}],"about":[{"href":"https:\/\/hi-techwonder.com\/es\/wp-json\/wp\/v2\/types\/page"}],"author":[{"embeddable":true,"href":"https:\/\/hi-techwonder.com\/es\/wp-json\/wp\/v2\/users\/1"}],"replies":[{"embeddable":true,"href":"https:\/\/hi-techwonder.com\/es\/wp-json\/wp\/v2\/comments?post=7545"}],"version-history":[{"count":3,"href":"https:\/\/hi-techwonder.com\/es\/wp-json\/wp\/v2\/pages\/7545\/revisions"}],"predecessor-version":[{"id":103121,"href":"https:\/\/hi-techwonder.com\/es\/wp-json\/wp\/v2\/pages\/7545\/revisions\/103121"}],"wp:attachment":[{"href":"https:\/\/hi-techwonder.com\/es\/wp-json\/wp\/v2\/media?parent=7545"}],"curies":[{"name":"wp","href":"https:\/\/api.w.org\/{rel}","templated":true}]}}