{"id":7606,"date":"2024-07-11T15:00:20","date_gmt":"2024-07-11T15:00:20","guid":{"rendered":"https:\/\/fv6qoy3ls0.wpdns.site\/?page_id=7606"},"modified":"2025-08-05T13:28:42","modified_gmt":"2025-08-05T13:28:42","slug":"quienes-somos","status":"publish","type":"page","link":"https:\/\/hi-techwonder.com\/es\/quienes-somos\/","title":{"rendered":"Qui\u00e9nes Somos"},"content":{"rendered":"\n<div id=\"wd-079db936\" class=\"wp-block-wd-video wd-el-video wd-action-without wd-video-hosted wd-custom-width\"><video playsinline controls loop muted autoplay src=\"https:\/\/hi-techwonder.com\/wp-content\/uploads\/2025\/07\/Video-Drone-Loja_Face-Blur-16.9_C-Musica.mov\"><\/video><\/div>\n\n\n\n<h2 id=\"wd-2e93c850\" class=\"wp-block-wd-title title\">Nuestra Tienda<\/h2>\n\n\n\n<p id=\"wd-0c9c0bd9\" class=\"wp-block-wd-paragraph\"><strong><u>Hi-TechWonder<\/u><\/strong> lleva desde<strong><u> 2010<\/u><\/strong> ofreciendo soluciones especializadas en equipos para la <strong><u>captura de imagen y sonido<\/u><\/strong>. Disponemos de un amplio cat\u00e1logo de hardware y accesorios para fot\u00f3grafos y vide\u00f3grafos, tanto aficionados como profesionales que buscan las m\u00e1ximas prestaciones.<\/p>\n\n\n\n<p id=\"wd-8dace703\" class=\"wp-block-wd-paragraph\">Trabajamos con las <strong><u>principales marcas del sector<\/u><\/strong> y todos nuestros productos nuevos cuentan con <strong><u>garant\u00eda oficial europea<\/u><\/strong>. Nuestra tienda f\u00edsica est\u00e1 situada en Sintra, a las afueras de Lisboa, y cuenta con <strong><u>m\u00e1s de 350 m\u00b2 de exposici\u00f3n y almac\u00e9n<\/u><\/strong>. Todos los art\u00edculos que ofrecemos pueden recogerse en tienda sin ning\u00fan coste adicional.<\/p>\n\n\n\n<p id=\"wd-2de985a9\" class=\"wp-block-wd-paragraph\">Nuestro equipo, con m\u00e1s de <strong><u>15 a\u00f1os de experiencia<\/u><\/strong>, est\u00e1 siempre disponible para asesorarte, tanto en tienda como a trav\u00e9s de nuestros canales de atenci\u00f3n online: <strong><u>tel\u00e9fono, WhatsApp, correo electr\u00f3nico o redes sociales<\/u><\/strong>. Queremos ayudarte a encontrar el equipo m\u00e1s adecuado para tus necesidades.<\/p>\n\n\n\n<p id=\"wd-af13761c\" class=\"wp-block-wd-paragraph\">Adem\u00e1s de la venta directa en tienda, <strong><u>realizamos env\u00edos a toda la pen\u00ednsula ib\u00e9rica<\/u><\/strong> en un plazo de <strong><u>24 a 48 horas laborables<\/u><\/strong>. Todos nuestros env\u00edos se preparan cuidadosamente y cuentan con <strong><u>seguro frente a p\u00e9rdida o extrav\u00edo.<\/u><\/strong><\/p>\n\n\n\n<p id=\"wd-65b0fd01\" class=\"wp-block-wd-paragraph\">Nuestra misi\u00f3n va mucho m\u00e1s all\u00e1 de la venta de equipos. Creemos que el intercambio de conocimientos y la convivencia dentro de la comunidad audiovisual son esenciales para el crecimiento y la innovaci\u00f3n de este sector. Por eso, organizamos regularmente <strong>formaciones y talleres<\/strong>, muchas veces con la presencia de <strong>profesionales reconocidos y figuras destacadas del sector<\/strong>, y en colaboraci\u00f3n con <strong>marcas de referencia<\/strong>. Estas iniciativas tienen como objetivo fomentar el <strong>intercambio de experiencias<\/strong> y el <strong>aprendizaje continuo<\/strong>, reforzando el v\u00ednculo entre todos los que comparten la <strong>pasi\u00f3n por la imagen<\/strong>.<\/p>\n\n\n\n<p id=\"wd-65f63cd2\" class=\"wp-block-wd-paragraph\"><strong><u>\u00bfQu\u00e9 opinan nuestros clientes sobre nuestro servicio?<\/u><\/strong><\/p>\n\n\n\n<div class=\"wp-block-group is-layout-constrained wp-block-group-is-layout-constrained\">\n<div id=\"wd-ccfa25c3\" class=\"wp-block-wd-gallery wd-grid-g wd-caption-mask wd-custom-width\" style=\"--wd-col-lg:4;--wd-col-md:4;--wd-col-sm:1;--wd-gap-lg:20px;--wd-gap-sm: 10px;\">\n<div id=\"wd-21ad3dba\" class=\"wp-block-wd-gallery-item wd-col\"><div class=\"wd-block-image\"><img loading=\"lazy\" decoding=\"async\" width=\"418\" height=\"95\" class=\"wp-image-7576\" src=\"https:\/\/hi-techwonder.com\/wp-content\/themes\/woodmart\/images\/lazy.svg\" data-src=\"https:\/\/hi-techwonder.com\/wp-content\/uploads\/2025\/07\/2.jpg\" alt=\"\" srcset=\"\" data-srcset=\"https:\/\/hi-techwonder.com\/wp-content\/uploads\/2025\/07\/2.jpg 418w, https:\/\/hi-techwonder.com\/wp-content\/uploads\/2025\/07\/2-150x34.jpg 150w, https:\/\/hi-techwonder.com\/wp-content\/uploads\/2025\/07\/2-300x68.jpg 300w\" sizes=\"auto, (max-width: 418px) 100vw, 418px\" \/><\/div><\/div>\n\n\n\n<div id=\"wd-f59bb2ce\" class=\"wp-block-wd-gallery-item wd-col\"><div class=\"wd-block-image\"><img loading=\"lazy\" decoding=\"async\" width=\"358\" height=\"78\" class=\"wp-image-7580\" src=\"https:\/\/hi-techwonder.com\/wp-content\/themes\/woodmart\/images\/lazy.svg\" data-src=\"https:\/\/hi-techwonder.com\/wp-content\/uploads\/2025\/07\/1.jpg\" alt=\"\" srcset=\"\" data-srcset=\"https:\/\/hi-techwonder.com\/wp-content\/uploads\/2025\/07\/1.jpg 358w, https:\/\/hi-techwonder.com\/wp-content\/uploads\/2025\/07\/1-150x33.jpg 150w, https:\/\/hi-techwonder.com\/wp-content\/uploads\/2025\/07\/1-300x65.jpg 300w\" sizes=\"auto, (max-width: 358px) 100vw, 358px\" \/><\/div><\/div>\n<\/div>\n<\/div>\n\n\n\n<div id=\"wd-609e3377\" class=\"wp-block-wd-row\">\n<div id=\"wd-dd806709\" class=\"wp-block-wd-column\">\n<div id=\"wd-029d78af\" class=\"wp-block-wd-container wd-dir-col\">\n<h2 id=\"wd-27a1ed0c\" class=\"wp-block-wd-title title\">Hi-TechWonder<\/h2>\n\n\n\n<p id=\"wd-42c970df\" class=\"wp-block-wd-paragraph\">Rua Bernardo Santareno 31A<br>2635-175 Rio de Mouro<\/p>\n\n\n\n<p id=\"wd-b537d51c\" class=\"wp-block-wd-paragraph\"><strong>Tel\u00e9fono:<\/strong> <span class=\"wd-highlight\">214 039 725<\/span><br><strong>Email:<\/strong> <span class=\"wd-highlight\"><a href=\"mailto:info@hi-techwonder.com\">info@hi-techwonder.com<\/a><\/span><\/p>\n\n\n\n<p><strong>Horario de atenci\u00f3n:<\/strong><br>De lunes a viernes \u2013 Excepto festivos<br>De 10:00 a 13:00 y de 14:00 a 18:00 horas<\/p>\n\n\n\n<p><\/p>\n\n\n\n<p><\/p>\n\n\n\n<p><\/p>\n<\/div>\n<\/div>\n\n\n\n<div id=\"wd-ce31269d\" class=\"wp-block-wd-column\">\n<div id=\"wd-e816865f\" class=\"wp-block-wd-container wd-dir-col\">\n<div id=\"wd-6cde9787\" class=\"wp-block-wd-open-street-map wd-map-container wd-osm-map-container\"><div id=\"wd-osm-map-6cde9787-0c13-4340-a20e-0318de947837\" class=\"wd-osm-map-wrapper wd-map-wrapper\" data-settings=\"{&quot;zoom&quot;:10,&quot;scrollWheelZoom&quot;:&quot;no&quot;,&quot;zoomControl&quot;:&quot;yes&quot;,&quot;dragging&quot;:&quot;yes&quot;,&quot;init_type&quot;:&quot;page_load&quot;,&quot;init_offset&quot;:100,&quot;geoapify_tile&quot;:&quot;osm-carto&quot;,&quot;center&quot;:&quot;38.785972599999994,-9.3351234&quot;,&quot;markers&quot;:[{&quot;lat&quot;:&quot;38.7859726&quot;,&quot;lng&quot;:&quot;-9.3351234&quot;,&quot;marker&quot;:{&quot;image&quot;:&quot;https:\/\/hi-techwonder.com\/wp-content\/themes\/woodmart\/images\/icons\/marker-icon.png&quot;,&quot;image_size&quot;:[25,41],&quot;marker_behavior&quot;:&quot;popup&quot;,&quot;show_button&quot;:&quot;no&quot;,&quot;marker_title&quot;:&quot;Hi-techWonder&quot;}}]}\"><\/div><\/div>\n<\/div>\n<\/div>\n\n\n\n<div id=\"wd-undefined\" class=\"wp-block-wd-column\">\n<div id=\"wd-f279e65a\" class=\"wp-block-wd-container wd-dir-col\">\n<h2 id=\"wd-dd445f61\" class=\"wp-block-wd-title title\"><strong>Datos Para el Pago<\/strong><br><\/h2>\n\n\n\n<p id=\"wd-ce760b7b\" class=\"wp-block-wd-paragraph\"><strong>BANCO<\/strong>: BPI<\/p>\n\n\n\n<p id=\"wd-213d6f22\" class=\"wp-block-wd-paragraph\"><strong>IBAN<\/strong>: PT50 0010 0000 5445 1890 0018 7<\/p>\n\n\n\n<p id=\"wd-95b9e4ee\" class=\"wp-block-wd-paragraph\"><strong>TITULAR DE LA CUENTA:<\/strong><\/p>\n\n\n\n<p id=\"wd-04cdf343\" class=\"wp-block-wd-paragraph\">TDURDEN &#8211; COM. ELECTR. ,UNIPESSOAL LDA<\/p>\n\n\n\n<p id=\"wd-138e333e\" class=\"wp-block-wd-paragraph\"><\/p>\n\n\n\n<p id=\"wd-b82578c2\" class=\"wp-block-wd-paragraph\"><\/p>\n<\/div>\n<\/div>\n<\/div>\n\n\n\n<figure class=\"wp-block-gallery has-nested-images columns-default is-cropped wp-block-gallery-1 is-layout-flex wp-block-gallery-is-layout-flex\">\n<figure class=\"wp-block-image size-full\"><img loading=\"lazy\" decoding=\"async\" width=\"2560\" height=\"1707\" data-id=\"2051\" src=\"https:\/\/hi-techwonder.com\/wp-content\/themes\/woodmart\/images\/lazy.svg\" data-src=\"https:\/\/hi-techwonder.com\/wp-content\/uploads\/2025\/06\/NZ8_8038-scaled.jpg\" alt=\"Vista da entrada da Hi-TechWonder\" class=\"wp-image-2051\" srcset=\"\" data-srcset=\"https:\/\/hi-techwonder.com\/wp-content\/uploads\/2025\/06\/NZ8_8038-scaled.jpg 2560w, https:\/\/hi-techwonder.com\/wp-content\/uploads\/2025\/06\/NZ8_8038-scaled-150x100.jpg 150w, https:\/\/hi-techwonder.com\/wp-content\/uploads\/2025\/06\/NZ8_8038-scaled-1200x800.jpg 1200w, https:\/\/hi-techwonder.com\/wp-content\/uploads\/2025\/06\/NZ8_8038-300x200.jpg 300w, https:\/\/hi-techwonder.com\/wp-content\/uploads\/2025\/06\/NZ8_8038-1024x683.jpg 1024w, https:\/\/hi-techwonder.com\/wp-content\/uploads\/2025\/06\/NZ8_8038-768x512.jpg 768w, https:\/\/hi-techwonder.com\/wp-content\/uploads\/2025\/06\/NZ8_8038-1536x1024.jpg 1536w, https:\/\/hi-techwonder.com\/wp-content\/uploads\/2025\/06\/NZ8_8038-2048x1365.jpg 2048w\" sizes=\"auto, (max-width: 2560px) 100vw, 2560px\" \/><\/figure>\n\n\n\n<figure class=\"wp-block-image size-full\"><img loading=\"lazy\" decoding=\"async\" width=\"2560\" height=\"1707\" data-id=\"2047\" src=\"https:\/\/hi-techwonder.com\/wp-content\/themes\/woodmart\/images\/lazy.svg\" data-src=\"https:\/\/hi-techwonder.com\/wp-content\/uploads\/2025\/06\/NZ8_8030-scaled.jpg\" alt=\"\" class=\"wp-image-2047\" srcset=\"\" data-srcset=\"https:\/\/hi-techwonder.com\/wp-content\/uploads\/2025\/06\/NZ8_8030-scaled.jpg 2560w, https:\/\/hi-techwonder.com\/wp-content\/uploads\/2025\/06\/NZ8_8030-scaled-150x100.jpg 150w, https:\/\/hi-techwonder.com\/wp-content\/uploads\/2025\/06\/NZ8_8030-scaled-1200x800.jpg 1200w, https:\/\/hi-techwonder.com\/wp-content\/uploads\/2025\/06\/NZ8_8030-300x200.jpg 300w, https:\/\/hi-techwonder.com\/wp-content\/uploads\/2025\/06\/NZ8_8030-1024x683.jpg 1024w, https:\/\/hi-techwonder.com\/wp-content\/uploads\/2025\/06\/NZ8_8030-768x512.jpg 768w, https:\/\/hi-techwonder.com\/wp-content\/uploads\/2025\/06\/NZ8_8030-1536x1024.jpg 1536w, https:\/\/hi-techwonder.com\/wp-content\/uploads\/2025\/06\/NZ8_8030-2048x1365.jpg 2048w\" sizes=\"auto, (max-width: 2560px) 100vw, 2560px\" \/><\/figure>\n\n\n\n<figure class=\"wp-block-image size-full\"><img loading=\"lazy\" decoding=\"async\" width=\"2560\" height=\"1707\" data-id=\"2049\" src=\"https:\/\/hi-techwonder.com\/wp-content\/themes\/woodmart\/images\/lazy.svg\" data-src=\"https:\/\/hi-techwonder.com\/wp-content\/uploads\/2025\/06\/NZ8_8024-scaled.jpg\" alt=\"\" class=\"wp-image-2049\" srcset=\"\" data-srcset=\"https:\/\/hi-techwonder.com\/wp-content\/uploads\/2025\/06\/NZ8_8024-scaled.jpg 2560w, https:\/\/hi-techwonder.com\/wp-content\/uploads\/2025\/06\/NZ8_8024-scaled-150x100.jpg 150w, https:\/\/hi-techwonder.com\/wp-content\/uploads\/2025\/06\/NZ8_8024-scaled-1200x800.jpg 1200w, https:\/\/hi-techwonder.com\/wp-content\/uploads\/2025\/06\/NZ8_8024-300x200.jpg 300w, https:\/\/hi-techwonder.com\/wp-content\/uploads\/2025\/06\/NZ8_8024-1024x683.jpg 1024w, https:\/\/hi-techwonder.com\/wp-content\/uploads\/2025\/06\/NZ8_8024-768x512.jpg 768w, https:\/\/hi-techwonder.com\/wp-content\/uploads\/2025\/06\/NZ8_8024-1536x1024.jpg 1536w, https:\/\/hi-techwonder.com\/wp-content\/uploads\/2025\/06\/NZ8_8024-2048x1365.jpg 2048w\" sizes=\"auto, (max-width: 2560px) 100vw, 2560px\" \/><\/figure>\n\n\n\n<figure class=\"wp-block-image size-full\"><img loading=\"lazy\" decoding=\"async\" width=\"2560\" height=\"1856\" data-id=\"2041\" src=\"https:\/\/hi-techwonder.com\/wp-content\/themes\/woodmart\/images\/lazy.svg\" data-src=\"https:\/\/hi-techwonder.com\/wp-content\/uploads\/2025\/06\/NZ8_8026-scaled.jpg\" alt=\"\" class=\"wp-image-2041\" srcset=\"\" data-srcset=\"https:\/\/hi-techwonder.com\/wp-content\/uploads\/2025\/06\/NZ8_8026-scaled.jpg 2560w, https:\/\/hi-techwonder.com\/wp-content\/uploads\/2025\/06\/NZ8_8026-scaled-150x109.jpg 150w, https:\/\/hi-techwonder.com\/wp-content\/uploads\/2025\/06\/NZ8_8026-scaled-1200x870.jpg 1200w, https:\/\/hi-techwonder.com\/wp-content\/uploads\/2025\/06\/NZ8_8026-300x218.jpg 300w, https:\/\/hi-techwonder.com\/wp-content\/uploads\/2025\/06\/NZ8_8026-1024x743.jpg 1024w, https:\/\/hi-techwonder.com\/wp-content\/uploads\/2025\/06\/NZ8_8026-768x557.jpg 768w, https:\/\/hi-techwonder.com\/wp-content\/uploads\/2025\/06\/NZ8_8026-1536x1114.jpg 1536w, https:\/\/hi-techwonder.com\/wp-content\/uploads\/2025\/06\/NZ8_8026-2048x1485.jpg 2048w\" sizes=\"auto, (max-width: 2560px) 100vw, 2560px\" \/><\/figure>\n\n\n\n<figure class=\"wp-block-image size-full\"><img loading=\"lazy\" decoding=\"async\" width=\"2560\" height=\"1707\" data-id=\"2043\" src=\"https:\/\/hi-techwonder.com\/wp-content\/themes\/woodmart\/images\/lazy.svg\" data-src=\"https:\/\/hi-techwonder.com\/wp-content\/uploads\/2025\/06\/NZ8_8025-scaled.jpg\" alt=\"\" class=\"wp-image-2043\" srcset=\"\" data-srcset=\"https:\/\/hi-techwonder.com\/wp-content\/uploads\/2025\/06\/NZ8_8025-scaled.jpg 2560w, https:\/\/hi-techwonder.com\/wp-content\/uploads\/2025\/06\/NZ8_8025-scaled-150x100.jpg 150w, https:\/\/hi-techwonder.com\/wp-content\/uploads\/2025\/06\/NZ8_8025-scaled-1200x800.jpg 1200w, https:\/\/hi-techwonder.com\/wp-content\/uploads\/2025\/06\/NZ8_8025-300x200.jpg 300w, https:\/\/hi-techwonder.com\/wp-content\/uploads\/2025\/06\/NZ8_8025-1024x683.jpg 1024w, https:\/\/hi-techwonder.com\/wp-content\/uploads\/2025\/06\/NZ8_8025-768x512.jpg 768w, https:\/\/hi-techwonder.com\/wp-content\/uploads\/2025\/06\/NZ8_8025-1536x1024.jpg 1536w, https:\/\/hi-techwonder.com\/wp-content\/uploads\/2025\/06\/NZ8_8025-2048x1365.jpg 2048w\" sizes=\"auto, (max-width: 2560px) 100vw, 2560px\" \/><\/figure>\n\n\n\n<figure class=\"wp-block-image size-full\"><img loading=\"lazy\" decoding=\"async\" width=\"2560\" height=\"1707\" data-id=\"2045\" src=\"https:\/\/hi-techwonder.com\/wp-content\/themes\/woodmart\/images\/lazy.svg\" data-src=\"https:\/\/hi-techwonder.com\/wp-content\/uploads\/2025\/06\/NZ8_8027-scaled.jpg\" alt=\"\" class=\"wp-image-2045\" srcset=\"\" data-srcset=\"https:\/\/hi-techwonder.com\/wp-content\/uploads\/2025\/06\/NZ8_8027-scaled.jpg 2560w, https:\/\/hi-techwonder.com\/wp-content\/uploads\/2025\/06\/NZ8_8027-scaled-150x100.jpg 150w, https:\/\/hi-techwonder.com\/wp-content\/uploads\/2025\/06\/NZ8_8027-scaled-1200x800.jpg 1200w, https:\/\/hi-techwonder.com\/wp-content\/uploads\/2025\/06\/NZ8_8027-300x200.jpg 300w, https:\/\/hi-techwonder.com\/wp-content\/uploads\/2025\/06\/NZ8_8027-1024x683.jpg 1024w, https:\/\/hi-techwonder.com\/wp-content\/uploads\/2025\/06\/NZ8_8027-768x512.jpg 768w, https:\/\/hi-techwonder.com\/wp-content\/uploads\/2025\/06\/NZ8_8027-1536x1024.jpg 1536w, https:\/\/hi-techwonder.com\/wp-content\/uploads\/2025\/06\/NZ8_8027-2048x1365.jpg 2048w\" sizes=\"auto, (max-width: 2560px) 100vw, 2560px\" \/><\/figure>\n<\/figure>\n\n\n\n<p class=\"has-black-color has-text-color has-link-color has-small-font-size wp-elements-fda5219e57c5e39af04793b491c56396\"><\/p>\n","protected":false},"excerpt":{"rendered":"","protected":false},"author":2,"featured_media":0,"parent":0,"menu_order":0,"comment_status":"closed","ping_status":"closed","template":"","meta":{"_acf_changed":false,"footnotes":""},"class_list":["post-7606","page","type-page","status-publish","hentry"],"acf":[],"_links":{"self":[{"href":"https:\/\/hi-techwonder.com\/es\/wp-json\/wp\/v2\/pages\/7606","targetHints":{"allow":["GET"]}}],"collection":[{"href":"https:\/\/hi-techwonder.com\/es\/wp-json\/wp\/v2\/pages"}],"about":[{"href":"https:\/\/hi-techwonder.com\/es\/wp-json\/wp\/v2\/types\/page"}],"author":[{"embeddable":true,"href":"https:\/\/hi-techwonder.com\/es\/wp-json\/wp\/v2\/users\/2"}],"replies":[{"embeddable":true,"href":"https:\/\/hi-techwonder.com\/es\/wp-json\/wp\/v2\/comments?post=7606"}],"version-history":[{"count":18,"href":"https:\/\/hi-techwonder.com\/es\/wp-json\/wp\/v2\/pages\/7606\/revisions"}],"predecessor-version":[{"id":76877,"href":"https:\/\/hi-techwonder.com\/es\/wp-json\/wp\/v2\/pages\/7606\/revisions\/76877"}],"wp:attachment":[{"href":"https:\/\/hi-techwonder.com\/es\/wp-json\/wp\/v2\/media?parent=7606"}],"curies":[{"name":"wp","href":"https:\/\/api.w.org\/{rel}","templated":true}]}}