{"id":7756,"date":"2025-05-08T20:20:02","date_gmt":"2025-05-08T20:20:02","guid":{"rendered":"https:\/\/fv6qoy3ls0.wpdns.site\/taxfree\/"},"modified":"2025-07-21T17:11:57","modified_gmt":"2025-07-21T17:11:57","slug":"taxfree","status":"publish","type":"page","link":"https:\/\/hi-techwonder.com\/es\/taxfree\/","title":{"rendered":"TAXFREE"},"content":{"rendered":"\n<figure class=\"wp-block-image size-full\"><img loading=\"lazy\" decoding=\"async\" width=\"169\" height=\"240\" src=\"https:\/\/hi-techwonder.com\/wp-content\/themes\/woodmart\/images\/lazy.svg\" data-src=\"https:\/\/hi-techwonder.com\/wp-content\/uploads\/2025\/05\/taxfree.jpg\" alt=\"\" class=\"wp-image-1715\" srcset=\"\" data-srcset=\"https:\/\/hi-techwonder.com\/wp-content\/uploads\/2025\/05\/taxfree.jpg 169w, https:\/\/hi-techwonder.com\/wp-content\/uploads\/2025\/05\/taxfree-150x213.jpg 150w\" sizes=\"auto, (max-width: 169px) 100vw, 169px\" \/><\/figure>\n\n\n\n<p id=\"wd-c10c86f0\" class=\"wp-block-wd-paragraph\">Para poder beneficiarse de la compra Tax Free, el cliente\/turista debe cumplir obligatoriamente los siguientes requisitos:<\/p>\n\n\n\n<ul id=\"wd-83826c97\" class=\"wp-block-wd-list wd-list wd-type-unordered wd-style-default\">\n<li id=\"wd-caf6d02f\" class=\"wp-block-wd-list-item\"><div class=\"wd-icon\"><\/div><span class=\"wd-list-content\">Realizar la compra a t\u00edtulo particular (no es aplicable a empresas ni sociedades).<\/span><\/li>\n<\/ul>\n\n\n\n<ul id=\"wd-ac6c4a2e\" class=\"wp-block-wd-list wd-list wd-type-unordered wd-style-default\">\n<li id=\"wd-464eb989\" class=\"wp-block-wd-list-item\"><div class=\"wd-icon\"><\/div><span class=\"wd-list-content\">Tener residencia fiscal fuera de la Uni\u00f3n Europea.<\/span><\/li>\n<\/ul>\n\n\n\n<ul id=\"wd-d4f573b1\" class=\"wp-block-wd-list wd-list wd-type-unordered wd-style-default\">\n<li id=\"wd-daeff7d0\" class=\"wp-block-wd-list-item\"><div class=\"wd-icon\"><\/div><span class=\"wd-list-content\">Realizar un <strong>gasto m\u00ednimo de 250 \u20ac<\/strong> por factura. Nos reservamos el derecho de rechazar la emisi\u00f3n de Tax Free para importes inferiores.<\/span><\/li>\n<\/ul>\n\n\n\n<ul id=\"wd-86542ef6\" class=\"wp-block-wd-list wd-list wd-type-unordered wd-style-default\">\n<li id=\"wd-5af902cf\" class=\"wp-block-wd-list-item\"><div class=\"wd-icon\"><\/div><span class=\"wd-list-content\">Abandonar la Uni\u00f3n Europea con los bienes adquiridos en su equipaje personal antes de que finalice <strong>el tercer mes siguiente a la fecha de compra<\/strong>.<\/span><\/li>\n<\/ul>\n\n\n\n<p id=\"wd-bdcf9730\" class=\"wp-block-wd-paragraph\">Si cumples con los requisitos mencionados, deber\u00e1s facilitarnos, <strong>antes de la emisi\u00f3n de la factura y obligatoriamente por escrito y de forma legible<\/strong>, la siguiente informaci\u00f3n:<\/p>\n\n\n\n<ul id=\"wd-52b40d1a\" class=\"wp-block-wd-list wd-list wd-type-unordered wd-style-default\">\n<li id=\"wd-49d32c59\" class=\"wp-block-wd-list-item\"><div class=\"wd-icon\"><\/div><span class=\"wd-list-content\"><strong>Nombre completo.<\/strong><\/span><\/li>\n<\/ul>\n\n\n\n<ul id=\"wd-c522f66c\" class=\"wp-block-wd-list wd-list wd-type-unordered wd-style-default\">\n<li id=\"wd-6968415d\" class=\"wp-block-wd-list-item\"><div class=\"wd-icon\"><\/div><span class=\"wd-list-content\"><strong>Direcci\u00f3n (fuera de la UE).<\/strong><\/span><\/li>\n<\/ul>\n\n\n\n<ul id=\"wd-9c5cc2ac\" class=\"wp-block-wd-list wd-list wd-type-unordered wd-style-default\">\n<li id=\"wd-c55e07f0\" class=\"wp-block-wd-list-item\"><div class=\"wd-icon\"><\/div><span class=\"wd-list-content\"><strong>N\u00famero de pasaporte.<\/strong><\/span><\/li>\n<\/ul>\n\n\n\n<ul id=\"wd-da4d676e\" class=\"wp-block-wd-list wd-list wd-type-unordered wd-style-default\">\n<li id=\"wd-f858284b\" class=\"wp-block-wd-list-item\"><div class=\"wd-icon\"><\/div><span class=\"wd-list-content\"><strong>Pa\u00eds emisor del pasaporte.<\/strong><\/span><\/li>\n<\/ul>\n\n\n\n<ul id=\"wd-6be51c96\" class=\"wp-block-wd-list wd-list wd-type-unordered wd-style-default\">\n<li id=\"wd-8f23b5c2\" class=\"wp-block-wd-list-item\"><div class=\"wd-icon\"><\/div><span class=\"wd-list-content\"><strong>Fecha de nacimiento.<\/strong><\/span><\/li>\n<\/ul>\n\n\n\n<p id=\"wd-27592d05\" class=\"wp-block-wd-paragraph\">Si realizas la compra online, deber\u00e1s introducir correctamente los datos de facturaci\u00f3n (nombre completo y direcci\u00f3n fuera de la UE del viajero). Tras completar el pedido, deber\u00e1s enviarnos un email indicando que solicitas Tax Free y facilitando toda la informaci\u00f3n requerida para la emisi\u00f3n del documento correspondiente.<br>La correcta introducci\u00f3n y suministro de estos datos es responsabilidad exclusiva del cliente, por lo que Hi-Techwonder no se hace responsable de posibles errores o problemas derivados de ello.<\/p>\n\n\n\n<p id=\"wd-b1ade20d\" class=\"wp-block-wd-paragraph\">Si no realizas la compra online y te diriges directamente a nuestra tienda f\u00edsica, para agilizar el proceso te recomendamos registrarte previamente en la siguiente aplicaci\u00f3n y facilitarnos tu \u201cPremier Pass ID\u201d resultante del registro en el momento de la compra:<br>https:\/\/www.planetpayment.com\/en\/shoppers\/<\/p>\n\n\n\n<p id=\"wd-4938cda9\" class=\"wp-block-wd-paragraph\">Al igual que en el caso anterior, la informaci\u00f3n proporcionada es responsabilidad exclusiva del cliente.<\/p>\n","protected":false},"excerpt":{"rendered":"","protected":false},"author":1,"featured_media":0,"parent":0,"menu_order":0,"comment_status":"closed","ping_status":"closed","template":"","meta":{"_acf_changed":false,"footnotes":"[]"},"class_list":["post-7756","page","type-page","status-publish","hentry"],"acf":[],"_links":{"self":[{"href":"https:\/\/hi-techwonder.com\/es\/wp-json\/wp\/v2\/pages\/7756","targetHints":{"allow":["GET"]}}],"collection":[{"href":"https:\/\/hi-techwonder.com\/es\/wp-json\/wp\/v2\/pages"}],"about":[{"href":"https:\/\/hi-techwonder.com\/es\/wp-json\/wp\/v2\/types\/page"}],"author":[{"embeddable":true,"href":"https:\/\/hi-techwonder.com\/es\/wp-json\/wp\/v2\/users\/1"}],"replies":[{"embeddable":true,"href":"https:\/\/hi-techwonder.com\/es\/wp-json\/wp\/v2\/comments?post=7756"}],"version-history":[{"count":2,"href":"https:\/\/hi-techwonder.com\/es\/wp-json\/wp\/v2\/pages\/7756\/revisions"}],"predecessor-version":[{"id":7760,"href":"https:\/\/hi-techwonder.com\/es\/wp-json\/wp\/v2\/pages\/7756\/revisions\/7760"}],"wp:attachment":[{"href":"https:\/\/hi-techwonder.com\/es\/wp-json\/wp\/v2\/media?parent=7756"}],"curies":[{"name":"wp","href":"https:\/\/api.w.org\/{rel}","templated":true}]}}