{"id":7765,"date":"2025-05-09T13:24:57","date_gmt":"2025-05-09T13:24:57","guid":{"rendered":"https:\/\/fv6qoy3ls0.wpdns.site\/workshop\/"},"modified":"2025-08-21T15:20:02","modified_gmt":"2025-08-21T15:20:02","slug":"talleres","status":"publish","type":"page","link":"https:\/\/hi-techwonder.com\/es\/talleres\/","title":{"rendered":"Tallers"},"content":{"rendered":"\n<h2 id=\"wd-6ae79d5f\" class=\"wp-block-wd-title title\">Tallers<\/h2>\n\n\n\n\n\t\t\t<div id=\"wd-5f7cefa3\" class=\"wd-products-element\">\n\t\t\t\n\t\t\n\t\t\t\t\t<div class=\"products wd-products  grid-columns-4 elements-grid wd-grid-g title-line-one wd-stretch-cont-lg\" data-paged=\"1\" data-atts=\"{&quot;speed&quot;:5000,&quot;wrap&quot;:&quot;no&quot;,&quot;hide_pagination_control_tablet&quot;:&quot;no&quot;,&quot;hide_pagination_control_mobile&quot;:&quot;no&quot;,&quot;hide_prev_next_buttons&quot;:&quot;no&quot;,&quot;hide_prev_next_buttons_tablet&quot;:&quot;no&quot;,&quot;hide_prev_next_buttons_mobile&quot;:&quot;no&quot;,&quot;spacing&quot;:&quot;20&quot;,&quot;taxonomies&quot;:&quot;133&quot;,&quot;items_per_page&quot;:&quot;12&quot;,&quot;orderby&quot;:&quot;date&quot;,&quot;order&quot;:&quot;DESC&quot;,&quot;img_size&quot;:&quot;woocommerce_single&quot;,&quot;products_different_sizes&quot;:&quot;disable&quot;,&quot;el_id&quot;:&quot;wd-5f7cefa3&quot;,&quot;force_not_ajax&quot;:&quot;no&quot;}\" data-source=\"shortcode\" data-columns=\"4\" data-grid-gallery=\"{&quot;grid_gallery&quot;:&quot;1&quot;,&quot;grid_gallery_control&quot;:&quot;hover&quot;,&quot;grid_gallery_enable_arrows&quot;:&quot;none&quot;}\" style=\"--wd-col-lg:4;--wd-col-md:4;--wd-col-sm:2;--wd-gap-lg:20px;--wd-gap-sm:10px;\">\n\t\t\t<div class=\"wd-product wd-with-labels wd-hover-button wd-col product-grid-item product type-product post-75718 status-publish outofstock product_cat-talleres has-post-thumbnail taxable shipping-taxable purchasable product-type-simple\" data-loop=\"1\" data-id=\"75718\">\n\t\n\t\n<div class=\"product-wrapper\">\n\t<div class=\"product-element-top wd-quick-shop\">\n\t\t<a href=\"https:\/\/hi-techwonder.com\/es\/producto\/workshop-taller-fotografia-y-video-de-producto-con-leonardo-viegas\/\" class=\"product-image-link\" tabindex=\"-1\" aria-label=\"TALLER Fotograf\u00eda y video de producto con Leonardo Viegas\">\n\t\t\t<img loading=\"lazy\" decoding=\"async\" width=\"1080\" height=\"1350\" src=\"https:\/\/hi-techwonder.com\/wp-content\/uploads\/2025\/07\/POST-WORKSHOP-Fotografia-e-Video-de-Produto-Leonardo-Viegas.jpg\" class=\"attachment-woocommerce_single size-woocommerce_single\" alt=\"Cartaz de Divulga\u00e7\u00e3o do Workshop de Fotografia e V\u00eddeo de Produto com Leonardo Viegas, com informa\u00e7\u00f5es.\" srcset=\"https:\/\/hi-techwonder.com\/wp-content\/uploads\/2025\/07\/POST-WORKSHOP-Fotografia-e-Video-de-Produto-Leonardo-Viegas.jpg 1080w, https:\/\/hi-techwonder.com\/wp-content\/uploads\/2025\/07\/POST-WORKSHOP-Fotografia-e-Video-de-Produto-Leonardo-Viegas-240x300.jpg 240w, https:\/\/hi-techwonder.com\/wp-content\/uploads\/2025\/07\/POST-WORKSHOP-Fotografia-e-Video-de-Produto-Leonardo-Viegas-819x1024.jpg 819w, https:\/\/hi-techwonder.com\/wp-content\/uploads\/2025\/07\/POST-WORKSHOP-Fotografia-e-Video-de-Produto-Leonardo-Viegas-768x960.jpg 768w, https:\/\/hi-techwonder.com\/wp-content\/uploads\/2025\/07\/POST-WORKSHOP-Fotografia-e-Video-de-Produto-Leonardo-Viegas-150x188.jpg 150w\" sizes=\"auto, (max-width: 1080px) 100vw, 1080px\" \/>\t\t<\/a>\n\n\t\t\n\t\t<div class=\"wd-add-btn wd-add-btn-replace\">\n\t\t\t<a href=\"https:\/\/hi-techwonder.com\/es\/producto\/workshop-taller-fotografia-y-video-de-producto-con-leonardo-viegas\/\" aria-describedby=\"woocommerce_loop_add_to_cart_link_describedby_75718\" data-quantity=\"1\" class=\"button product_type_simple add-to-cart-loop\" data-product_id=\"75718\" data-product_sku=\"workshop-22850\" aria-label=\"Read more about &ldquo;TALLER Fotograf\u00eda y video de producto con Leonardo Viegas&rdquo;\" rel=\"nofollow\" data-success_message=\"\"><span>Leer m\u00e1s<\/span><\/a>\t<span id=\"woocommerce_loop_add_to_cart_link_describedby_75718\" class=\"screen-reader-text\">\n\t\t\t<\/span>\n\t\t<\/div>\n\n\t\t<div class=\"wd-buttons wd-pos-r-t\">\n\t\t\t\t\t\t\t\t\t\t\t<div class=\"quick-view wd-action-btn wd-style-icon wd-quick-view-icon\">\n\t\t\t<a\n\t\t\t\thref=\"https:\/\/hi-techwonder.com\/es\/producto\/workshop-taller-fotografia-y-video-de-producto-con-leonardo-viegas\/\"\n\t\t\t\tclass=\"open-quick-view quick-view-button\"\n\t\t\t\trel=\"nofollow\"\n\t\t\t\tdata-id=\"75718\"\n\t\t\t\t>Quick view<\/a>\n\t\t<\/div>\n\t\t\t\t\t\t\t\t<div class=\"wd-wishlist-btn wd-action-btn wd-style-icon wd-wishlist-icon\">\n\t\t\t\t<a class=\"\" href=\"https:\/\/hi-techwonder.com\/es\/lista-de-deseos\/\" data-key=\"2b3642ddd0\" data-product-id=\"21663\" rel=\"nofollow\" data-added-text=\"Browse wishlist\">\n\t\t\t\t\t<span class=\"wd-added-icon\"><\/span>\n\t\t\t\t\t<span class=\"wd-action-text\">Favoritos<\/span>\n\t\t\t\t<\/a>\n\t\t\t<\/div>\n\t\t\t\t<\/div>\n\t<\/div>\n\t\t<div class=\"product-element-bottom\">\n\t\t\t\t\t<h3 class=\"wd-entities-title\"><a href=\"https:\/\/hi-techwonder.com\/es\/producto\/workshop-taller-fotografia-y-video-de-producto-con-leonardo-viegas\/\">TALLER Fotograf\u00eda y video de producto con Leonardo Viegas<\/a><\/h3>\t\t\t\t\t<p class=\"wd-product-stock stock wd-style-default out-of-stock\">\n                <span>\n                    Agotado                <\/span>\n            <\/p>\n\t\t\t\t\t\t\n\t<span class=\"price\"><span class=\"woocommerce-Price-amount amount\"><bdi>30,00&nbsp;<span class=\"woocommerce-Price-currencySymbol\">&euro;<\/span><\/bdi><\/span><\/span>\n\n\t\t\n\t\t\n\t\t\t\t<\/div>\n\t<\/div>\n<\/div>\n<div class=\"wd-product wd-with-labels wd-hover-button wd-col product-grid-item product type-product post-75716 status-publish outofstock product_cat-talleres has-post-thumbnail taxable shipping-taxable purchasable product-type-simple\" data-loop=\"2\" data-id=\"75716\">\n\t\n\t\n<div class=\"product-wrapper\">\n\t<div class=\"product-element-top wd-quick-shop\">\n\t\t<a href=\"https:\/\/hi-techwonder.com\/es\/producto\/workshop-taller-fotografia-de-aves-con-egoitz-icaza-y-om-system\/\" class=\"product-image-link\" tabindex=\"-1\" aria-label=\"TALLER Fotograf\u00eda de aves con Egoitz Icaza y OM System\">\n\t\t\t<img loading=\"lazy\" decoding=\"async\" width=\"1080\" height=\"1350\" src=\"https:\/\/hi-techwonder.com\/wp-content\/uploads\/2025\/07\/POST-WORKSHOP-Fotografia-de-Aves-com-Egoitz-Icaza-e-OM-System-1080x1350px.jpg\" class=\"attachment-woocommerce_single size-woocommerce_single\" alt=\"Cartaz de Divulga\u00e7\u00e3o do Workshop de Fotografia de Aves com Egoitz Icaza e OM System, com informa\u00e7\u00f5es do evento.\" srcset=\"https:\/\/hi-techwonder.com\/wp-content\/uploads\/2025\/07\/POST-WORKSHOP-Fotografia-de-Aves-com-Egoitz-Icaza-e-OM-System-1080x1350px.jpg 1080w, https:\/\/hi-techwonder.com\/wp-content\/uploads\/2025\/07\/POST-WORKSHOP-Fotografia-de-Aves-com-Egoitz-Icaza-e-OM-System-1080x1350px-240x300.jpg 240w, https:\/\/hi-techwonder.com\/wp-content\/uploads\/2025\/07\/POST-WORKSHOP-Fotografia-de-Aves-com-Egoitz-Icaza-e-OM-System-1080x1350px-819x1024.jpg 819w, https:\/\/hi-techwonder.com\/wp-content\/uploads\/2025\/07\/POST-WORKSHOP-Fotografia-de-Aves-com-Egoitz-Icaza-e-OM-System-1080x1350px-768x960.jpg 768w, https:\/\/hi-techwonder.com\/wp-content\/uploads\/2025\/07\/POST-WORKSHOP-Fotografia-de-Aves-com-Egoitz-Icaza-e-OM-System-1080x1350px-150x188.jpg 150w\" sizes=\"auto, (max-width: 1080px) 100vw, 1080px\" \/>\t\t<\/a>\n\n\t\t\n\t\t<div class=\"wd-add-btn wd-add-btn-replace\">\n\t\t\t<a href=\"https:\/\/hi-techwonder.com\/es\/producto\/workshop-taller-fotografia-de-aves-con-egoitz-icaza-y-om-system\/\" aria-describedby=\"woocommerce_loop_add_to_cart_link_describedby_75716\" data-quantity=\"1\" class=\"button product_type_simple add-to-cart-loop\" data-product_id=\"75716\" data-product_sku=\"workshop-22724\" aria-label=\"Read more about &ldquo;TALLER Fotograf\u00eda de aves con Egoitz Icaza y OM System&rdquo;\" rel=\"nofollow\" data-success_message=\"\"><span>Leer m\u00e1s<\/span><\/a>\t<span id=\"woocommerce_loop_add_to_cart_link_describedby_75716\" class=\"screen-reader-text\">\n\t\t\t<\/span>\n\t\t<\/div>\n\n\t\t<div class=\"wd-buttons wd-pos-r-t\">\n\t\t\t\t\t\t\t\t\t\t\t<div class=\"quick-view wd-action-btn wd-style-icon wd-quick-view-icon\">\n\t\t\t<a\n\t\t\t\thref=\"https:\/\/hi-techwonder.com\/es\/producto\/workshop-taller-fotografia-de-aves-con-egoitz-icaza-y-om-system\/\"\n\t\t\t\tclass=\"open-quick-view quick-view-button\"\n\t\t\t\trel=\"nofollow\"\n\t\t\t\tdata-id=\"75716\"\n\t\t\t\t>Quick view<\/a>\n\t\t<\/div>\n\t\t\t\t\t\t\t\t<div class=\"wd-wishlist-btn wd-action-btn wd-style-icon wd-wishlist-icon\">\n\t\t\t\t<a class=\"\" href=\"https:\/\/hi-techwonder.com\/es\/lista-de-deseos\/\" data-key=\"2b3642ddd0\" data-product-id=\"21660\" rel=\"nofollow\" data-added-text=\"Browse wishlist\">\n\t\t\t\t\t<span class=\"wd-added-icon\"><\/span>\n\t\t\t\t\t<span class=\"wd-action-text\">Favoritos<\/span>\n\t\t\t\t<\/a>\n\t\t\t<\/div>\n\t\t\t\t<\/div>\n\t<\/div>\n\t\t<div class=\"product-element-bottom\">\n\t\t\t\t\t<h3 class=\"wd-entities-title\"><a href=\"https:\/\/hi-techwonder.com\/es\/producto\/workshop-taller-fotografia-de-aves-con-egoitz-icaza-y-om-system\/\">TALLER Fotograf\u00eda de aves con Egoitz Icaza y OM System<\/a><\/h3>\t\t\t\t\t<p class=\"wd-product-stock stock wd-style-default out-of-stock\">\n                <span>\n                    Agotado                <\/span>\n            <\/p>\n\t\t\t\t\t\t\n\t<span class=\"price\"><span class=\"woocommerce-Price-amount amount\"><bdi>25,00&nbsp;<span class=\"woocommerce-Price-currencySymbol\">&euro;<\/span><\/bdi><\/span><\/span>\n\n\t\t\n\t\t\n\t\t\t\t<\/div>\n\t<\/div>\n<\/div>\n<div class=\"wd-product wd-with-labels wd-hover-button wd-col product-grid-item product type-product post-75720 status-publish last outofstock product_cat-talleres has-post-thumbnail taxable shipping-taxable purchasable product-type-simple\" data-loop=\"3\" data-id=\"75720\">\n\t\n\t\n<div class=\"product-wrapper\">\n\t<div class=\"product-element-top wd-quick-shop\">\n\t\t<a href=\"https:\/\/hi-techwonder.com\/es\/producto\/workshop-taller-fotografia-y-videografia-aerea-con-alexandre-balas\/\" class=\"product-image-link\" tabindex=\"-1\" aria-label=\"TALLER Fotograf\u00eda y Videograf\u00eda A\u00e9rea con Alexandre Balas\">\n\t\t\t<img loading=\"lazy\" decoding=\"async\" width=\"1080\" height=\"1350\" src=\"https:\/\/hi-techwonder.com\/wp-content\/uploads\/2025\/07\/POST2-Workshop-Fotografia-e-Videografia-Aerea-2024-c-Alexandre-Balas_1080x1350px.jpg\" class=\"attachment-woocommerce_single size-woocommerce_single\" alt=\"Cartaz de Divulga\u00e7\u00e3o do Workshop de Fotografia e Videografia A\u00e9rea com Alexandre Balas, com informa\u00e7\u00f5es do evento.\" srcset=\"https:\/\/hi-techwonder.com\/wp-content\/uploads\/2025\/07\/POST2-Workshop-Fotografia-e-Videografia-Aerea-2024-c-Alexandre-Balas_1080x1350px.jpg 1080w, https:\/\/hi-techwonder.com\/wp-content\/uploads\/2025\/07\/POST2-Workshop-Fotografia-e-Videografia-Aerea-2024-c-Alexandre-Balas_1080x1350px-240x300.jpg 240w, https:\/\/hi-techwonder.com\/wp-content\/uploads\/2025\/07\/POST2-Workshop-Fotografia-e-Videografia-Aerea-2024-c-Alexandre-Balas_1080x1350px-819x1024.jpg 819w, https:\/\/hi-techwonder.com\/wp-content\/uploads\/2025\/07\/POST2-Workshop-Fotografia-e-Videografia-Aerea-2024-c-Alexandre-Balas_1080x1350px-768x960.jpg 768w, https:\/\/hi-techwonder.com\/wp-content\/uploads\/2025\/07\/POST2-Workshop-Fotografia-e-Videografia-Aerea-2024-c-Alexandre-Balas_1080x1350px-150x188.jpg 150w\" sizes=\"auto, (max-width: 1080px) 100vw, 1080px\" \/>\t\t<\/a>\n\n\t\t\n\t\t<div class=\"wd-add-btn wd-add-btn-replace\">\n\t\t\t<a href=\"https:\/\/hi-techwonder.com\/es\/producto\/workshop-taller-fotografia-y-videografia-aerea-con-alexandre-balas\/\" aria-describedby=\"woocommerce_loop_add_to_cart_link_describedby_75720\" data-quantity=\"1\" class=\"button product_type_simple add-to-cart-loop\" data-product_id=\"75720\" data-product_sku=\"workshop-21525\" aria-label=\"Read more about &ldquo;TALLER Fotograf\u00eda y Videograf\u00eda A\u00e9rea con Alexandre Balas&rdquo;\" rel=\"nofollow\" data-success_message=\"\"><span>Leer m\u00e1s<\/span><\/a>\t<span id=\"woocommerce_loop_add_to_cart_link_describedby_75720\" class=\"screen-reader-text\">\n\t\t\t<\/span>\n\t\t<\/div>\n\n\t\t<div class=\"wd-buttons wd-pos-r-t\">\n\t\t\t\t\t\t\t\t\t\t\t<div class=\"quick-view wd-action-btn wd-style-icon wd-quick-view-icon\">\n\t\t\t<a\n\t\t\t\thref=\"https:\/\/hi-techwonder.com\/es\/producto\/workshop-taller-fotografia-y-videografia-aerea-con-alexandre-balas\/\"\n\t\t\t\tclass=\"open-quick-view quick-view-button\"\n\t\t\t\trel=\"nofollow\"\n\t\t\t\tdata-id=\"75720\"\n\t\t\t\t>Quick view<\/a>\n\t\t<\/div>\n\t\t\t\t\t\t\t\t<div class=\"wd-wishlist-btn wd-action-btn wd-style-icon wd-wishlist-icon\">\n\t\t\t\t<a class=\"\" href=\"https:\/\/hi-techwonder.com\/es\/lista-de-deseos\/\" data-key=\"2b3642ddd0\" data-product-id=\"21651\" rel=\"nofollow\" data-added-text=\"Browse wishlist\">\n\t\t\t\t\t<span class=\"wd-added-icon\"><\/span>\n\t\t\t\t\t<span class=\"wd-action-text\">Favoritos<\/span>\n\t\t\t\t<\/a>\n\t\t\t<\/div>\n\t\t\t\t<\/div>\n\t<\/div>\n\t\t<div class=\"product-element-bottom\">\n\t\t\t\t\t<h3 class=\"wd-entities-title\"><a href=\"https:\/\/hi-techwonder.com\/es\/producto\/workshop-taller-fotografia-y-videografia-aerea-con-alexandre-balas\/\">TALLER Fotograf\u00eda y Videograf\u00eda A\u00e9rea con Alexandre Balas<\/a><\/h3>\t\t\t\t\t<p class=\"wd-product-stock stock wd-style-default out-of-stock\">\n                <span>\n                    Agotado                <\/span>\n            <\/p>\n\t\t\t\t\t\t\n\t<span class=\"price\"><span class=\"woocommerce-Price-amount amount\"><bdi>75,00&nbsp;<span class=\"woocommerce-Price-currencySymbol\">&euro;<\/span><\/bdi><\/span><\/span>\n\n\t\t\n\t\t\n\t\t\t\t<\/div>\n\t<\/div>\n<\/div>\n<div class=\"wd-product wd-with-labels wd-hover-button wd-col product-grid-item product type-product post-75719 status-publish first outofstock product_cat-talleres has-post-thumbnail taxable shipping-taxable purchasable product-type-simple\" data-loop=\"4\" data-id=\"75719\">\n\t\n\t\n<div class=\"product-wrapper\">\n\t<div class=\"product-element-top wd-quick-shop\">\n\t\t<a href=\"https:\/\/hi-techwonder.com\/es\/producto\/workshop-taller-fotografia-de-aves-con-jose-frade-evoa-sin-almuerzo\/\" class=\"product-image-link\" tabindex=\"-1\" aria-label=\"TALLER Fotograf\u00eda de aves con Jos\u00e9 Frade &#8211; EVOA (sin almuerzo)\">\n\t\t\t<img loading=\"lazy\" decoding=\"async\" width=\"1080\" height=\"1350\" src=\"https:\/\/hi-techwonder.com\/wp-content\/uploads\/2025\/07\/POST2-WORKSHOP-Fotografia-de-Aves-Sem-Almoco_1080x1350px.jpg\" class=\"attachment-woocommerce_single size-woocommerce_single\" alt=\"Cartaz de Divulga\u00e7\u00e3o do Workshop de Fotografia de Aves com Jos\u00e9 Frade, com informa\u00e7\u00f5es do evento.\" srcset=\"https:\/\/hi-techwonder.com\/wp-content\/uploads\/2025\/07\/POST2-WORKSHOP-Fotografia-de-Aves-Sem-Almoco_1080x1350px.jpg 1080w, https:\/\/hi-techwonder.com\/wp-content\/uploads\/2025\/07\/POST2-WORKSHOP-Fotografia-de-Aves-Sem-Almoco_1080x1350px-240x300.jpg 240w, https:\/\/hi-techwonder.com\/wp-content\/uploads\/2025\/07\/POST2-WORKSHOP-Fotografia-de-Aves-Sem-Almoco_1080x1350px-819x1024.jpg 819w, https:\/\/hi-techwonder.com\/wp-content\/uploads\/2025\/07\/POST2-WORKSHOP-Fotografia-de-Aves-Sem-Almoco_1080x1350px-768x960.jpg 768w, https:\/\/hi-techwonder.com\/wp-content\/uploads\/2025\/07\/POST2-WORKSHOP-Fotografia-de-Aves-Sem-Almoco_1080x1350px-150x188.jpg 150w\" sizes=\"auto, (max-width: 1080px) 100vw, 1080px\" \/>\t\t<\/a>\n\n\t\t\n\t\t<div class=\"wd-add-btn wd-add-btn-replace\">\n\t\t\t<a href=\"https:\/\/hi-techwonder.com\/es\/producto\/workshop-taller-fotografia-de-aves-con-jose-frade-evoa-sin-almuerzo\/\" aria-describedby=\"woocommerce_loop_add_to_cart_link_describedby_75719\" data-quantity=\"1\" class=\"button product_type_simple add-to-cart-loop\" data-product_id=\"75719\" data-product_sku=\"workshop-21214\" aria-label=\"Read more about &ldquo;TALLER Fotograf\u00eda de aves con Jos\u00e9 Frade - EVOA (sin almuerzo)&rdquo;\" rel=\"nofollow\" data-success_message=\"\"><span>Leer m\u00e1s<\/span><\/a>\t<span id=\"woocommerce_loop_add_to_cart_link_describedby_75719\" class=\"screen-reader-text\">\n\t\t\t<\/span>\n\t\t<\/div>\n\n\t\t<div class=\"wd-buttons wd-pos-r-t\">\n\t\t\t\t\t\t\t\t\t\t\t<div class=\"quick-view wd-action-btn wd-style-icon wd-quick-view-icon\">\n\t\t\t<a\n\t\t\t\thref=\"https:\/\/hi-techwonder.com\/es\/producto\/workshop-taller-fotografia-de-aves-con-jose-frade-evoa-sin-almuerzo\/\"\n\t\t\t\tclass=\"open-quick-view quick-view-button\"\n\t\t\t\trel=\"nofollow\"\n\t\t\t\tdata-id=\"75719\"\n\t\t\t\t>Quick view<\/a>\n\t\t<\/div>\n\t\t\t\t\t\t\t\t<div class=\"wd-wishlist-btn wd-action-btn wd-style-icon wd-wishlist-icon\">\n\t\t\t\t<a class=\"\" href=\"https:\/\/hi-techwonder.com\/es\/lista-de-deseos\/\" data-key=\"2b3642ddd0\" data-product-id=\"21648\" rel=\"nofollow\" data-added-text=\"Browse wishlist\">\n\t\t\t\t\t<span class=\"wd-added-icon\"><\/span>\n\t\t\t\t\t<span class=\"wd-action-text\">Favoritos<\/span>\n\t\t\t\t<\/a>\n\t\t\t<\/div>\n\t\t\t\t<\/div>\n\t<\/div>\n\t\t<div class=\"product-element-bottom\">\n\t\t\t\t\t<h3 class=\"wd-entities-title\"><a href=\"https:\/\/hi-techwonder.com\/es\/producto\/workshop-taller-fotografia-de-aves-con-jose-frade-evoa-sin-almuerzo\/\">TALLER Fotograf\u00eda de aves con Jos\u00e9 Frade &#8211; EVOA (sin almuerzo)<\/a><\/h3>\t\t\t\t\t<p class=\"wd-product-stock stock wd-style-default out-of-stock\">\n                <span>\n                    Agotado                <\/span>\n            <\/p>\n\t\t\t\t\t\t\n\t<span class=\"price\"><span class=\"woocommerce-Price-amount amount\"><bdi>50,00&nbsp;<span class=\"woocommerce-Price-currencySymbol\">&euro;<\/span><\/bdi><\/span><\/span>\n\n\t\t\n\t\t\n\t\t\t\t<\/div>\n\t<\/div>\n<\/div>\n<div class=\"wd-product wd-with-labels wd-hover-button wd-col product-grid-item product type-product post-75717 status-publish outofstock product_cat-talleres has-post-thumbnail taxable shipping-taxable purchasable product-type-simple\" data-loop=\"5\" data-id=\"75717\">\n\t\n\t\n<div class=\"product-wrapper\">\n\t<div class=\"product-element-top wd-quick-shop\">\n\t\t<a href=\"https:\/\/hi-techwonder.com\/es\/producto\/workshop-masterclass-de-videografia-taller-con-filipe-abreu\/\" class=\"product-image-link\" tabindex=\"-1\" aria-label=\"MasterClass de Videograf\u00eda TALLER con Filipe Abreu\">\n\t\t\t<img loading=\"lazy\" decoding=\"async\" width=\"1080\" height=\"1350\" src=\"https:\/\/hi-techwonder.com\/wp-content\/uploads\/2025\/07\/POST2-WORKSHOP-MasterClass-de-Videografia-com-Filipe-Abreu_1080x1350px.jpg\" class=\"attachment-woocommerce_single size-woocommerce_single\" alt=\"Cartaz de Divulga\u00e7\u00e3o do Workshop MasterClass de Videografia com Filipe Abreu, com informa\u00e7\u00f5es do evento.\" srcset=\"https:\/\/hi-techwonder.com\/wp-content\/uploads\/2025\/07\/POST2-WORKSHOP-MasterClass-de-Videografia-com-Filipe-Abreu_1080x1350px.jpg 1080w, https:\/\/hi-techwonder.com\/wp-content\/uploads\/2025\/07\/POST2-WORKSHOP-MasterClass-de-Videografia-com-Filipe-Abreu_1080x1350px-240x300.jpg 240w, https:\/\/hi-techwonder.com\/wp-content\/uploads\/2025\/07\/POST2-WORKSHOP-MasterClass-de-Videografia-com-Filipe-Abreu_1080x1350px-819x1024.jpg 819w, https:\/\/hi-techwonder.com\/wp-content\/uploads\/2025\/07\/POST2-WORKSHOP-MasterClass-de-Videografia-com-Filipe-Abreu_1080x1350px-768x960.jpg 768w, https:\/\/hi-techwonder.com\/wp-content\/uploads\/2025\/07\/POST2-WORKSHOP-MasterClass-de-Videografia-com-Filipe-Abreu_1080x1350px-150x188.jpg 150w\" sizes=\"auto, (max-width: 1080px) 100vw, 1080px\" \/>\t\t<\/a>\n\n\t\t\n\t\t<div class=\"wd-add-btn wd-add-btn-replace\">\n\t\t\t<a href=\"https:\/\/hi-techwonder.com\/es\/producto\/workshop-masterclass-de-videografia-taller-con-filipe-abreu\/\" aria-describedby=\"woocommerce_loop_add_to_cart_link_describedby_75717\" data-quantity=\"1\" class=\"button product_type_simple add-to-cart-loop\" data-product_id=\"75717\" data-product_sku=\"workshop-22604\" aria-label=\"Read more about &ldquo;MasterClass de Videograf\u00eda TALLER con Filipe Abreu&rdquo;\" rel=\"nofollow\" data-success_message=\"\"><span>Leer m\u00e1s<\/span><\/a>\t<span id=\"woocommerce_loop_add_to_cart_link_describedby_75717\" class=\"screen-reader-text\">\n\t\t\t<\/span>\n\t\t<\/div>\n\n\t\t<div class=\"wd-buttons wd-pos-r-t\">\n\t\t\t\t\t\t\t\t\t\t\t<div class=\"quick-view wd-action-btn wd-style-icon wd-quick-view-icon\">\n\t\t\t<a\n\t\t\t\thref=\"https:\/\/hi-techwonder.com\/es\/producto\/workshop-masterclass-de-videografia-taller-con-filipe-abreu\/\"\n\t\t\t\tclass=\"open-quick-view quick-view-button\"\n\t\t\t\trel=\"nofollow\"\n\t\t\t\tdata-id=\"75717\"\n\t\t\t\t>Quick view<\/a>\n\t\t<\/div>\n\t\t\t\t\t\t\t\t<div class=\"wd-wishlist-btn wd-action-btn wd-style-icon wd-wishlist-icon\">\n\t\t\t\t<a class=\"\" href=\"https:\/\/hi-techwonder.com\/es\/lista-de-deseos\/\" data-key=\"2b3642ddd0\" data-product-id=\"21654\" rel=\"nofollow\" data-added-text=\"Browse wishlist\">\n\t\t\t\t\t<span class=\"wd-added-icon\"><\/span>\n\t\t\t\t\t<span class=\"wd-action-text\">Favoritos<\/span>\n\t\t\t\t<\/a>\n\t\t\t<\/div>\n\t\t\t\t<\/div>\n\t<\/div>\n\t\t<div class=\"product-element-bottom\">\n\t\t\t\t\t<h3 class=\"wd-entities-title\"><a href=\"https:\/\/hi-techwonder.com\/es\/producto\/workshop-masterclass-de-videografia-taller-con-filipe-abreu\/\">MasterClass de Videograf\u00eda TALLER con Filipe Abreu<\/a><\/h3>\t\t\t\t\t<p class=\"wd-product-stock stock wd-style-default out-of-stock\">\n                <span>\n                    Agotado                <\/span>\n            <\/p>\n\t\t\t\t\t\t\n\t<span class=\"price\"><span class=\"woocommerce-Price-amount amount\"><bdi>75,00&nbsp;<span class=\"woocommerce-Price-currencySymbol\">&euro;<\/span><\/bdi><\/span><\/span>\n\n\t\t\n\t\t\n\t\t\t\t<\/div>\n\t<\/div>\n<\/div>\n<div class=\"wd-product wd-with-labels wd-hover-button wd-col product-grid-item product custom-price-on-request type-product post-72267 status-publish outofstock product_cat-talleres has-post-thumbnail taxable shipping-taxable product-type-simple\" data-loop=\"6\" data-id=\"72267\">\n\t\n\t\n<div class=\"product-wrapper\">\n\t<div class=\"product-element-top wd-quick-shop\">\n\t\t<a href=\"https:\/\/hi-techwonder.com\/es\/producto\/canon-open-day-es\/\" class=\"product-image-link\" tabindex=\"-1\" aria-label=\"Evento Canon Open Day \u2013 Touch &#038; Try | Sistema EOS R\">\n\t\t\t<img loading=\"lazy\" decoding=\"async\" width=\"1080\" height=\"1350\" src=\"https:\/\/hi-techwonder.com\/wp-content\/uploads\/2025\/07\/POST1-JPG-Canon-Open-Day-Touch-and-Try-5-Set-2025.jpg\" class=\"attachment-woocommerce_single size-woocommerce_single\" alt=\"Cartaz de divulga\u00e7\u00e3o do evento Canon Open Day Touch and Try de 5 Set 2025.\" srcset=\"https:\/\/hi-techwonder.com\/wp-content\/uploads\/2025\/07\/POST1-JPG-Canon-Open-Day-Touch-and-Try-5-Set-2025.jpg 1080w, https:\/\/hi-techwonder.com\/wp-content\/uploads\/2025\/07\/POST1-JPG-Canon-Open-Day-Touch-and-Try-5-Set-2025-240x300.jpg 240w, https:\/\/hi-techwonder.com\/wp-content\/uploads\/2025\/07\/POST1-JPG-Canon-Open-Day-Touch-and-Try-5-Set-2025-819x1024.jpg 819w, https:\/\/hi-techwonder.com\/wp-content\/uploads\/2025\/07\/POST1-JPG-Canon-Open-Day-Touch-and-Try-5-Set-2025-768x960.jpg 768w, https:\/\/hi-techwonder.com\/wp-content\/uploads\/2025\/07\/POST1-JPG-Canon-Open-Day-Touch-and-Try-5-Set-2025-150x188.jpg 150w\" sizes=\"auto, (max-width: 1080px) 100vw, 1080px\" \/>\t\t<\/a>\n\n\t\t\n\t\t<div class=\"wd-add-btn wd-add-btn-replace\">\n\t\t\t\t<span id=\"woocommerce_loop_add_to_cart_link_describedby_72267\" class=\"screen-reader-text\">\n\t\t\t<\/span>\n\t\t<\/div>\n\n\t\t<div class=\"wd-buttons wd-pos-r-t\">\n\t\t\t\t\t\t\t\t\t\t\t<div class=\"quick-view wd-action-btn wd-style-icon wd-quick-view-icon\">\n\t\t\t<a\n\t\t\t\thref=\"https:\/\/hi-techwonder.com\/es\/producto\/canon-open-day-es\/\"\n\t\t\t\tclass=\"open-quick-view quick-view-button\"\n\t\t\t\trel=\"nofollow\"\n\t\t\t\tdata-id=\"72267\"\n\t\t\t\t>Quick view<\/a>\n\t\t<\/div>\n\t\t\t\t\t\t\t\t<div class=\"wd-wishlist-btn wd-action-btn wd-style-icon wd-wishlist-icon\">\n\t\t\t\t<a class=\"\" href=\"https:\/\/hi-techwonder.com\/es\/lista-de-deseos\/\" data-key=\"2b3642ddd0\" data-product-id=\"21645\" rel=\"nofollow\" data-added-text=\"Browse wishlist\">\n\t\t\t\t\t<span class=\"wd-added-icon\"><\/span>\n\t\t\t\t\t<span class=\"wd-action-text\">Favoritos<\/span>\n\t\t\t\t<\/a>\n\t\t\t<\/div>\n\t\t\t\t<\/div>\n\t<\/div>\n\t\t<div class=\"product-element-bottom\">\n\t\t\t\t\t<h3 class=\"wd-entities-title\"><a href=\"https:\/\/hi-techwonder.com\/es\/producto\/canon-open-day-es\/\">Evento Canon Open Day \u2013 Touch &#038; Try | Sistema EOS R<\/a><\/h3>\t\t\t\t\t<p class=\"wd-product-stock stock wd-style-default out-of-stock\">\n                <span>\n                    Agotado                <\/span>\n            <\/p>\n\t\t\t\t\t\t\n\t<span class=\"price\"><a href=\"https:\/\/hi-techwonder.com\/es\/producto\/canon-open-day-es\/\">Solicitar Precio<\/a><\/span>\n\n\t\t\n\t\t\n\t\t\t\t<\/div>\n\t<\/div>\n<\/div>\n\t\t\t<\/div>\n\t\t\t<\/div>","protected":false},"excerpt":{"rendered":"","protected":false},"author":1,"featured_media":0,"parent":0,"menu_order":0,"comment_status":"closed","ping_status":"closed","template":"","meta":{"_acf_changed":false,"footnotes":""},"class_list":["post-7765","page","type-page","status-publish","hentry"],"acf":[],"_links":{"self":[{"href":"https:\/\/hi-techwonder.com\/es\/wp-json\/wp\/v2\/pages\/7765","targetHints":{"allow":["GET"]}}],"collection":[{"href":"https:\/\/hi-techwonder.com\/es\/wp-json\/wp\/v2\/pages"}],"about":[{"href":"https:\/\/hi-techwonder.com\/es\/wp-json\/wp\/v2\/types\/page"}],"author":[{"embeddable":true,"href":"https:\/\/hi-techwonder.com\/es\/wp-json\/wp\/v2\/users\/1"}],"replies":[{"embeddable":true,"href":"https:\/\/hi-techwonder.com\/es\/wp-json\/wp\/v2\/comments?post=7765"}],"version-history":[{"count":2,"href":"https:\/\/hi-techwonder.com\/es\/wp-json\/wp\/v2\/pages\/7765\/revisions"}],"predecessor-version":[{"id":82107,"href":"https:\/\/hi-techwonder.com\/es\/wp-json\/wp\/v2\/pages\/7765\/revisions\/82107"}],"wp:attachment":[{"href":"https:\/\/hi-techwonder.com\/es\/wp-json\/wp\/v2\/media?parent=7765"}],"curies":[{"name":"wp","href":"https:\/\/api.w.org\/{rel}","templated":true}]}}