{"id":7770,"date":"2025-05-08T20:23:47","date_gmt":"2025-05-08T20:23:47","guid":{"rendered":"https:\/\/fv6qoy3ls0.wpdns.site\/resolucao-de-litigios\/"},"modified":"2025-07-22T09:37:36","modified_gmt":"2025-07-22T09:37:36","slug":"resolucao-de-litigios","status":"publish","type":"page","link":"https:\/\/hi-techwonder.com\/es\/resolucao-de-litigios\/","title":{"rendered":"Resoluci\u00f3n de litigios"},"content":{"rendered":"\n<p id=\"wd-e65fd7aa\" class=\"wp-block-wd-paragraph\">En caso de litigio, el consumidor podr\u00e1 recurrir a la Entidad de Resoluci\u00f3n Alternativa de Litigios a trav\u00e9s de:<\/p>\n\n\n\n<p id=\"wd-1bb53867\" class=\"wp-block-wd-paragraph\">Centro de Arbitraje de Conflictos de Consumo de Lisboa<br>Rua dos Douradores, 116, 2\u00ba \u2013 1100-207 LISBOA<br>Tel: +351 218 807 030 \/ Fax: +351 218 807 038<br>Correo electr\u00f3nico: <a>juridico@centroarbitragemlisboa.pt<\/a> \/ <a>director@centroarbitragemlisboa.pt<\/a><br>Web: <a href=\"http:\/\/www.centroarbitragemlisboa.pt\/\" target=\"_blank\" rel=\"noreferrer noopener\">www.centroarbitragemlisboa.pt<\/a><\/p>\n","protected":false},"excerpt":{"rendered":"","protected":false},"author":1,"featured_media":0,"parent":0,"menu_order":0,"comment_status":"closed","ping_status":"closed","template":"","meta":{"_acf_changed":false,"footnotes":""},"class_list":["post-7770","page","type-page","status-publish","hentry"],"acf":[],"_links":{"self":[{"href":"https:\/\/hi-techwonder.com\/es\/wp-json\/wp\/v2\/pages\/7770","targetHints":{"allow":["GET"]}}],"collection":[{"href":"https:\/\/hi-techwonder.com\/es\/wp-json\/wp\/v2\/pages"}],"about":[{"href":"https:\/\/hi-techwonder.com\/es\/wp-json\/wp\/v2\/types\/page"}],"author":[{"embeddable":true,"href":"https:\/\/hi-techwonder.com\/es\/wp-json\/wp\/v2\/users\/1"}],"replies":[{"embeddable":true,"href":"https:\/\/hi-techwonder.com\/es\/wp-json\/wp\/v2\/comments?post=7770"}],"version-history":[{"count":2,"href":"https:\/\/hi-techwonder.com\/es\/wp-json\/wp\/v2\/pages\/7770\/revisions"}],"predecessor-version":[{"id":7772,"href":"https:\/\/hi-techwonder.com\/es\/wp-json\/wp\/v2\/pages\/7770\/revisions\/7772"}],"wp:attachment":[{"href":"https:\/\/hi-techwonder.com\/es\/wp-json\/wp\/v2\/media?parent=7770"}],"curies":[{"name":"wp","href":"https:\/\/api.w.org\/{rel}","templated":true}]}}