{"id":8373,"date":"2025-07-23T10:14:54","date_gmt":"2025-07-23T10:14:54","guid":{"rendered":"https:\/\/fv6qoy3ls0.wpdns.site\/envios\/"},"modified":"2025-09-25T12:00:35","modified_gmt":"2025-09-25T12:00:35","slug":"envios","status":"publish","type":"page","link":"https:\/\/hi-techwonder.com\/es\/envios\/","title":{"rendered":"Env\u00edos"},"content":{"rendered":"\n<h2 id=\"wd-ccff0b31\" class=\"wp-block-wd-title title\">Env\u00edos<\/h2>\n\n\n\n<p class=\"has-black-color has-text-color has-link-color has-medium-font-size wp-elements-3d7217587bf0959abe1b7dea0eb88765\">Plazos de entrega y env\u00edo<\/p>\n\n\n\n<p id=\"wd-c44335da\" class=\"wp-block-wd-paragraph\"><strong>Para art\u00edculos en stock<\/strong>, los env\u00edos de pedidos pagados antes de las 14:00 horas se realizan el mismo d\u00eda.<br>Los pedidos realizados despu\u00e9s de las 14:00 horas o en d\u00edas no laborables se env\u00edan el siguiente d\u00eda laborable.<br>Los plazos de env\u00edo var\u00edan seg\u00fan la zona geogr\u00e1fica:<\/p>\n\n\n\n<ul class=\"wp-block-list\">\n<li><strong>Espa\u00f1a peninsular<\/strong>: 24\/48 horas laborables<\/li>\n\n\n\n<li><strong>Canarias (env\u00edo a\u00e9reo)<\/strong>: entre 5 y 10 d\u00edas laborables, dependiendo de la isla<\/li>\n\n\n\n<li><strong>Canarias (env\u00edo mar\u00edtimo)<\/strong>: entre 8 y 14 d\u00edas laborables, dependiendo de la isla<\/li>\n\n\n\n<li><strong>Baleares (env\u00edo a\u00e9reo)<\/strong>: entre 4 y 5 d\u00edas laborables, dependiendo de la isla<\/li>\n\n\n\n<li><strong>Ceuta\/Melilla<\/strong>: Entre 3 y 5 d\u00edas laborales.<\/li>\n<\/ul>\n\n\n\n<p id=\"wd-b9be89a0\" class=\"wp-block-wd-paragraph\">Para art\u00edculos fuera de stock, por favor env\u00ede un correo electr\u00f3nico solicitando una previsi\u00f3n de entrega.<\/p>\n\n\n\n<p class=\"has-black-color has-text-color has-link-color has-medium-font-size wp-elements-622f00bba690466c4f946dd8b8df4669\">Costes de transporte<\/p>\n\n\n\n<p><strong>Espa\u00f1a peninsular: Env\u00edo gratis en pedidos superiores a 150\u202f\u20ac<\/strong><\/p>\n\n\n\n<figure class=\"wp-block-table\"><table class=\"has-fixed-layout\"><tbody><tr><td class=\"has-text-align-center\" data-align=\"center\">0 &#8211; 2 Kg<\/td><td class=\"has-text-align-center\" data-align=\"center\">2 &#8211; 5 Kg<\/td><td class=\"has-text-align-center\" data-align=\"center\">5 &#8211; 10 Kg<\/td><td class=\"has-text-align-center\" data-align=\"center\">10 &#8211; 30 Kg<\/td><td class=\"has-text-align-center\" data-align=\"center\">> 30 Kg<\/td><\/tr><tr><td class=\"has-text-align-center\" data-align=\"center\">&nbsp;&nbsp;&nbsp;&nbsp;&nbsp;&nbsp; 4.90 \u20ac<\/td><td class=\"has-text-align-center\" data-align=\"center\">&nbsp;&nbsp;&nbsp;&nbsp;&nbsp;&nbsp; 5.90 \u20ac<\/td><td class=\"has-text-align-center\" data-align=\"center\">&nbsp;&nbsp;&nbsp;&nbsp;&nbsp;&nbsp; 6.90 \u20ac<\/td><td class=\"has-text-align-center\" data-align=\"center\">&nbsp;&nbsp;&nbsp;&nbsp;&nbsp;&nbsp;&nbsp;&nbsp; 8.90 \u20ac<\/td><td class=\"has-text-align-center\" data-align=\"center\">&nbsp;&nbsp;&nbsp;&nbsp;&nbsp;&nbsp; 9.90 \u20ac<\/td><\/tr><\/tbody><\/table><\/figure>\n\n\n\n<p><strong>Canarias A\u00e9reo <\/strong><\/p>\n\n\n\n<figure class=\"wp-block-table\"><table class=\"has-fixed-layout\"><tbody><tr><td class=\"has-text-align-center\" data-align=\"center\">0 &#8211; 1Kgs<\/td><td class=\"has-text-align-center\" data-align=\"center\">1-2Kg<\/td><td class=\"has-text-align-center\" data-align=\"center\">2 &#8211; 3 Kg<\/td><td class=\"has-text-align-center\" data-align=\"center\">3 &#8211; 4 Kg<\/td><td class=\"has-text-align-center\" data-align=\"center\">4 &#8211; 5 Kg<\/td><td class=\"has-text-align-center\" data-align=\"center\">5 &#8211; 10 Kg<\/td><td class=\"has-text-align-center\" data-align=\"center\">10 &#8211; 15 Kg<\/td><td class=\"has-text-align-center\" data-align=\"center\">15 &#8211; 20 Kg<\/td><td class=\"has-text-align-center\" data-align=\"center\">> 20 Kg<\/td><\/tr><tr><td class=\"has-text-align-center\" data-align=\"center\">\u00a0\u00a0\u00a0\u00a0\u00a0\u00a0 14.90\u20ac<\/td><td class=\"has-text-align-center\" data-align=\"center\">\u00a0\u00a0\u00a0\u00a0\u00a0\u00a0 21.90\u20ac<\/td><td class=\"has-text-align-center\" data-align=\"center\">\u00a0\u00a0\u00a0\u00a0 26.90\u20ac<\/td><td class=\"has-text-align-center\" data-align=\"center\">\u00a0\u00a0\u00a0\u00a0\u00a0 34\u20ac<\/td><td class=\"has-text-align-center\" data-align=\"center\">\u00a0\u00a0 40\u20ac<\/td><td class=\"has-text-align-center\" data-align=\"center\">75\u20ac<\/td><td class=\"has-text-align-center\" data-align=\"center\">109\u20ac<\/td><td class=\"has-text-align-center\" data-align=\"center\">140\u20ac<\/td><td class=\"has-text-align-center\" data-align=\"center\">Bajo consulta<\/td><\/tr><\/tbody><\/table><\/figure>\n\n\n\n<p><strong>Canarias Mar\u00edtimo<\/strong><\/p>\n\n\n\n<figure class=\"wp-block-table\"><table class=\"has-fixed-layout\"><tbody><tr><td class=\"has-text-align-center\" data-align=\"center\">0 &#8211; 5 Kgs<\/td><td class=\"has-text-align-center\" data-align=\"center\">5 &#8211; 10 Kg<\/td><td class=\"has-text-align-center\" data-align=\"center\">10 &#8211; 15 Kg<\/td><td class=\"has-text-align-center\" data-align=\"center\">15 &#8211; 20 Kg<\/td><td class=\"has-text-align-center\" data-align=\"center\">20 &#8211; 25 Kg<\/td><td class=\"has-text-align-center\" data-align=\"center\">25 &#8211; 30 Kg<\/td><td class=\"has-text-align-center\" data-align=\"center\">30 &#8211; 35 Kg<\/td><td class=\"has-text-align-center\" data-align=\"center\">35 &#8211; 40 Kg<\/td><td class=\"has-text-align-center\" data-align=\"center\">40 &#8211; 45 Kg<\/td><td class=\"has-text-align-center\" data-align=\"center\">45 &#8211; 50 Kgs<\/td><td class=\"has-text-align-center\" data-align=\"center\">> 50 Kg<\/td><\/tr><tr><td class=\"has-text-align-center\" data-align=\"center\">17.9\u20ac<\/td><td class=\"has-text-align-center\" data-align=\"center\">24.9\u20ac<\/td><td class=\"has-text-align-center\" data-align=\"center\">33.90\u20ac<\/td><td class=\"has-text-align-center\" data-align=\"center\">39.90\u20ac<\/td><td class=\"has-text-align-center\" data-align=\"center\">46\u20ac<\/td><td class=\"has-text-align-center\" data-align=\"center\">52\u20ac<\/td><td class=\"has-text-align-center\" data-align=\"center\">58\u20ac<\/td><td class=\"has-text-align-center\" data-align=\"center\">64\u20ac<\/td><td class=\"has-text-align-center\" data-align=\"center\">70\u20ac<\/td><td class=\"has-text-align-center\" data-align=\"center\">76\u20ac<\/td><td class=\"has-text-align-center\" data-align=\"center\">Bajo consulta<\/td><\/tr><\/tbody><\/table><\/figure>\n\n\n\n<p><strong>Baleares A\u00e9reo<\/strong><\/p>\n\n\n\n<figure class=\"wp-block-table\"><table class=\"has-fixed-layout\"><tbody><tr><td class=\"has-text-align-center\" data-align=\"center\">0 &#8211; 1 Kg<\/td><td class=\"has-text-align-center\" data-align=\"center\">1 &#8211; 2 Kg<\/td><td class=\"has-text-align-center\" data-align=\"center\">2 &#8211; 3 Kg<\/td><td class=\"has-text-align-center\" data-align=\"center\">3 &#8211; 4 Kg<\/td><td class=\"has-text-align-center\" data-align=\"center\">4 &#8211; 5 Kg<\/td><td class=\"has-text-align-center\" data-align=\"center\">5 &#8211; 10 Kg<\/td><td class=\"has-text-align-center\" data-align=\"center\">10 &#8211; 15 Kg<\/td><td class=\"has-text-align-center\" data-align=\"center\">15 &#8211; 20 Kg<\/td><td class=\"has-text-align-center\" data-align=\"center\">20 &#8211; 25 Kg<\/td><td class=\"has-text-align-center\" data-align=\"center\">25 &#8211; 30 Kg<\/td><td class=\"has-text-align-center\" data-align=\"center\">30 &#8211; 35 Kg<\/td><td class=\"has-text-align-center\" data-align=\"center\">35 &#8211; 40 Kg<\/td><td class=\"has-text-align-center\" data-align=\"center\">> 40 Kg<\/td><\/tr><tr><td class=\"has-text-align-center\" data-align=\"center\">14.90\u20ac<\/td><td class=\"has-text-align-center\" data-align=\"center\">16.90\u20ac<\/td><td class=\"has-text-align-center\" data-align=\"center\">19.90\u20ac<\/td><td class=\"has-text-align-center\" data-align=\"center\">21.90\u20ac<\/td><td class=\"has-text-align-center\" data-align=\"center\">24.90\u20ac<\/td><td class=\"has-text-align-center\" data-align=\"center\">32.90\u20ac<\/td><td class=\"has-text-align-center\" data-align=\"center\">41.90\u20ac<\/td><td class=\"has-text-align-center\" data-align=\"center\">52.90\u20ac<\/td><td class=\"has-text-align-center\" data-align=\"center\">62.9\u20ac<\/td><td class=\"has-text-align-center\" data-align=\"center\">72.9\u20ac<\/td><td class=\"has-text-align-center\" data-align=\"center\">82.90\u20ac<\/td><td class=\"has-text-align-center\" data-align=\"center\">92.90\u20ac<\/td><td class=\"has-text-align-center\" data-align=\"center\">Bajo consulta<\/td><\/tr><\/tbody><\/table><\/figure>\n\n\n\n<p><strong>Ceuta\/Melilla<\/strong><\/p>\n\n\n\n<figure class=\"wp-block-table\"><table class=\"has-fixed-layout\"><tbody><tr><td class=\"has-text-align-center\" data-align=\"center\">0 &#8211; 2 Kg<\/td><td class=\"has-text-align-center\" data-align=\"center\">2 &#8211; 5 Kg<\/td><td class=\"has-text-align-center\" data-align=\"center\">5 &#8211; 10 Kg<\/td><td class=\"has-text-align-center\" data-align=\"center\">10 &#8211; 15 Kg<\/td><td class=\"has-text-align-center\" data-align=\"center\">15 &#8211; 20 Kg<\/td><td class=\"has-text-align-center\" data-align=\"center\">20 &#8211; 25 Kg<\/td><td class=\"has-text-align-center\" data-align=\"center\">25 &#8211; 30 Kg<\/td><td class=\"has-text-align-center\" data-align=\"center\">30 &#8211; 35 Kg<\/td><td class=\"has-text-align-center\" data-align=\"center\">35 &#8211; 40 Kg<\/td><td class=\"has-text-align-center\" data-align=\"center\">40 &#8211; 45 Kg<\/td><td class=\"has-text-align-center\" data-align=\"center\">45 &#8211; 50 Kg<\/td><td class=\"has-text-align-center\" data-align=\"center\">50 &#8211; 60 Kg<\/td><td class=\"has-text-align-center\" data-align=\"center\">60 &#8211; 80 Kg<\/td><td class=\"has-text-align-center\" data-align=\"center\">> 80 Kg<\/td><\/tr><tr><td class=\"has-text-align-center\" data-align=\"center\">26.90\u20ac<\/td><td class=\"has-text-align-center\" data-align=\"center\">31.90\u20ac<\/td><td class=\"has-text-align-center\" data-align=\"center\">47.90\u20ac<\/td><td class=\"has-text-align-center\" data-align=\"center\">69\u20ac<\/td><td class=\"has-text-align-center\" data-align=\"center\">89\u20ac<\/td><td class=\"has-text-align-center\" data-align=\"center\">109\u20ac<\/td><td class=\"has-text-align-center\" data-align=\"center\">125\u20ac<\/td><td class=\"has-text-align-center\" data-align=\"center\">145\u20ac<\/td><td class=\"has-text-align-center\" data-align=\"center\">160\u20ac<\/td><td class=\"has-text-align-center\" data-align=\"center\">180\u20ac<\/td><td class=\"has-text-align-center\" data-align=\"center\">200\u20ac<\/td><td class=\"has-text-align-center\" data-align=\"center\">220\u20ac<\/td><td class=\"has-text-align-center\" data-align=\"center\">250\u20ac<\/td><td class=\"has-text-align-center\" data-align=\"center\">300\u20ac<\/td><\/tr><\/tbody><\/table><\/figure>\n","protected":false},"excerpt":{"rendered":"<p>Plazos de entrega y env\u00edo Costes de transporte Espa\u00f1a peninsular: Env\u00edo gratis en pedidos superiores a 150\u202f\u20ac 0 &#8211; 2<\/p>\n","protected":false},"author":2,"featured_media":0,"parent":0,"menu_order":0,"comment_status":"closed","ping_status":"closed","template":"","meta":{"_acf_changed":false,"footnotes":""},"class_list":["post-8373","page","type-page","status-publish","hentry"],"acf":[],"_links":{"self":[{"href":"https:\/\/hi-techwonder.com\/es\/wp-json\/wp\/v2\/pages\/8373","targetHints":{"allow":["GET"]}}],"collection":[{"href":"https:\/\/hi-techwonder.com\/es\/wp-json\/wp\/v2\/pages"}],"about":[{"href":"https:\/\/hi-techwonder.com\/es\/wp-json\/wp\/v2\/types\/page"}],"author":[{"embeddable":true,"href":"https:\/\/hi-techwonder.com\/es\/wp-json\/wp\/v2\/users\/2"}],"replies":[{"embeddable":true,"href":"https:\/\/hi-techwonder.com\/es\/wp-json\/wp\/v2\/comments?post=8373"}],"version-history":[{"count":10,"href":"https:\/\/hi-techwonder.com\/es\/wp-json\/wp\/v2\/pages\/8373\/revisions"}],"predecessor-version":[{"id":86806,"href":"https:\/\/hi-techwonder.com\/es\/wp-json\/wp\/v2\/pages\/8373\/revisions\/86806"}],"wp:attachment":[{"href":"https:\/\/hi-techwonder.com\/es\/wp-json\/wp\/v2\/media?parent=8373"}],"curies":[{"name":"wp","href":"https:\/\/api.w.org\/{rel}","templated":true}]}}