{"id":100509,"date":"2026-02-20T16:05:32","date_gmt":"2026-02-20T16:05:32","guid":{"rendered":"https:\/\/hi-techwonder.com\/product\/sirui-traveler-5a-tripe-alum-rotula\/"},"modified":"2026-04-27T11:50:14","modified_gmt":"2026-04-27T10:50:14","slug":"sirui-traveler-5a-tripode-rotula","status":"publish","type":"product","link":"https:\/\/hi-techwonder.com\/es\/producto\/sirui-traveler-5a-tripode-rotula\/","title":{"rendered":"SIRUI Traveler 5A Tr\u00edpode de Aluminio + Cabeza de R\u00f3tula 3T-35"},"content":{"rendered":"<h3><strong>SIRUI Traveler 5A Tr\u00edpode de Aluminio + Cabeza de R\u00f3tula 3T-35<\/strong><\/h3>\n<p>&nbsp;<\/p>\n<h3 data-start=\"68\" data-end=\"88\">Caracter\u00edsticas:<\/h3>\n<p data-start=\"90\" data-end=\"220\">Capacidad de carga: 4 kg<br data-start=\"114\" data-end=\"117\" \/>Peso: 1,05 kg<br data-start=\"130\" data-end=\"133\" \/>Aluminio de alta calidad en 5 secciones<br data-start=\"172\" data-end=\"175\" \/>Cabeza compatible con el sistema Arca Swiss<\/p>\n<hr data-start=\"222\" data-end=\"225\" \/>\n<h3 data-start=\"227\" data-end=\"252\">Contenido de la caja:<\/h3>\n<p data-start=\"254\" data-end=\"389\">1 x SIRUI Traveler 5A Tr\u00edpode de Aluminio<br data-start=\"295\" data-end=\"298\" \/>1 x SIRUI 3T-35K Cabeza de R\u00f3tula<br data-start=\"331\" data-end=\"334\" \/>1 x SIRUI TY-C10 Zapata<br data-start=\"357\" data-end=\"360\" \/>1 x Bolsa de almacenamiento<\/p>\n<hr data-start=\"391\" data-end=\"394\" \/>\n<p data-start=\"396\" data-end=\"671\">Peque\u00f1o, compacto y extremadamente estable, este tr\u00edpode de alta calidad de SIRUI ofrece una sujeci\u00f3n segura para su c\u00e1mara compacta o de sistema, a pesar de su dise\u00f1o reducido. Es f\u00e1cil de manejar en cualquier situaci\u00f3n y cabe c\u00f3modamente en mochilas y bolsas de transporte.<\/p>\n<p data-start=\"673\" data-end=\"933\">Las patas pueden plegarse hacia arriba 180\u00b0, permitiendo que el tr\u00edpode mida solo 31,5 cm cuando est\u00e1 plegado (con la cabeza). Cada pata cuenta con 5 secciones y 4 cierres de rosca. Los pies de goma garantizan una excelente estabilidad en cualquier superficie.<\/p>\n<p data-start=\"935\" data-end=\"1048\">Las empu\u00f1aduras de espuma forman parte del est\u00e1ndar SIRUI, al igual que la pr\u00e1ctica bolsa de transporte incluida.<\/p>\n<p data-start=\"1050\" data-end=\"1366\">El tr\u00edpode incorpora una columna central extensible y extra\u00edble. De este modo, la cabeza puede colocarse directamente sobre la base del tr\u00edpode, aumentando significativamente la estabilidad. Un peque\u00f1o llavero con mosquet\u00f3n en la parte inferior de la cruceta permite a\u00f1adir peso adicional para una mayor estabilidad.<\/p>\n<p data-start=\"1368\" data-end=\"1665\">La cabeza de bola funciona de forma suave y precisa. El sistema de bloqueo de seguridad con pasador asegura la placa de liberaci\u00f3n r\u00e1pida y la libera con solo pulsar un bot\u00f3n, protegiendo la c\u00e1mara frente a deslizamientos accidentales. La base puede girar 360\u00b0, ideal para fotograf\u00edas panor\u00e1micas.<\/p>\n<hr data-start=\"1667\" data-end=\"1670\" \/>\n<h3 data-start=\"1672\" data-end=\"1685\">Recursos:<\/h3>\n<p data-start=\"1687\" data-end=\"2297\">Columna central extensible y extra\u00edble<br data-start=\"1725\" data-end=\"1728\" \/>Tornillo reversible de 1\/4&#8243; y 3\/8&#8243; para cabezas de tr\u00edpode o c\u00e1mara<br data-start=\"1795\" data-end=\"1798\" \/>Las patas pueden plegarse 180\u00b0<br data-start=\"1828\" data-end=\"1831\" \/>Ajuste semi-autom\u00e1tico del \u00e1ngulo de las patas<br data-start=\"1877\" data-end=\"1880\" \/>Cierres de rosca para una fijaci\u00f3n firme<br data-start=\"1920\" data-end=\"1923\" \/>Mosquet\u00f3n para estabilizaci\u00f3n adicional<br data-start=\"1962\" data-end=\"1965\" \/>Empu\u00f1aduras de espuma<br data-start=\"1986\" data-end=\"1989\" \/>Funci\u00f3n panor\u00e1mica de 360\u00b0<br data-start=\"2015\" data-end=\"2018\" \/>Placa de liberaci\u00f3n r\u00e1pida engomada \u2013 dimensiones: 30 x 38 mm<br data-start=\"2079\" data-end=\"2082\" \/>Placa intercambiable con tornillo de acero inoxidable de 1\/4&#8243;<br data-start=\"2143\" data-end=\"2146\" \/>Conexi\u00f3n de tr\u00edpode con rosca interna de 3\/8&#8243;<br data-start=\"2191\" data-end=\"2194\" \/>Sistema de bloqueo de seguridad \u2013 evita que la placa se deslice<br data-start=\"2257\" data-end=\"2260\" \/>Ranura vertical para retrato de 90\u00b0<\/p>\n<hr data-start=\"2299\" data-end=\"2302\" \/>\n<h3 data-start=\"2304\" data-end=\"2325\">Especificaciones:<\/h3>\n<table style=\"height: 369px;\" width=\"1057\">\n<thead>\n<tr>\n<th>Marca<\/th>\n<th>SIRUI<\/th>\n<\/tr>\n<\/thead>\n<tbody>\n<tr>\n<td>Modelo<\/td>\n<td>Traveler 5A<\/td>\n<\/tr>\n<tr>\n<td>Material<\/td>\n<td>Aluminio<\/td>\n<\/tr>\n<tr>\n<td>Cabeza<\/td>\n<td>3T-35K<\/td>\n<\/tr>\n<tr>\n<td>Secciones<\/td>\n<td>5<\/td>\n<\/tr>\n<tr>\n<td>Di\u00e1metro del tubo<\/td>\n<td>10 mm \u2013 22 mm<\/td>\n<\/tr>\n<tr>\n<td>Altura m\u00e1xima<\/td>\n<td>138 cm<\/td>\n<\/tr>\n<tr>\n<td>Altura m\u00ednima<\/td>\n<td>16 cm<\/td>\n<\/tr>\n<tr>\n<td>Altura retra\u00edda<\/td>\n<td>61,5 cm<\/td>\n<\/tr>\n<tr>\n<td>Cerrado<\/td>\n<td>33 cm<\/td>\n<\/tr>\n<tr>\n<td>Capacidad de carga<\/td>\n<td>4 kg<\/td>\n<\/tr>\n<tr>\n<td>Peso<\/td>\n<td>1,05 kg<\/td>\n<\/tr>\n<\/tbody>\n<\/table>\n<p>&nbsp;<\/p>\n<p>&nbsp;<\/p>\n","protected":false},"excerpt":{"rendered":"<p>SIRUI Traveler 5A Tr\u00edpode de Aluminio + Cabeza de R\u00f3tula 3T-35 &nbsp; Caracter\u00edsticas: Capacidad de carga: 4 kgPeso: 1,05 kgAluminio<\/p>\n","protected":false},"featured_media":100510,"comment_status":"open","ping_status":"closed","template":"","meta":{"_acf_changed":false},"product_brand":[2597],"product_cat":[1092],"product_tag":[],"class_list":{"0":"post-100509","1":"product","2":"type-product","3":"status-publish","4":"has-post-thumbnail","6":"product_brand-sirui-es","7":"product_cat-kits-foto-es","9":"first","10":"outofstock","11":"taxable","12":"shipping-taxable","13":"purchasable","14":"product-type-simple"},"bundled_by":[],"bundle_stock_status":"outofstock","bundle_stock_quantity":0,"bundle_virtual":false,"bundle_layout":"","bundle_add_to_cart_form_location":"","bundle_editable_in_cart":false,"bundle_sold_individually_context":"","bundle_item_grouping":"","bundle_min_size":"","bundle_max_size":"","bundle_price":[],"bundled_items":[],"bundle_sell_ids":[],"acf":[],"_links":{"self":[{"href":"https:\/\/hi-techwonder.com\/es\/wp-json\/wp\/v2\/product\/100509","targetHints":{"allow":["GET"]}}],"collection":[{"href":"https:\/\/hi-techwonder.com\/es\/wp-json\/wp\/v2\/product"}],"about":[{"href":"https:\/\/hi-techwonder.com\/es\/wp-json\/wp\/v2\/types\/product"}],"replies":[{"embeddable":true,"href":"https:\/\/hi-techwonder.com\/es\/wp-json\/wp\/v2\/comments?post=100509"}],"wp:featuredmedia":[{"embeddable":true,"href":"https:\/\/hi-techwonder.com\/es\/wp-json\/wp\/v2\/media\/100510"}],"wp:attachment":[{"href":"https:\/\/hi-techwonder.com\/es\/wp-json\/wp\/v2\/media?parent=100509"}],"wp:term":[{"taxonomy":"product_brand","embeddable":true,"href":"https:\/\/hi-techwonder.com\/es\/wp-json\/wp\/v2\/product_brand?post=100509"},{"taxonomy":"product_cat","embeddable":true,"href":"https:\/\/hi-techwonder.com\/es\/wp-json\/wp\/v2\/product_cat?post=100509"},{"taxonomy":"product_tag","embeddable":true,"href":"https:\/\/hi-techwonder.com\/es\/wp-json\/wp\/v2\/product_tag?post=100509"}],"curies":[{"name":"wp","href":"https:\/\/api.w.org\/{rel}","templated":true}]}}