{"id":100911,"date":"2026-03-02T17:21:25","date_gmt":"2026-03-02T17:21:25","guid":{"rendered":"https:\/\/hi-techwonder.com\/product\/smallrig-5714-micro-wireless-2-pessoas\/"},"modified":"2026-05-05T18:04:33","modified_gmt":"2026-05-05T17:04:33","slug":"smallrig-micro-wireless-2-personas","status":"publish","type":"product","link":"https:\/\/hi-techwonder.com\/es\/producto\/smallrig-micro-wireless-2-personas\/","title":{"rendered":"SMALLRIG 5714 S70-A Micr\u00f3fono Inal\u00e1mbrico 2 Personas"},"content":{"rendered":"\n<h2 class=\"wp-block-heading\">SMALLRIG 5714 S70-A Micr\u00f3fono Inal\u00e1mbrico 2 Personas USB-C Lightning C\u00e1mara<\/h2>\n\n\n\n<div id=\"wd-a7f83bfc\" class=\"wp-block-wd-video wd-el-video wd-action-without wd-video-external wd-with-aspect-ratio wd-custom-width\"><iframe allowfullscreen allow=\"accelerometer; autoplay; encrypted-media; gyroscope; picture-in-picture\" width=\"100%\" height=\"100%\" loading=\"lazy\" src=\"https:\/\/www.youtube.com\/embed\/njX66CVZcyk?feature=oembed&amp;controls=1\"><\/iframe><\/div>\n\n\n\n<p id=\"wd-859de4ea\" class=\"wp-block-wd-paragraph\">El <strong>SMALLRIG S70-A (Ref. 5714<\/strong>) es la soluci\u00f3n <strong>\u201cAll-in-One\u201d <\/strong>definitiva para grabaci\u00f3n de audio inal\u00e1mbrica con dos personas. Compacto, ligero y extremadamente vers\u00e1til, ha sido dise\u00f1ado para creadores que exigen calidad profesional sin renunciar a la movilidad.<\/p>\n\n\n\n<p id=\"wd-5bd97f85\" class=\"wp-block-wd-paragraph\">Operando en la f<strong>recuencia digital 2,4 GHz, garantiza una transmisi\u00f3n estable de hasta 300 metros<\/strong> en l\u00ednea de visi\u00f3n. Los dos transmisores con micr\u00f3fonos omnidireccionales integrados presentan un dise\u00f1o ultrafino y discreto, ideal para entrevistas, vlogs, podcasts y producciones audiovisuales din\u00e1micas.<\/p>\n\n\n\n<p id=\"wd-bba5769c\" class=\"wp-block-wd-paragraph\">El sistema permite <strong>grabaci\u00f3n en 48 kHz \/ 24 bits con limitador autom\u00e1tico, asegurando claridad y protecci\u00f3n frente a picos de audio.<\/strong> Incorpora <strong>9 modos de ecualizaci\u00f3n predefinidos (general, rico, brillante, masculino, femenino, canto, guitarra, viol\u00edn y ambiente), 3 niveles de reducci\u00f3n de ruido y control de ganancia ajustable<\/strong> para adaptarse a cualquier entorno.<\/p>\n\n\n\n<p id=\"wd-cd0c84a1\" class=\"wp-block-wd-paragraph\">Sus <strong>tres modos de mezcla <\/strong>\u2014Mono, Est\u00e9reo y Safety Track\u2014 ofrecen m\u00e1xima flexibilidad en postproducci\u00f3n. La compatibilidad es total: incluye <strong>receptores para USB-C, Lightning (iOS) y c\u00e1mara con salida TRS 3,5 mm.<\/strong><\/p>\n\n\n\n<p>Cada <strong>transmisor ofrece hasta 8 horas de autonom\u00eda<\/strong>, mientras que el estuche de carga incluido ampl\u00eda el uso total del sistema a m\u00e1s de 40 horas. Peque\u00f1o en tama\u00f1o pero grande en rendimiento, el S70-A est\u00e1 preparado para producciones exigentes en cualquier lugar.<\/p>\n\n\n\n<div class=\"wp-block-media-text has-media-on-the-right is-stacked-on-mobile\"><div class=\"wp-block-media-text__content\">\n<p>Ideal para criadores de conte\u00fado, vloggers, jornalistas, entrevistadores, educadores online e equipas de produ\u00e7\u00e3o que necessitam de um sistema compacto, vers\u00e1til e compat\u00edvel com m\u00faltiplas plataformas para grava\u00e7\u00f5es com duas pessoas, tanto em est\u00fadio como em exteriores.<\/p>\n<\/div><figure class=\"wp-block-media-text__media\"><img loading=\"lazy\" decoding=\"async\" width=\"1024\" height=\"1024\" src=\"https:\/\/hi-techwonder.com\/wp-content\/themes\/woodmart\/images\/lazy.svg\" data-src=\"https:\/\/hi-techwonder.com\/wp-content\/uploads\/2026\/03\/l8bqomki09g-1767688786296_-1024x1024.jpg\" alt=\"\" class=\"wp-image-100883 size-full\" srcset=\"\" data-srcset=\"https:\/\/hi-techwonder.com\/wp-content\/uploads\/2026\/03\/l8bqomki09g-1767688786296_-1024x1024.jpg 1024w, https:\/\/hi-techwonder.com\/wp-content\/uploads\/2026\/03\/l8bqomki09g-1767688786296_-300x300.jpg 300w, https:\/\/hi-techwonder.com\/wp-content\/uploads\/2026\/03\/l8bqomki09g-1767688786296_-150x150.jpg 150w, https:\/\/hi-techwonder.com\/wp-content\/uploads\/2026\/03\/l8bqomki09g-1767688786296_-768x768.jpg 768w, https:\/\/hi-techwonder.com\/wp-content\/uploads\/2026\/03\/l8bqomki09g-1767688786296_-1536x1536.jpg 1536w, https:\/\/hi-techwonder.com\/wp-content\/uploads\/2026\/03\/l8bqomki09g-1767688786296_-600x600.jpg 600w, https:\/\/hi-techwonder.com\/wp-content\/uploads\/2026\/03\/l8bqomki09g-1767688786296_-1200x1200.jpg 1200w, https:\/\/hi-techwonder.com\/wp-content\/uploads\/2026\/03\/l8bqomki09g-1767688786296_.jpg 1600w\" sizes=\"auto, (max-width: 1024px) 100vw, 1024px\" \/><\/figure><\/div>\n\n\n\n<div class=\"wp-block-media-text is-stacked-on-mobile\"><figure class=\"wp-block-media-text__media\"><img loading=\"lazy\" decoding=\"async\" width=\"1024\" height=\"1024\" src=\"https:\/\/hi-techwonder.com\/wp-content\/themes\/woodmart\/images\/lazy.svg\" data-src=\"https:\/\/hi-techwonder.com\/wp-content\/uploads\/2026\/03\/cc3oekwei8a-1767688786293_-1024x1024.jpg\" alt=\"\" class=\"wp-image-100881 size-full\" srcset=\"\" data-srcset=\"https:\/\/hi-techwonder.com\/wp-content\/uploads\/2026\/03\/cc3oekwei8a-1767688786293_-1024x1024.jpg 1024w, https:\/\/hi-techwonder.com\/wp-content\/uploads\/2026\/03\/cc3oekwei8a-1767688786293_-300x300.jpg 300w, https:\/\/hi-techwonder.com\/wp-content\/uploads\/2026\/03\/cc3oekwei8a-1767688786293_-150x150.jpg 150w, https:\/\/hi-techwonder.com\/wp-content\/uploads\/2026\/03\/cc3oekwei8a-1767688786293_-768x768.jpg 768w, https:\/\/hi-techwonder.com\/wp-content\/uploads\/2026\/03\/cc3oekwei8a-1767688786293_-1536x1536.jpg 1536w, https:\/\/hi-techwonder.com\/wp-content\/uploads\/2026\/03\/cc3oekwei8a-1767688786293_-600x600.jpg 600w, https:\/\/hi-techwonder.com\/wp-content\/uploads\/2026\/03\/cc3oekwei8a-1767688786293_-1200x1200.jpg 1200w, https:\/\/hi-techwonder.com\/wp-content\/uploads\/2026\/03\/cc3oekwei8a-1767688786293_.jpg 1600w\" sizes=\"auto, (max-width: 1024px) 100vw, 1024px\" \/><\/figure><div class=\"wp-block-media-text__content\">\n<h2 class=\"wp-block-heading\">Contenido de la caja<\/h2>\n\n\n\n<ul class=\"wp-block-list\">\n<li>2x Transmisores clip-on con micr\u00f3fono integrado<\/li>\n\n\n\n<li>1x Receptor USB-C<\/li>\n\n\n\n<li>1x Receptor Lightning<\/li>\n\n\n\n<li>1x Receptor para c\u00e1mara con salida 3,5 mm TRS<\/li>\n\n\n\n<li>1x Estuche de carga<\/li>\n\n\n\n<li>2x Protectores de viento tipo \u201cdeadcat\u201d<\/li>\n\n\n\n<li>1x Cable de carga USB-C<\/li>\n\n\n\n<li>1x Cable adaptador de audio TRS 3,5 mm<\/li>\n\n\n\n<li>1x Bolsa de transporte<\/li>\n<\/ul>\n<\/div><\/div>\n\n\n\n<div class=\"wp-block-media-text has-media-on-the-right is-stacked-on-mobile\"><div class=\"wp-block-media-text__content\">\n<h2 class=\"wp-block-heading\">Caracter\u00edsticas<\/h2>\n\n\n\n<ul class=\"wp-block-list\">\n<li>Chip ATS3031 para captaci\u00f3n de audio profesional<\/li>\n\n\n\n<li>9 preajustes de ecualizaci\u00f3n integrados<\/li>\n\n\n\n<li>Transmisores ultracompactos y discretos con clip<\/li>\n\n\n\n<li>Ganancia ajustable para c\u00e1mara y dispositivos m\u00f3viles<\/li>\n\n\n\n<li>Receptores USB-C y Lightning con carga simult\u00e1nea del dispositivo<\/li>\n\n\n\n<li>Estuche de carga con bater\u00eda integrada<\/li>\n\n\n\n<li>Indicadores LED de estado<\/li>\n\n\n\n<li>Compatible con Android, iOS y c\u00e1maras DSLR\/Mirrorless<\/li>\n<\/ul>\n<\/div><figure class=\"wp-block-media-text__media\"><img loading=\"lazy\" decoding=\"async\" width=\"1024\" height=\"1024\" src=\"https:\/\/hi-techwonder.com\/wp-content\/themes\/woodmart\/images\/lazy.svg\" data-src=\"https:\/\/hi-techwonder.com\/wp-content\/uploads\/2026\/03\/x-1024x1024.jpg\" alt=\"\" class=\"wp-image-100884 size-full\" srcset=\"\" data-srcset=\"https:\/\/hi-techwonder.com\/wp-content\/uploads\/2026\/03\/x-1024x1024.jpg 1024w, https:\/\/hi-techwonder.com\/wp-content\/uploads\/2026\/03\/x-300x300.jpg 300w, https:\/\/hi-techwonder.com\/wp-content\/uploads\/2026\/03\/x-150x150.jpg 150w, https:\/\/hi-techwonder.com\/wp-content\/uploads\/2026\/03\/x-768x768.jpg 768w, https:\/\/hi-techwonder.com\/wp-content\/uploads\/2026\/03\/x-1536x1536.jpg 1536w, https:\/\/hi-techwonder.com\/wp-content\/uploads\/2026\/03\/x-600x600.jpg 600w, https:\/\/hi-techwonder.com\/wp-content\/uploads\/2026\/03\/x-1200x1200.jpg 1200w, https:\/\/hi-techwonder.com\/wp-content\/uploads\/2026\/03\/x.jpg 1600w\" sizes=\"auto, (max-width: 1024px) 100vw, 1024px\" \/><\/figure><\/div>\n\n\n\n<figure class=\"wp-block-gallery has-nested-images columns-default is-cropped wp-block-gallery-1 is-layout-flex wp-block-gallery-is-layout-flex\">\n<figure class=\"wp-block-image size-large\"><img loading=\"lazy\" decoding=\"async\" width=\"1024\" height=\"1024\" data-id=\"100885\" src=\"https:\/\/hi-techwonder.com\/wp-content\/themes\/woodmart\/images\/lazy.svg\" data-src=\"https:\/\/hi-techwonder.com\/wp-content\/uploads\/2026\/03\/cc3oekwei8a-1767688786293_-1-1024x1024.jpg\" alt=\"\" class=\"wp-image-100885\" srcset=\"\" data-srcset=\"https:\/\/hi-techwonder.com\/wp-content\/uploads\/2026\/03\/cc3oekwei8a-1767688786293_-1-1024x1024.jpg 1024w, https:\/\/hi-techwonder.com\/wp-content\/uploads\/2026\/03\/cc3oekwei8a-1767688786293_-1-300x300.jpg 300w, https:\/\/hi-techwonder.com\/wp-content\/uploads\/2026\/03\/cc3oekwei8a-1767688786293_-1-150x150.jpg 150w, https:\/\/hi-techwonder.com\/wp-content\/uploads\/2026\/03\/cc3oekwei8a-1767688786293_-1-768x768.jpg 768w, https:\/\/hi-techwonder.com\/wp-content\/uploads\/2026\/03\/cc3oekwei8a-1767688786293_-1-1536x1536.jpg 1536w, https:\/\/hi-techwonder.com\/wp-content\/uploads\/2026\/03\/cc3oekwei8a-1767688786293_-1-600x600.jpg 600w, https:\/\/hi-techwonder.com\/wp-content\/uploads\/2026\/03\/cc3oekwei8a-1767688786293_-1-1200x1200.jpg 1200w, https:\/\/hi-techwonder.com\/wp-content\/uploads\/2026\/03\/cc3oekwei8a-1767688786293_-1.jpg 1600w\" sizes=\"auto, (max-width: 1024px) 100vw, 1024px\" \/><\/figure>\n\n\n\n<figure class=\"wp-block-image size-large\"><img loading=\"lazy\" decoding=\"async\" width=\"1024\" height=\"1024\" data-id=\"100886\" src=\"https:\/\/hi-techwonder.com\/wp-content\/themes\/woodmart\/images\/lazy.svg\" data-src=\"https:\/\/hi-techwonder.com\/wp-content\/uploads\/2026\/03\/nn5jaktvqzi-1767688799683_-1024x1024.jpg\" alt=\"\" class=\"wp-image-100886\" srcset=\"\" data-srcset=\"https:\/\/hi-techwonder.com\/wp-content\/uploads\/2026\/03\/nn5jaktvqzi-1767688799683_-1024x1024.jpg 1024w, https:\/\/hi-techwonder.com\/wp-content\/uploads\/2026\/03\/nn5jaktvqzi-1767688799683_-300x300.jpg 300w, https:\/\/hi-techwonder.com\/wp-content\/uploads\/2026\/03\/nn5jaktvqzi-1767688799683_-150x150.jpg 150w, https:\/\/hi-techwonder.com\/wp-content\/uploads\/2026\/03\/nn5jaktvqzi-1767688799683_-768x768.jpg 768w, https:\/\/hi-techwonder.com\/wp-content\/uploads\/2026\/03\/nn5jaktvqzi-1767688799683_-1536x1536.jpg 1536w, https:\/\/hi-techwonder.com\/wp-content\/uploads\/2026\/03\/nn5jaktvqzi-1767688799683_-600x600.jpg 600w, https:\/\/hi-techwonder.com\/wp-content\/uploads\/2026\/03\/nn5jaktvqzi-1767688799683_-1200x1200.jpg 1200w, https:\/\/hi-techwonder.com\/wp-content\/uploads\/2026\/03\/nn5jaktvqzi-1767688799683_.jpg 1600w\" sizes=\"auto, (max-width: 1024px) 100vw, 1024px\" \/><\/figure>\n\n\n\n<figure class=\"wp-block-image size-large\"><img loading=\"lazy\" decoding=\"async\" width=\"1024\" height=\"1024\" data-id=\"100887\" src=\"https:\/\/hi-techwonder.com\/wp-content\/themes\/woodmart\/images\/lazy.svg\" data-src=\"https:\/\/hi-techwonder.com\/wp-content\/uploads\/2026\/03\/y-1024x1024.jpg\" alt=\"\" class=\"wp-image-100887\" srcset=\"\" data-srcset=\"https:\/\/hi-techwonder.com\/wp-content\/uploads\/2026\/03\/y-1024x1024.jpg 1024w, https:\/\/hi-techwonder.com\/wp-content\/uploads\/2026\/03\/y-300x300.jpg 300w, https:\/\/hi-techwonder.com\/wp-content\/uploads\/2026\/03\/y-150x150.jpg 150w, https:\/\/hi-techwonder.com\/wp-content\/uploads\/2026\/03\/y-768x768.jpg 768w, https:\/\/hi-techwonder.com\/wp-content\/uploads\/2026\/03\/y-1536x1536.jpg 1536w, https:\/\/hi-techwonder.com\/wp-content\/uploads\/2026\/03\/y-600x600.jpg 600w, https:\/\/hi-techwonder.com\/wp-content\/uploads\/2026\/03\/y-1200x1200.jpg 1200w, https:\/\/hi-techwonder.com\/wp-content\/uploads\/2026\/03\/y.jpg 1600w\" sizes=\"auto, (max-width: 1024px) 100vw, 1024px\" \/><\/figure>\n<\/figure>\n\n\n\n<h2 class=\"wp-block-heading\">Especificaciones t\u00e9cnicas<\/h2>\n\n\n\n<figure class=\"wp-block-table\"><table class=\"has-fixed-layout\"><thead><tr><th>Especificaci\u00f3n<\/th><th>Detalle<\/th><\/tr><\/thead><tbody><tr><td>Marca<\/td><td>SmallRig<\/td><\/tr><tr><td>Modelo<\/td><td>S70-A<\/td><\/tr><tr><td>Ref. Marca<\/td><td>5714<\/td><\/tr><tr><td>Tecnolog\u00eda inal\u00e1mbrica<\/td><td>Digital 2,4 GHz<\/td><\/tr><tr><td>Alcance m\u00e1ximo<\/td><td>Hasta 300 m<\/td><\/tr><tr><td>N\u00famero de transmisores<\/td><td>2<\/td><\/tr><tr><td>Tipo de micr\u00f3fono<\/td><td>Integrado, omnidireccional<\/td><\/tr><tr><td>N\u00famero de canales<\/td><td>2<\/td><\/tr><tr><td>Modos de mezcla<\/td><td>Mono \/ Est\u00e9reo \/ Safety Track<\/td><\/tr><tr><td>Ecualizaci\u00f3n<\/td><td>9 preajustes<\/td><\/tr><tr><td>Reducci\u00f3n de ruido<\/td><td>3 niveles<\/td><\/tr><tr><td>Ganancia<\/td><td>5 niveles (c\u00e1mara) \/ 3 niveles (m\u00f3vil)<\/td><\/tr><tr><td>Calidad de grabaci\u00f3n<\/td><td>48 kHz \/ 24 bits<\/td><\/tr><tr><td>Salida para c\u00e1mara<\/td><td>3,5 mm TRS<\/td><\/tr><tr><td>Conectividad<\/td><td>USB-C \/ Lightning<\/td><\/tr><tr><td>Bater\u00eda transmisor<\/td><td>Integrada recargable<\/td><\/tr><tr><td>Autonom\u00eda transmisor<\/td><td><strong>Transmisores (TX): Hasta 8 horas con una sola carga.<\/strong><\/td><\/tr><tr><td>Autonom\u00eda total con estuche<\/td><td><strong>Hasta 40 horas<br>Total con estuche de carga: Hasta 40 horas (el estuche permite cargar el kit completo aproximadamente 3 veces).<\/strong><\/td><\/tr><tr><td>Carga<\/td><td>USB-C<\/td><\/tr><tr><td>Material<\/td><td>ABS<\/td><\/tr><tr><td>Dimensiones estuche<\/td><td>9,4 x 5,2 x 4 cm<\/td><\/tr><tr><td>Dimensiones transmisor<\/td><td>2,9 x 0,9 cm<\/td><\/tr><tr><td>Peso transmisor<\/td><td>8,8 g<\/td><\/tr><tr><td>Peso estuche<\/td><td>129,2 g<\/td><\/tr><tr><td>Peso del embalaje<\/td><td>Aproximadamente 383 g<\/td><\/tr><tr><td>EAN<\/td><td>6941590026206<\/td><\/tr><tr><td>Embalaje<\/td><td>1 unidad<\/td><\/tr><tr><td>Nota<\/td><td><strong>Im\u00e1genes ilustrativas. Equipos fotogr\u00e1ficos no incluidos. El producto puede diferir de la imagen mostrada. La imagen puede contener piezas y accesorios que no est\u00e1n incluidos en el producto. Consulte el contenido de la caja y las especificaciones para m\u00e1s detalles.<\/strong><\/td><\/tr><\/tbody><\/table><\/figure>\n","protected":false},"excerpt":{"rendered":"<ul>\n<li data-start=\"122\" data-end=\"192\">\n<p data-start=\"124\" data-end=\"192\">SMALLRIG 5714 S70-A &#8211; Sistema de micr\u00f3fono inal\u00e1mbrico digital 2,4 GHz para dos personas<\/p>\n<\/li>\n<li data-start=\"193\" data-end=\"263\">\n<p data-start=\"195\" data-end=\"263\">Incluye 2 transmisores con micr\u00f3fonos omnidireccionales integrados<\/p>\n<\/li>\n<li data-start=\"264\" data-end=\"332\">\n<p data-start=\"266\" data-end=\"332\">3 receptores: USB-C, Lightning (iOS) y salida 3,5 mm para c\u00e1mara<\/p>\n<\/li>\n<li data-start=\"333\" data-end=\"382\">\n<p data-start=\"335\" data-end=\"382\">Alcance de hasta 300 metros (l\u00ednea de visi\u00f3n)<\/p>\n<\/li>\n<li data-start=\"383\" data-end=\"438\">\n<p data-start=\"385\" data-end=\"438\">Grabaci\u00f3n 48 kHz \/ 24 bits con limitador autom\u00e1tico<\/p>\n<\/li>\n<li data-start=\"439\" data-end=\"498\">\n<p data-start=\"441\" data-end=\"498\">3 niveles de reducci\u00f3n de ruido y 5 niveles de ganancia<\/p>\n<\/li>\n<li data-start=\"499\" data-end=\"550\">\n<p data-start=\"501\" data-end=\"550\">3 modos de mezcla: Mono, Est\u00e9reo y Safety Track<\/p>\n<\/li>\n<li data-start=\"551\" data-end=\"609\">\n<p data-start=\"553\" data-end=\"609\">Hasta 40 horas de autonom\u00eda total con estuche de carga<\/p>\n<\/li>\n<\/ul>\n","protected":false},"featured_media":100913,"comment_status":"open","ping_status":"closed","template":"","meta":{"_acf_changed":false},"product_brand":[2550],"product_cat":[895],"product_tag":[],"class_list":{"0":"post-100911","1":"product","2":"type-product","3":"status-publish","4":"has-post-thumbnail","6":"product_brand-smallrig-es","7":"product_cat-kits-inalambricos","9":"first","10":"pre-order","11":"taxable","12":"shipping-taxable","13":"purchasable","14":"product-type-simple"},"bundled_by":[],"bundle_stock_status":"pre-order","bundle_stock_quantity":null,"bundle_virtual":false,"bundle_layout":"","bundle_add_to_cart_form_location":"","bundle_editable_in_cart":false,"bundle_sold_individually_context":"","bundle_item_grouping":"","bundle_min_size":"","bundle_max_size":"","bundle_price":[],"bundled_items":[],"bundle_sell_ids":[],"acf":[],"_links":{"self":[{"href":"https:\/\/hi-techwonder.com\/es\/wp-json\/wp\/v2\/product\/100911","targetHints":{"allow":["GET"]}}],"collection":[{"href":"https:\/\/hi-techwonder.com\/es\/wp-json\/wp\/v2\/product"}],"about":[{"href":"https:\/\/hi-techwonder.com\/es\/wp-json\/wp\/v2\/types\/product"}],"replies":[{"embeddable":true,"href":"https:\/\/hi-techwonder.com\/es\/wp-json\/wp\/v2\/comments?post=100911"}],"wp:featuredmedia":[{"embeddable":true,"href":"https:\/\/hi-techwonder.com\/es\/wp-json\/wp\/v2\/media\/100913"}],"wp:attachment":[{"href":"https:\/\/hi-techwonder.com\/es\/wp-json\/wp\/v2\/media?parent=100911"}],"wp:term":[{"taxonomy":"product_brand","embeddable":true,"href":"https:\/\/hi-techwonder.com\/es\/wp-json\/wp\/v2\/product_brand?post=100911"},{"taxonomy":"product_cat","embeddable":true,"href":"https:\/\/hi-techwonder.com\/es\/wp-json\/wp\/v2\/product_cat?post=100911"},{"taxonomy":"product_tag","embeddable":true,"href":"https:\/\/hi-techwonder.com\/es\/wp-json\/wp\/v2\/product_tag?post=100911"}],"curies":[{"name":"wp","href":"https:\/\/api.w.org\/{rel}","templated":true}]}}