{"id":101978,"date":"2026-03-17T10:13:44","date_gmt":"2026-03-17T10:13:44","guid":{"rendered":"https:\/\/hi-techwonder.com\/product\/sigma-30mm-f-1-4-dc-dn-e-mount-usada\/"},"modified":"2026-03-17T10:59:12","modified_gmt":"2026-03-17T10:59:12","slug":"sigma-30mm-f-1-4-dc-dn-e-mount-usada","status":"publish","type":"product","link":"https:\/\/hi-techwonder.com\/es\/producto\/sigma-30mm-f-1-4-dc-dn-e-mount-usada\/","title":{"rendered":"Sigma 30mm f\/1.4 DC DN E-Mount (Usada)"},"content":{"rendered":"<p><strong>Caracter\u00edsticas principales:<\/strong><\/p>\n<ul>\n<li>Construcci\u00f3n del objetivo: 9 elementos en 7 grupos<\/li>\n<li>N\u00famero de l\u00e1minas del diafragma: 9 l\u00e1minas<\/li>\n<li>Apertura m\u00ednima: F16<\/li>\n<li>Distancia m\u00ednima de enfoque: 30cm<\/li>\n<li>Relaci\u00f3n de ampliaci\u00f3n m\u00e1xima: 1:7<\/li>\n<li>Tama\u00f1o del filtro: 52mm<\/li>\n<li>Dimensiones: Di\u00e1metro 65,4 mm, Longitud 71,3 mm<\/li>\n<li>Peso: 280g<\/li>\n<\/ul>\n<p><strong>Incluye:<\/strong><\/p>\n<ul>\n<li>Tapa delantera<\/li>\n<li>Tapa trasera<\/li>\n<li>Parasol<\/li>\n<\/ul>\n<p>Nota: Todas las fotos mostradas son im\u00e1genes reales del art\u00edculo.<\/p>\n","protected":false},"excerpt":{"rendered":"<ul>\n<li>Garantia 12 meses<\/li>\n<li>Excelente estado<\/li>\n<\/ul>\n","protected":false},"featured_media":101979,"comment_status":"open","ping_status":"closed","template":"","meta":{"_acf_changed":false},"product_brand":[2647],"product_cat":[1551],"product_tag":[],"class_list":{"0":"post-101978","1":"product","2":"type-product","3":"status-publish","4":"has-post-thumbnail","6":"product_brand-sigma-es","7":"product_cat-objetivos-2a-mano","9":"first","10":"instock","11":"taxable","12":"shipping-taxable","13":"purchasable","14":"product-type-simple"},"bundled_by":[],"bundle_stock_status":"instock","bundle_stock_quantity":1,"bundle_virtual":false,"bundle_layout":"","bundle_add_to_cart_form_location":"","bundle_editable_in_cart":false,"bundle_sold_individually_context":"","bundle_item_grouping":"","bundle_min_size":"","bundle_max_size":"","bundle_price":[],"bundled_items":[],"bundle_sell_ids":[],"acf":[],"_links":{"self":[{"href":"https:\/\/hi-techwonder.com\/es\/wp-json\/wp\/v2\/product\/101978","targetHints":{"allow":["GET"]}}],"collection":[{"href":"https:\/\/hi-techwonder.com\/es\/wp-json\/wp\/v2\/product"}],"about":[{"href":"https:\/\/hi-techwonder.com\/es\/wp-json\/wp\/v2\/types\/product"}],"replies":[{"embeddable":true,"href":"https:\/\/hi-techwonder.com\/es\/wp-json\/wp\/v2\/comments?post=101978"}],"wp:featuredmedia":[{"embeddable":true,"href":"https:\/\/hi-techwonder.com\/es\/wp-json\/wp\/v2\/media\/101979"}],"wp:attachment":[{"href":"https:\/\/hi-techwonder.com\/es\/wp-json\/wp\/v2\/media?parent=101978"}],"wp:term":[{"taxonomy":"product_brand","embeddable":true,"href":"https:\/\/hi-techwonder.com\/es\/wp-json\/wp\/v2\/product_brand?post=101978"},{"taxonomy":"product_cat","embeddable":true,"href":"https:\/\/hi-techwonder.com\/es\/wp-json\/wp\/v2\/product_cat?post=101978"},{"taxonomy":"product_tag","embeddable":true,"href":"https:\/\/hi-techwonder.com\/es\/wp-json\/wp\/v2\/product_tag?post=101978"}],"curies":[{"name":"wp","href":"https:\/\/api.w.org\/{rel}","templated":true}]}}