{"id":102006,"date":"2026-03-17T11:42:30","date_gmt":"2026-03-17T11:42:30","guid":{"rendered":"https:\/\/hi-techwonder.com\/product\/ttartisan-tilt-shift-17mm-f-4-e-mount-usada\/"},"modified":"2026-03-17T12:40:46","modified_gmt":"2026-03-17T12:40:46","slug":"ttartisan-tilt-shift-17mm-f-4-e-mount-usada","status":"publish","type":"product","link":"https:\/\/hi-techwonder.com\/es\/producto\/ttartisan-tilt-shift-17mm-f-4-e-mount-usada\/","title":{"rendered":"TTArtisan Tilt-Shift 17mm f\/4 E-Mount (Usada)"},"content":{"rendered":"<p><strong>Caracter\u00edsticas principales:<\/strong><\/p>\n<ul>\n<li data-start=\"3279\" data-end=\"3330\">Objetivo ultra gran angular tilt-shift de 17 mm<\/li>\n<li data-start=\"3333\" data-end=\"3405\">C\u00edrculo de imagen de 64 mm: superior al de los formatos de fotograma completo y medio<\/li>\n<li data-start=\"3408\" data-end=\"3460\">Funci\u00f3n de desplazamiento de \u00b18 mm para la correcci\u00f3n de la perspectiva<\/li>\n<li data-start=\"3463\" data-end=\"3524\">Funci\u00f3n de inclinaci\u00f3n de 8\u00b0 para el enfoque selectivo y el efecto de miniatura<\/li>\n<li data-start=\"3527\" data-end=\"3572\">Rotaci\u00f3n de 360\u00b0 con pasos de 15\u00b0<\/li>\n<li data-start=\"3575\" data-end=\"3644\">10 l\u00e1minas de diafragma para un bokeh suave y un efecto de estrella de 10 puntas<\/li>\n<li data-start=\"3647\" data-end=\"3696\">Cuerpo met\u00e1lico con anillo de apertura con clics<\/li>\n<li data-start=\"3699\" data-end=\"3770\">Dise\u00f1o \u00f3ptico avanzado: 17 elementos en 11 grupos, con 2 asf\u00e9ricos<\/li>\n<\/ul>\n<p><strong>Incluye:<\/strong><\/p>\n<ul>\n<li>Tapa delantera<\/li>\n<li>Tapa trasera<\/li>\n<li>Parasol<\/li>\n<\/ul>\n<p>Nota: Todas las fotos mostradas son im\u00e1genes reales del art\u00edculo.<\/p>\n","protected":false},"excerpt":{"rendered":"<ul>\n<li>Excelente estado<\/li>\n<li>Garant\u00eda hasta el 6\/11\/2028<\/li>\n<\/ul>\n","protected":false},"featured_media":102007,"comment_status":"open","ping_status":"closed","template":"","meta":{"_acf_changed":false},"product_brand":[2545],"product_cat":[1551],"product_tag":[],"class_list":{"0":"post-102006","1":"product","2":"type-product","3":"status-publish","4":"has-post-thumbnail","6":"product_brand-ttartisan-es","7":"product_cat-objetivos-2a-mano","9":"first","10":"instock","11":"taxable","12":"shipping-taxable","13":"purchasable","14":"product-type-simple"},"bundled_by":[],"bundle_stock_status":"instock","bundle_stock_quantity":1,"bundle_virtual":false,"bundle_layout":"","bundle_add_to_cart_form_location":"","bundle_editable_in_cart":false,"bundle_sold_individually_context":"","bundle_item_grouping":"","bundle_min_size":"","bundle_max_size":"","bundle_price":[],"bundled_items":[],"bundle_sell_ids":[],"acf":[],"_links":{"self":[{"href":"https:\/\/hi-techwonder.com\/es\/wp-json\/wp\/v2\/product\/102006","targetHints":{"allow":["GET"]}}],"collection":[{"href":"https:\/\/hi-techwonder.com\/es\/wp-json\/wp\/v2\/product"}],"about":[{"href":"https:\/\/hi-techwonder.com\/es\/wp-json\/wp\/v2\/types\/product"}],"replies":[{"embeddable":true,"href":"https:\/\/hi-techwonder.com\/es\/wp-json\/wp\/v2\/comments?post=102006"}],"wp:featuredmedia":[{"embeddable":true,"href":"https:\/\/hi-techwonder.com\/es\/wp-json\/wp\/v2\/media\/102007"}],"wp:attachment":[{"href":"https:\/\/hi-techwonder.com\/es\/wp-json\/wp\/v2\/media?parent=102006"}],"wp:term":[{"taxonomy":"product_brand","embeddable":true,"href":"https:\/\/hi-techwonder.com\/es\/wp-json\/wp\/v2\/product_brand?post=102006"},{"taxonomy":"product_cat","embeddable":true,"href":"https:\/\/hi-techwonder.com\/es\/wp-json\/wp\/v2\/product_cat?post=102006"},{"taxonomy":"product_tag","embeddable":true,"href":"https:\/\/hi-techwonder.com\/es\/wp-json\/wp\/v2\/product_tag?post=102006"}],"curies":[{"name":"wp","href":"https:\/\/api.w.org\/{rel}","templated":true}]}}