{"id":102022,"date":"2026-03-17T12:43:33","date_gmt":"2026-03-17T12:43:33","guid":{"rendered":"https:\/\/hi-techwonder.com\/product\/viltrox-af-35mm-f-1-2-lab-e-mount-usada\/"},"modified":"2026-04-17T16:44:53","modified_gmt":"2026-04-17T15:44:53","slug":"viltrox-af-35mm-f-1-2-lab-e-mount-usada","status":"publish","type":"product","link":"https:\/\/hi-techwonder.com\/es\/producto\/viltrox-af-35mm-f-1-2-lab-e-mount-usada\/","title":{"rendered":"Viltrox AF 35mm f\/1.2 LAB E-Mount (Usada)"},"content":{"rendered":"<h4>Caracter\u00edsticas principales:<\/h4>\n<ul>\n<li>Apertura ultraluminosa F1.2: excelente rendimiento con poca luz y bokeh cinematogr\u00e1fico.<\/li>\n<li>Enfoque autom\u00e1tico r\u00e1pido y preciso: motor HyperVCM con reconocimiento de ojos y rostros.<\/li>\n<li>Construcci\u00f3n de alta calidad: resistente al polvo y a la humedad, cuerpo de aleaci\u00f3n de magnesio.<\/li>\n<li>Controles profesionales: Anillo multifunci\u00f3n, botones Fn personalizables y pantalla a color.<\/li>\n<li>\u00d3ptica avanzada: 15 elementos (5 ED, 3 de alta refracci\u00f3n, 2 asf\u00e9ricos UA) para una nitidez m\u00e1xima.<\/li>\n<\/ul>\n<h4>Contenido de la caja:<\/h4>\n<ul>\n<li>Tapa frontal<\/li>\n<li>Tapa trasera<\/li>\n<li>Parasol<\/li>\n<\/ul>\n<p>Nota: Todas las fotos mostradas son im\u00e1genes reales del art\u00edculo.<\/p>\n","protected":false},"excerpt":{"rendered":"<ul>\n<li>Excelente estado<\/li>\n<li>Garant\u00eda hasta el 12\/05\/28<\/li>\n<\/ul>\n","protected":false},"featured_media":102023,"comment_status":"open","ping_status":"closed","template":"","meta":{"_acf_changed":false},"product_brand":[2544],"product_cat":[1551],"product_tag":[],"class_list":{"0":"post-102022","1":"product","2":"type-product","3":"status-publish","4":"has-post-thumbnail","6":"product_brand-viltrox-es","7":"product_cat-objetivos-2a-mano","9":"first","10":"instock","11":"taxable","12":"shipping-taxable","13":"purchasable","14":"product-type-simple"},"bundled_by":[],"bundle_stock_status":"instock","bundle_stock_quantity":1,"bundle_virtual":false,"bundle_layout":"","bundle_add_to_cart_form_location":"","bundle_editable_in_cart":false,"bundle_sold_individually_context":"","bundle_item_grouping":"","bundle_min_size":"","bundle_max_size":"","bundle_price":[],"bundled_items":[],"bundle_sell_ids":[],"acf":[],"_links":{"self":[{"href":"https:\/\/hi-techwonder.com\/es\/wp-json\/wp\/v2\/product\/102022","targetHints":{"allow":["GET"]}}],"collection":[{"href":"https:\/\/hi-techwonder.com\/es\/wp-json\/wp\/v2\/product"}],"about":[{"href":"https:\/\/hi-techwonder.com\/es\/wp-json\/wp\/v2\/types\/product"}],"replies":[{"embeddable":true,"href":"https:\/\/hi-techwonder.com\/es\/wp-json\/wp\/v2\/comments?post=102022"}],"wp:featuredmedia":[{"embeddable":true,"href":"https:\/\/hi-techwonder.com\/es\/wp-json\/wp\/v2\/media\/102023"}],"wp:attachment":[{"href":"https:\/\/hi-techwonder.com\/es\/wp-json\/wp\/v2\/media?parent=102022"}],"wp:term":[{"taxonomy":"product_brand","embeddable":true,"href":"https:\/\/hi-techwonder.com\/es\/wp-json\/wp\/v2\/product_brand?post=102022"},{"taxonomy":"product_cat","embeddable":true,"href":"https:\/\/hi-techwonder.com\/es\/wp-json\/wp\/v2\/product_cat?post=102022"},{"taxonomy":"product_tag","embeddable":true,"href":"https:\/\/hi-techwonder.com\/es\/wp-json\/wp\/v2\/product_tag?post=102022"}],"curies":[{"name":"wp","href":"https:\/\/api.w.org\/{rel}","templated":true}]}}