{"id":103312,"date":"2026-04-06T11:30:38","date_gmt":"2026-04-06T10:30:38","guid":{"rendered":"https:\/\/hi-techwonder.com\/product\/starblitz-filtro-uv-e-de-protecao-39mm\/"},"modified":"2026-04-06T16:35:43","modified_gmt":"2026-04-06T15:35:43","slug":"starblitz-filtro-uv-e-protecao-39mm","status":"publish","type":"product","link":"https:\/\/hi-techwonder.com\/es\/producto\/starblitz-filtro-uv-e-protecao-39mm\/","title":{"rendered":"STARBLITZ Filtro UV (Ultravioleta) y de Protecci\u00f3n 39 mm"},"content":{"rendered":"<p data-path-to-node=\"2\">Cuando se coloca sobre el objetivo, este filtro sirve de protecci\u00f3n contra salpicaduras de agua, part\u00edculas de polvo, peque\u00f1os golpes y ara\u00f1azos accidentales. En fotos realizadas en exteriores, este filtro con tratamiento ultravioleta incoloro absorbe las radiaciones UV y los rayos de onda corta.<\/p>\n<p data-path-to-node=\"3\">Incluso instalado, este filtro no impide la utilizaci\u00f3n de un parasol en el objetivo. Los filtros UV tienen como objetivo filtrar la radiaci\u00f3n ultravioleta; a pesar de ser invisibles al ojo humano, los rayos UV son responsables de producir el efecto de neblina atmosf\u00e9rica.<\/p>\n<p data-path-to-node=\"4\">Para verificar el di\u00e1metro correcto del filtro, basta con consultar el manual del objetivo o comprobar el di\u00e1metro marcado en el propio objetivo (por ejemplo: 49mm, 52mm, 55mm).<\/p>\n<p data-path-to-node=\"5\">Este filtro tiene dos funciones esenciales:<\/p>\n<p data-path-to-node=\"6\"><b data-path-to-node=\"6\" data-index-in-node=\"0\">Tratamiento anti-UV<\/b> El uso del filtro UV reduce este efecto en entornos donde hay un exceso de radiaci\u00f3n UV, produciendo im\u00e1genes m\u00e1s n\u00edtidas. Se recomienda para fotograf\u00edas junto al mar y paisajes de monta\u00f1a.<\/p>\n<p data-path-to-node=\"7\"><b data-path-to-node=\"7\" data-index-in-node=\"0\">Protecci\u00f3n<\/b> El filtro UV sirve de protector permanente para la lente del objetivo contra ara\u00f1azos, polvo, salpicaduras de agua y la grasa de los dedos. Al mantenerse fijado permanentemente al objetivo, este filtro proteger\u00e1 eficazmente la lente frontal de su \u00f3ptica.<\/p>\n","protected":false},"excerpt":{"rendered":"<p>Cuando se coloca sobre el objetivo, este filtro sirve de protecci\u00f3n contra salpicaduras de agua, part\u00edculas de polvo, peque\u00f1os golpes<\/p>\n","protected":false},"featured_media":103313,"comment_status":"open","ping_status":"closed","template":"","meta":{"_acf_changed":false},"product_brand":[2583],"product_cat":[1052],"product_tag":[],"class_list":{"0":"post-103312","1":"product","2":"type-product","3":"status-publish","4":"has-post-thumbnail","6":"product_brand-starblitz-es","7":"product_cat-proteccion-uv","9":"first","10":"instock","11":"taxable","12":"shipping-taxable","13":"purchasable","14":"product-type-simple"},"bundled_by":[],"bundle_stock_status":"instock","bundle_stock_quantity":1,"bundle_virtual":false,"bundle_layout":"","bundle_add_to_cart_form_location":"","bundle_editable_in_cart":false,"bundle_sold_individually_context":"","bundle_item_grouping":"","bundle_min_size":"","bundle_max_size":"","bundle_price":[],"bundled_items":[],"bundle_sell_ids":[],"acf":[],"_links":{"self":[{"href":"https:\/\/hi-techwonder.com\/es\/wp-json\/wp\/v2\/product\/103312","targetHints":{"allow":["GET"]}}],"collection":[{"href":"https:\/\/hi-techwonder.com\/es\/wp-json\/wp\/v2\/product"}],"about":[{"href":"https:\/\/hi-techwonder.com\/es\/wp-json\/wp\/v2\/types\/product"}],"replies":[{"embeddable":true,"href":"https:\/\/hi-techwonder.com\/es\/wp-json\/wp\/v2\/comments?post=103312"}],"wp:featuredmedia":[{"embeddable":true,"href":"https:\/\/hi-techwonder.com\/es\/wp-json\/wp\/v2\/media\/103313"}],"wp:attachment":[{"href":"https:\/\/hi-techwonder.com\/es\/wp-json\/wp\/v2\/media?parent=103312"}],"wp:term":[{"taxonomy":"product_brand","embeddable":true,"href":"https:\/\/hi-techwonder.com\/es\/wp-json\/wp\/v2\/product_brand?post=103312"},{"taxonomy":"product_cat","embeddable":true,"href":"https:\/\/hi-techwonder.com\/es\/wp-json\/wp\/v2\/product_cat?post=103312"},{"taxonomy":"product_tag","embeddable":true,"href":"https:\/\/hi-techwonder.com\/es\/wp-json\/wp\/v2\/product_tag?post=103312"}],"curies":[{"name":"wp","href":"https:\/\/api.w.org\/{rel}","templated":true}]}}