{"id":103814,"date":"2026-04-14T14:41:07","date_gmt":"2026-04-14T13:41:07","guid":{"rendered":"https:\/\/hi-techwonder.com\/product\/sigma-14-24mm-f-2-8-dg-dn-art-e-mount-usada\/"},"modified":"2026-04-14T15:06:39","modified_gmt":"2026-04-14T14:06:39","slug":"sigma-14-24mm-f-2-8-dg-dn-art-e-mount-usada","status":"publish","type":"product","link":"https:\/\/hi-techwonder.com\/es\/producto\/sigma-14-24mm-f-2-8-dg-dn-art-e-mount-usada\/","title":{"rendered":"Sigma 14-24mm f\/2.8 DG DN Art &#8211; E-Mount (Usada)"},"content":{"rendered":"<h4>Caracter\u00edsticas principales:<\/h4>\n<ul>\n<li>Construcci\u00f3n: 18 elementos en 13 grupos<\/li>\n<li>\u00c1ngulo de visi\u00f3n (35 mm): 114,2 \u2013 84,1\u00b0<\/li>\n<li>N\u00famero de l\u00e1minas del diafragma: 11 (circulares)<\/li>\n<li>Apertura m\u00ednima: F22<\/li>\n<li>Distancia m\u00ednima de enfoque: 28 cm<\/li>\n<li>Relaci\u00f3n de ampliaci\u00f3n m\u00e1xima: 1:7.3<\/li>\n<li>Dimensiones (di\u00e1metro \u00d7 longitud): 85,0mm \u00d7 131,0mm<\/li>\n<li>Peso: 795g<\/li>\n<\/ul>\n<h4>Contenido de la caja:<\/h4>\n<ul>\n<li>Tapa delantera<\/li>\n<li>Tapa trasera<\/li>\n<li>Parasol<\/li>\n<li>Funda de transporte<\/li>\n<\/ul>\n<p>Observaci\u00f3n: Todas las fotos mostradas son im\u00e1genes reales del art\u00edculo.<\/p>\n","protected":false},"excerpt":{"rendered":"<ul>\n<li>Garantia 12 meses<\/li>\n<li>Excelente estado<\/li>\n<\/ul>\n","protected":false},"featured_media":103815,"comment_status":"open","ping_status":"closed","template":"","meta":{"_acf_changed":false},"product_brand":[2647],"product_cat":[1551],"product_tag":[],"class_list":{"0":"post-103814","1":"product","2":"type-product","3":"status-publish","4":"has-post-thumbnail","6":"product_brand-sigma-es","7":"product_cat-objetivos-2a-mano","9":"first","10":"instock","11":"taxable","12":"shipping-taxable","13":"purchasable","14":"product-type-simple"},"bundled_by":[],"bundle_stock_status":"instock","bundle_stock_quantity":1,"bundle_virtual":false,"bundle_layout":"","bundle_add_to_cart_form_location":"","bundle_editable_in_cart":false,"bundle_sold_individually_context":"","bundle_item_grouping":"","bundle_min_size":"","bundle_max_size":"","bundle_price":[],"bundled_items":[],"bundle_sell_ids":[],"acf":[],"_links":{"self":[{"href":"https:\/\/hi-techwonder.com\/es\/wp-json\/wp\/v2\/product\/103814","targetHints":{"allow":["GET"]}}],"collection":[{"href":"https:\/\/hi-techwonder.com\/es\/wp-json\/wp\/v2\/product"}],"about":[{"href":"https:\/\/hi-techwonder.com\/es\/wp-json\/wp\/v2\/types\/product"}],"replies":[{"embeddable":true,"href":"https:\/\/hi-techwonder.com\/es\/wp-json\/wp\/v2\/comments?post=103814"}],"wp:featuredmedia":[{"embeddable":true,"href":"https:\/\/hi-techwonder.com\/es\/wp-json\/wp\/v2\/media\/103815"}],"wp:attachment":[{"href":"https:\/\/hi-techwonder.com\/es\/wp-json\/wp\/v2\/media?parent=103814"}],"wp:term":[{"taxonomy":"product_brand","embeddable":true,"href":"https:\/\/hi-techwonder.com\/es\/wp-json\/wp\/v2\/product_brand?post=103814"},{"taxonomy":"product_cat","embeddable":true,"href":"https:\/\/hi-techwonder.com\/es\/wp-json\/wp\/v2\/product_cat?post=103814"},{"taxonomy":"product_tag","embeddable":true,"href":"https:\/\/hi-techwonder.com\/es\/wp-json\/wp\/v2\/product_tag?post=103814"}],"curies":[{"name":"wp","href":"https:\/\/api.w.org\/{rel}","templated":true}]}}