{"id":103830,"date":"2026-04-14T15:36:05","date_gmt":"2026-04-14T14:36:05","guid":{"rendered":"https:\/\/hi-techwonder.com\/product\/sony-28-70mm-f3-5-5-6-oss-usada\/"},"modified":"2026-04-14T15:45:33","modified_gmt":"2026-04-14T14:45:33","slug":"sony-28-70mm-f3-5-5-6-oss-usada","status":"publish","type":"product","link":"https:\/\/hi-techwonder.com\/es\/producto\/sony-28-70mm-f3-5-5-6-oss-usada\/","title":{"rendered":"Sony 28-70mm f\/3.5-5.6 OSS (Usada)"},"content":{"rendered":"<h4>Contenido de la caja:<\/h4>\n<ul>\n<li>Tapa delantera<\/li>\n<li>Tapa trasera<\/li>\n<li>Parasol<\/li>\n<\/ul>\n<p>Observaci\u00f3n: Todas las fotos que se muestran son im\u00e1genes reales del art\u00edculo.<\/p>\n","protected":false},"excerpt":{"rendered":"<ul>\n<li>Garantia 12 meses<\/li>\n<li>Semi nueva<\/li>\n<\/ul>\n","protected":false},"featured_media":103831,"comment_status":"open","ping_status":"closed","template":"","meta":{"_acf_changed":false},"product_brand":[2537],"product_cat":[1551],"product_tag":[],"class_list":{"0":"post-103830","1":"product","2":"type-product","3":"status-publish","4":"has-post-thumbnail","6":"product_brand-sony-es","7":"product_cat-objetivos-2a-mano","9":"first","10":"instock","11":"taxable","12":"shipping-taxable","13":"purchasable","14":"product-type-simple"},"bundled_by":[],"bundle_stock_status":"instock","bundle_stock_quantity":1,"bundle_virtual":false,"bundle_layout":"","bundle_add_to_cart_form_location":"","bundle_editable_in_cart":false,"bundle_sold_individually_context":"","bundle_item_grouping":"","bundle_min_size":"","bundle_max_size":"","bundle_price":[],"bundled_items":[],"bundle_sell_ids":[],"acf":[],"_links":{"self":[{"href":"https:\/\/hi-techwonder.com\/es\/wp-json\/wp\/v2\/product\/103830","targetHints":{"allow":["GET"]}}],"collection":[{"href":"https:\/\/hi-techwonder.com\/es\/wp-json\/wp\/v2\/product"}],"about":[{"href":"https:\/\/hi-techwonder.com\/es\/wp-json\/wp\/v2\/types\/product"}],"replies":[{"embeddable":true,"href":"https:\/\/hi-techwonder.com\/es\/wp-json\/wp\/v2\/comments?post=103830"}],"wp:featuredmedia":[{"embeddable":true,"href":"https:\/\/hi-techwonder.com\/es\/wp-json\/wp\/v2\/media\/103831"}],"wp:attachment":[{"href":"https:\/\/hi-techwonder.com\/es\/wp-json\/wp\/v2\/media?parent=103830"}],"wp:term":[{"taxonomy":"product_brand","embeddable":true,"href":"https:\/\/hi-techwonder.com\/es\/wp-json\/wp\/v2\/product_brand?post=103830"},{"taxonomy":"product_cat","embeddable":true,"href":"https:\/\/hi-techwonder.com\/es\/wp-json\/wp\/v2\/product_cat?post=103830"},{"taxonomy":"product_tag","embeddable":true,"href":"https:\/\/hi-techwonder.com\/es\/wp-json\/wp\/v2\/product_tag?post=103830"}],"curies":[{"name":"wp","href":"https:\/\/api.w.org\/{rel}","templated":true}]}}