{"id":105102,"date":"2026-04-29T16:51:28","date_gmt":"2026-04-29T15:51:28","guid":{"rendered":"https:\/\/hi-techwonder.com\/product\/canon-rf-s-18-150mm-f3-5-6-3-is-stm-bulk\/"},"modified":"2026-04-29T17:03:05","modified_gmt":"2026-04-29T16:03:05","slug":"canon-rf-s-18-150mm-f3-5-6-3-is-stm-bulk","status":"publish","type":"product","link":"https:\/\/hi-techwonder.com\/es\/producto\/canon-rf-s-18-150mm-f3-5-6-3-is-stm-bulk\/","title":{"rendered":"CANON RF-S 18-150mm F3.5-6.3 IS STM (BULK)"},"content":{"rendered":"<p><strong>IMPORTANTE: Art\u00edculo \u00abBULK\u00bb, objetivo extra\u00eddo de un kit y que se vende sin la caja original. Se trata de un art\u00edculo nuevo y mantiene la garant\u00eda legal.<\/strong><\/p>\n<p>&nbsp;<\/p>\n<p><strong>CANON RF-S 18-150MM F3.5-6.3 IS STM<\/strong><\/p>\n<p>Llega m\u00e1s lejos y ac\u00e9rcate sin cambiar de objetivo. El RF-S 18-150 mm F3.5-6.3 IS STM es un objetivo zoom APS-C ligero y compacto de la serie EOS R que ofrece un estabilizador \u00f3ptico de imagen de 4,5 puntos y un potente rango de 18-150 mm para obtener im\u00e1genes impresionantes, tanto de cerca como de lejos.<\/p>\n<p><strong>EMPIEZA Y VE M\u00c1S ALL\u00c1<\/strong><\/p>\n<p>Ve m\u00e1s all\u00e1 de lo habitual con la c\u00e1mara APS-C de la serie EOS R y acopla un objetivo de gran calidad. Con un potente rango de zoom de 18-150 mm1, es perfecto para capturar viajes, vida salvaje e incluso im\u00e1genes macro. Compacto, ligero y silencioso, su estabilizador \u00f3ptico de imagen de 4,5 puntos ofrece una mayor versatilidad para ayudar a eliminar las vibraciones de la c\u00e1mara, incluso en condiciones de poca luz.<\/p>\n<p><strong>Llega m\u00e1s lejos con un objetivo de viaje vers\u00e1til<\/strong><\/p>\n<p>Captura la vida en todo su esplendor con un zoom APS-C de 8,3x que ofrece una distancia focal \u00fatil de 29-240 mm (equivalente a 35 mm). Es ideal para paisajes, fauna en el jard\u00edn, deportes o viajes, y cabe f\u00e1cilmente en tu kit.<\/p>\n<p><strong>Im\u00e1genes y v\u00eddeos n\u00edtidos y estables sin tr\u00edpode<\/strong><\/p>\n<p>Haz que las vibraciones de la c\u00e1mara sean cosa del pasado con la ayuda de un estabilizador \u00f3ptico de imagen de 4,5 puntos, que permite disparar sin tr\u00edpode para obtener v\u00eddeos suaves y estables y fotograf\u00edas n\u00edtidas y v\u00edvidas. Con determinados<\/p>\n<p><strong>Control creativo con un enfoque suave y silencioso<\/strong><\/p>\n<p>La apertura circular de siete l\u00e1minas f\/3,5-6,3 es perfecta para crear luces altas difuminadas de forma creativa o un efecto \u00abbokeh\u00bb que permite obtener fotograf\u00edas incre\u00edblemente expresivas, mientras que un motor STM garantiza un enfoque suave, silencioso y r\u00e1pido.<\/p>\n<p><strong>Experimenta con el enfoque manual y macro<\/strong><\/p>\n<p>Activa el modo manual y disfruta de la funci\u00f3n macro en el modo MF. Es la soluci\u00f3n perfecta para capturar motivos con gran detalle y te permite acercarte mucho a ellos. A una distancia focal de 35 mm, ofrece un aumento m\u00e1ximo de 0,59x.<\/p>\n<p><strong>Ligero y compacto, perfecto para el d\u00eda a d\u00eda<\/strong><\/p>\n<p>El peso combinado del RF-S 18-150 mm F3,5-6,3 IS STM y la c\u00e1mara sin espejo EOS R APS-C ofrece una reducci\u00f3n de peso significativa en comparaci\u00f3n con una DSLR equivalente. El peso reducido permite un mayor tiempo de uso sin perder ni un solo momento.<\/p>\n","protected":false},"excerpt":{"rendered":"<p>IMPORTANTE: Art\u00edculo \u00abBULK\u00bb, objetivo extra\u00eddo de un kit y que se vende sin la caja original. Se trata de un<\/p>\n","protected":false},"featured_media":105103,"comment_status":"open","ping_status":"closed","template":"","meta":{"_acf_changed":false},"product_brand":[2538],"product_cat":[1062],"product_tag":[],"class_list":{"0":"post-105102","1":"product","2":"type-product","3":"status-publish","4":"has-post-thumbnail","6":"product_brand-canon-es","7":"product_cat-mirrorless-objectivos","9":"first","10":"instock","11":"taxable","12":"shipping-taxable","13":"purchasable","14":"product-type-simple"},"bundled_by":[],"bundle_stock_status":"instock","bundle_stock_quantity":1,"bundle_virtual":false,"bundle_layout":"","bundle_add_to_cart_form_location":"","bundle_editable_in_cart":false,"bundle_sold_individually_context":"","bundle_item_grouping":"","bundle_min_size":"","bundle_max_size":"","bundle_price":[],"bundled_items":[],"bundle_sell_ids":[],"acf":[],"_links":{"self":[{"href":"https:\/\/hi-techwonder.com\/es\/wp-json\/wp\/v2\/product\/105102","targetHints":{"allow":["GET"]}}],"collection":[{"href":"https:\/\/hi-techwonder.com\/es\/wp-json\/wp\/v2\/product"}],"about":[{"href":"https:\/\/hi-techwonder.com\/es\/wp-json\/wp\/v2\/types\/product"}],"replies":[{"embeddable":true,"href":"https:\/\/hi-techwonder.com\/es\/wp-json\/wp\/v2\/comments?post=105102"}],"wp:featuredmedia":[{"embeddable":true,"href":"https:\/\/hi-techwonder.com\/es\/wp-json\/wp\/v2\/media\/105103"}],"wp:attachment":[{"href":"https:\/\/hi-techwonder.com\/es\/wp-json\/wp\/v2\/media?parent=105102"}],"wp:term":[{"taxonomy":"product_brand","embeddable":true,"href":"https:\/\/hi-techwonder.com\/es\/wp-json\/wp\/v2\/product_brand?post=105102"},{"taxonomy":"product_cat","embeddable":true,"href":"https:\/\/hi-techwonder.com\/es\/wp-json\/wp\/v2\/product_cat?post=105102"},{"taxonomy":"product_tag","embeddable":true,"href":"https:\/\/hi-techwonder.com\/es\/wp-json\/wp\/v2\/product_tag?post=105102"}],"curies":[{"name":"wp","href":"https:\/\/api.w.org\/{rel}","templated":true}]}}