{"id":105288,"date":"2026-04-30T15:07:21","date_gmt":"2026-04-30T14:07:21","guid":{"rendered":"https:\/\/hi-techwonder.com\/product\/sigma-28-105mm-f2-8-dg-dn-art-e-mount-usada\/"},"modified":"2026-04-30T15:47:51","modified_gmt":"2026-04-30T14:47:51","slug":"sigma-28-105mm-f2-8-dg-dn-art-e-mount-usada","status":"publish","type":"product","link":"https:\/\/hi-techwonder.com\/es\/producto\/sigma-28-105mm-f2-8-dg-dn-art-e-mount-usada\/","title":{"rendered":"Sigma 28-105mm F2.8 DG DN Art E-mount (Usada)"},"content":{"rendered":"<h4>Caracter\u00edsticas principales:<\/h4>\n<ul>\n<li>Construcci\u00f3n del objetivo: 18 elementos en 13 grupos (2 FLD, 1 SLD, 5 elementos asf\u00e9ricos)<\/li>\n<li>\u00c1ngulo de visi\u00f3n: 75,4-23,3\u00b0<\/li>\n<li>N\u00famero de l\u00e1minas del diafragma: 12 (diafragma redondeado)<\/li>\n<li>Apertura m\u00ednima: F22<\/li>\n<li>Distancia focal m\u00ednima: 40 cm<\/li>\n<li>Relaci\u00f3n de ampliaci\u00f3n m\u00e1xima: 1:3,1 a f=105 mm<\/li>\n<li>Tama\u00f1o del filtro: 82 mm<\/li>\n<li>Dimensiones (di\u00e1metro \u00d7 longitud): 87,8 mm \u00d7 157,9 mm \/ 3,5 pulgadas \u00d7 6,2 pulgadas<\/li>\n<li>Peso: 995g<\/li>\n<\/ul>\n<h4>Contenido de la caja:<\/h4>\n<ul>\n<li>Tapa delantera<\/li>\n<li>Tapa trasera<\/li>\n<li>Parasol<\/li>\n<li>Funda de transporte<\/li>\n<\/ul>\n<p>Nota: Todas las fotos mostradas son im\u00e1genes reales del art\u00edculo.<\/p>\n","protected":false},"excerpt":{"rendered":"<ul>\n<li>Excelente estado<\/li>\n<li>Garantia 12 meses<\/li>\n<\/ul>\n","protected":false},"featured_media":105289,"comment_status":"open","ping_status":"closed","template":"","meta":{"_acf_changed":false},"product_brand":[2647],"product_cat":[1551],"product_tag":[],"class_list":{"0":"post-105288","1":"product","2":"type-product","3":"status-publish","4":"has-post-thumbnail","6":"product_brand-sigma-es","7":"product_cat-objetivos-2a-mano","9":"first","10":"instock","11":"taxable","12":"shipping-taxable","13":"purchasable","14":"product-type-simple"},"bundled_by":[],"bundle_stock_status":"instock","bundle_stock_quantity":1,"bundle_virtual":false,"bundle_layout":"","bundle_add_to_cart_form_location":"","bundle_editable_in_cart":false,"bundle_sold_individually_context":"","bundle_item_grouping":"","bundle_min_size":"","bundle_max_size":"","bundle_price":[],"bundled_items":[],"bundle_sell_ids":[],"acf":[],"_links":{"self":[{"href":"https:\/\/hi-techwonder.com\/es\/wp-json\/wp\/v2\/product\/105288","targetHints":{"allow":["GET"]}}],"collection":[{"href":"https:\/\/hi-techwonder.com\/es\/wp-json\/wp\/v2\/product"}],"about":[{"href":"https:\/\/hi-techwonder.com\/es\/wp-json\/wp\/v2\/types\/product"}],"replies":[{"embeddable":true,"href":"https:\/\/hi-techwonder.com\/es\/wp-json\/wp\/v2\/comments?post=105288"}],"wp:featuredmedia":[{"embeddable":true,"href":"https:\/\/hi-techwonder.com\/es\/wp-json\/wp\/v2\/media\/105289"}],"wp:attachment":[{"href":"https:\/\/hi-techwonder.com\/es\/wp-json\/wp\/v2\/media?parent=105288"}],"wp:term":[{"taxonomy":"product_brand","embeddable":true,"href":"https:\/\/hi-techwonder.com\/es\/wp-json\/wp\/v2\/product_brand?post=105288"},{"taxonomy":"product_cat","embeddable":true,"href":"https:\/\/hi-techwonder.com\/es\/wp-json\/wp\/v2\/product_cat?post=105288"},{"taxonomy":"product_tag","embeddable":true,"href":"https:\/\/hi-techwonder.com\/es\/wp-json\/wp\/v2\/product_tag?post=105288"}],"curies":[{"name":"wp","href":"https:\/\/api.w.org\/{rel}","templated":true}]}}