{"id":12222,"date":"2025-07-23T22:56:40","date_gmt":"2025-07-23T22:56:40","guid":{"rendered":"https:\/\/fv6qoy3ls0.wpdns.site\/produto\/nisi-adaptador-77mm-para-adaptador-s5-s6-de-105mm\/"},"modified":"2026-04-08T12:29:08","modified_gmt":"2026-04-08T11:29:08","slug":"nisi-adaptador-77mm-para-adaptador-s5-s6-de-105mm","status":"publish","type":"product","link":"https:\/\/hi-techwonder.com\/es\/producto\/nisi-adaptador-77mm-para-adaptador-s5-s6-de-105mm\/","title":{"rendered":"NiSi Adaptador 77mm para adaptador S5\/S6 de 105mm"},"content":{"rendered":"<div class=\"rte\">\n<h3><strong>NiSi Adaptador 77mm para adaptador S5\/S6 de 105mm<\/strong><\/h3>\n<p>O adaptador NiSi 77-105mm para S5\/S6 para roscas de filtro padr\u00e3o permite que uma lente de 77mm se encaixe na montagem S5\/S6 para roscas de filtro padr\u00e3o. O adaptador \u00e9 um anel step-up de 77 mm a 105 mm e possui constru\u00e7\u00e3o em liga de alum\u00ednio para maior durabilidade, mantendo-se leve.<\/p>\n<p>Saiba mais sobre o nosso sistema de <a href=\"https:\/\/nisioptics.pt\/categoria\/descobre\/descobre-sistema-150mm\/\" target=\"_blank\" rel=\"noopener\">150mm<\/a>.<\/p>\n<\/div>\n","protected":false},"excerpt":{"rendered":"<ul>\n<li>Adaptador de lente de 77 mm a adaptador NiSi S5\/S6 de 105 mm.<\/li>\n<li>Adaptador fabricado em alum\u00ednio.<\/li>\n<\/ul>\n","protected":false},"featured_media":8473,"comment_status":"closed","ping_status":"closed","template":"","meta":{"_acf_changed":false},"product_brand":[2543],"product_cat":[1056],"product_tag":[],"class_list":{"0":"post-12222","1":"product","2":"type-product","3":"status-publish","4":"has-post-thumbnail","6":"product_brand-nisioptics-es","7":"product_cat-accesorios-150mm","9":"first","10":"instock","11":"taxable","12":"shipping-taxable","13":"purchasable","14":"product-type-simple"},"bundled_by":[],"bundle_stock_status":"instock","bundle_stock_quantity":1,"bundle_virtual":false,"bundle_layout":"","bundle_add_to_cart_form_location":"","bundle_editable_in_cart":false,"bundle_sold_individually_context":"","bundle_item_grouping":"","bundle_min_size":"","bundle_max_size":"","bundle_price":[],"bundled_items":[],"bundle_sell_ids":[],"acf":[],"_links":{"self":[{"href":"https:\/\/hi-techwonder.com\/es\/wp-json\/wp\/v2\/product\/12222","targetHints":{"allow":["GET"]}}],"collection":[{"href":"https:\/\/hi-techwonder.com\/es\/wp-json\/wp\/v2\/product"}],"about":[{"href":"https:\/\/hi-techwonder.com\/es\/wp-json\/wp\/v2\/types\/product"}],"replies":[{"embeddable":true,"href":"https:\/\/hi-techwonder.com\/es\/wp-json\/wp\/v2\/comments?post=12222"}],"wp:featuredmedia":[{"embeddable":true,"href":"https:\/\/hi-techwonder.com\/es\/wp-json\/wp\/v2\/media\/8473"}],"wp:attachment":[{"href":"https:\/\/hi-techwonder.com\/es\/wp-json\/wp\/v2\/media?parent=12222"}],"wp:term":[{"taxonomy":"product_brand","embeddable":true,"href":"https:\/\/hi-techwonder.com\/es\/wp-json\/wp\/v2\/product_brand?post=12222"},{"taxonomy":"product_cat","embeddable":true,"href":"https:\/\/hi-techwonder.com\/es\/wp-json\/wp\/v2\/product_cat?post=12222"},{"taxonomy":"product_tag","embeddable":true,"href":"https:\/\/hi-techwonder.com\/es\/wp-json\/wp\/v2\/product_tag?post=12222"}],"curies":[{"name":"wp","href":"https:\/\/api.w.org\/{rel}","templated":true}]}}