{"id":12223,"date":"2025-07-23T22:56:40","date_gmt":"2025-07-23T22:56:40","guid":{"rendered":"https:\/\/fv6qoy3ls0.wpdns.site\/produto\/nisi-adaptador-de-82mm-para-s5-s6-nikon-14-24mm-y-tamron-15-30\/"},"modified":"2026-04-08T12:29:08","modified_gmt":"2026-04-08T11:29:08","slug":"nisi-adaptador-de-82mm-para-s5-s6-nikon-14-24mm-y-tamron-15-30","status":"publish","type":"product","link":"https:\/\/hi-techwonder.com\/es\/producto\/nisi-adaptador-de-82mm-para-s5-s6-nikon-14-24mm-y-tamron-15-30\/","title":{"rendered":"NiSi Adaptador de 82mm para S5\/S6 (Nikon 14-24mm y Tamron 15-30)"},"content":{"rendered":"<div class=\"rte\">\n<h3><strong>NiSi Adaptador de 82mm para S5\/S6 (Nikon F 14-24mm e Tamron 15-30)<\/strong><\/h3>\n<p>O anel adaptador de rosca de filtro Nisi de 82 mm foi especialmente desenvolvido para usar o sistema S5\/S6 para a Tamron SP 15-30mm f\/2.8 G2 e a Nikon 14-24mm f\/2.8G em lentes com rosca de filtro de 82 mm. Estes novos adaptadores permitem utilizar o sistema de filtros S5\/S6 para Tamron SP 15-30mm f\/2.8 G2 e a Nikon 14-24mm f\/2.8G com as lentes originais para as quais foi projetado, al\u00e9m de outras lentes que possu\u00edmos e que possuem uma rosca de filtro com um di\u00e2metro de 82mm. Este anel n\u00e3o produz vinhetagem, mesmo em 16 mm.<\/p>\n<p>Saiba mais sobre o nosso sistema de <a href=\"\/?product_cat=descobre-sistema-150mm\">150mm<\/a>.<\/p>\n<\/div>\n","protected":false},"excerpt":{"rendered":"<ul>\n<li>Feito de alum\u00ednio<\/li>\n<li>Rosca de Filtro de 82mm &#8211; Macho<\/li>\n<li>Especialmente projetado para uso com o sistema NiSi S5\/S6 150mm para Tamron SP 15-30mm f\/2.8 G2 e a Nikon 14-24mm f\/2.8G<\/li>\n<li>Sem vinhetas mesmo a 16mm<\/li>\n<li>Compat\u00edvel com o S6<\/li>\n<li>N\u00e3o compat\u00edvel com a lente Nikon Z 14-24mm<\/li>\n<\/ul>\n","protected":false},"featured_media":8476,"comment_status":"closed","ping_status":"closed","template":"","meta":{"_acf_changed":false},"product_brand":[2543],"product_cat":[1056],"product_tag":[],"class_list":{"0":"post-12223","1":"product","2":"type-product","3":"status-publish","4":"has-post-thumbnail","6":"product_brand-nisioptics-es","7":"product_cat-accesorios-150mm","9":"first","10":"pre-order","11":"taxable","12":"shipping-taxable","13":"purchasable","14":"product-type-simple"},"bundled_by":[],"bundle_stock_status":"pre-order","bundle_stock_quantity":null,"bundle_virtual":false,"bundle_layout":"","bundle_add_to_cart_form_location":"","bundle_editable_in_cart":false,"bundle_sold_individually_context":"","bundle_item_grouping":"","bundle_min_size":"","bundle_max_size":"","bundle_price":[],"bundled_items":[],"bundle_sell_ids":[],"acf":[],"_links":{"self":[{"href":"https:\/\/hi-techwonder.com\/es\/wp-json\/wp\/v2\/product\/12223","targetHints":{"allow":["GET"]}}],"collection":[{"href":"https:\/\/hi-techwonder.com\/es\/wp-json\/wp\/v2\/product"}],"about":[{"href":"https:\/\/hi-techwonder.com\/es\/wp-json\/wp\/v2\/types\/product"}],"replies":[{"embeddable":true,"href":"https:\/\/hi-techwonder.com\/es\/wp-json\/wp\/v2\/comments?post=12223"}],"wp:featuredmedia":[{"embeddable":true,"href":"https:\/\/hi-techwonder.com\/es\/wp-json\/wp\/v2\/media\/8476"}],"wp:attachment":[{"href":"https:\/\/hi-techwonder.com\/es\/wp-json\/wp\/v2\/media?parent=12223"}],"wp:term":[{"taxonomy":"product_brand","embeddable":true,"href":"https:\/\/hi-techwonder.com\/es\/wp-json\/wp\/v2\/product_brand?post=12223"},{"taxonomy":"product_cat","embeddable":true,"href":"https:\/\/hi-techwonder.com\/es\/wp-json\/wp\/v2\/product_cat?post=12223"},{"taxonomy":"product_tag","embeddable":true,"href":"https:\/\/hi-techwonder.com\/es\/wp-json\/wp\/v2\/product_tag?post=12223"}],"curies":[{"name":"wp","href":"https:\/\/api.w.org\/{rel}","templated":true}]}}