{"id":12226,"date":"2025-07-23T22:56:40","date_gmt":"2025-07-23T22:56:40","guid":{"rendered":"https:\/\/fv6qoy3ls0.wpdns.site\/produto\/nisi-adaptador-s6-individual-para-roscas-filtro-comunes-105mm-95mm-82mm\/"},"modified":"2026-04-21T08:44:08","modified_gmt":"2026-04-21T07:44:08","slug":"nisi-adaptador-s6-individual-para-roscas-filtro-comunes-105mm-95mm-82mm","status":"publish","type":"product","link":"https:\/\/hi-techwonder.com\/es\/producto\/nisi-adaptador-s6-individual-para-roscas-filtro-comunes-105mm-95mm-82mm\/","title":{"rendered":"NiSi Adaptador S6 individual para Roscas Filtro Comunes (105mm, 95mm &#038; 82mm)"},"content":{"rendered":"<div class=\"rte\">\n<div class=\"rte\">\n<h3><strong>NiSi Anel Adaptador S6 individual para roscas filtro comuns (105mm, 95mm &amp; 82mm)<\/strong><\/h3>\n<p><strong><em>Nota: inclui apenas adaptador. N\u00e3o inclui filtro polarizador ou suporte de filtro<\/em><\/strong><\/p>\n<\/div>\n<div>O Adaptador Nisi S6 para filtros de 150mm \u00e9 ideal para fot\u00f3grafos de paisagem que desejam combinar uma lente ultra grande angular com um sistema de filtros. O sistema <strong>adaptador S5\/S6<\/strong> \u00e9 feito em liga de alum\u00ednio, usando tecnologia CNC. Permite o uso de um filtro polarizador PRO CPL (vendido separadamente) e 2 filtros de 150mm (em porta-filtros opcional), com rota\u00e7\u00e3o de 360 \u200b\u200bgraus para o CPL.<\/div>\n<div><\/div>\n<div>Um suporte de filtro <strong>NiSi S5 150mm<\/strong> pode ser colocado sobre o anel adaptador. Depois de encaixado no anel adaptador, o pino de trava de puxar e soltar do porta-filtro ajuda a fornecer uma conex\u00e3o confi\u00e1vel, mas ajust\u00e1vel, que permite que o porta-filtro seja girado 360\u00b0, permitindo o uso de densidade neutra graduada e outros filtros que s\u00e3o refor\u00e7ada pelo posicionamento variado. Para maior durabilidade, este anel adaptador apresenta uma constru\u00e7\u00e3o de liga de alum\u00ednio. O adaptador permite instala\u00e7\u00e3o e remo\u00e7\u00e3o muito r\u00e1pidas sem remover a lente da c\u00e2mera.<\/div>\n<div><\/div>\n<div>O seu design com engrenagens permite que o polarizador CPL (vendido separadamente) gire enquanto usa os filtros de 150 mm, usando duas rodas localizadas na parte traseira do adaptador, um design inspirado no nosso popular adaptador V5 Pro. O adaptador permite instala\u00e7\u00e3o e remo\u00e7\u00e3o muito r\u00e1pidas, sem remover a lente da c\u00e2mara.<\/div>\n<div>\n<p>Com um revestimento interno do interior do adaptador com tecido negro premium com flocagem (tipo veludo), que absorve a luz e elimina reflexos.<\/p>\n<p>J\u00e1 possui o kit de suporte NiSi S6? Basta adicionar este adaptador para torn\u00e1-lo compat\u00edvel com as lentes com rosca de filtro normal (105 mm, 95 mm e 82 mm).<\/p>\n<p><strong>Este \u00e9 apenas o adaptador e \u00e9 compat\u00edvel com os filtros Circular S6. Requer um suporte S6 para trabalhar com filtros de 150x150mm ou 150x170mm.<\/strong><\/p>\n<p><strong>Observa\u00e7\u00e3o<\/strong>: se estiver usando este adaptador com o sistema S5 da gera\u00e7\u00e3o anterior, certifique-se de que os filtros circulares S5 sejam usados \u200b\u200bcom o suporte S5.<\/p>\n<p>Saiba mais sobre o nosso sistema de <a href=\"\/?product_cat=descobre-sistema-150mm\">150mm<\/a>.<\/p>\n<\/div>\n<\/div>\n","protected":false},"excerpt":{"rendered":"<ul>\n<li>Projetado para roscas de filtro padr\u00e3o (105 mm, 95 mm e 82 mm)<\/li>\n<li>Para suporte de filtro NiSi S6 150mm<\/li>\n<li>Adaptador apenas &#8211; requer suporte de filtro e filtros (vendidos separadamente)<\/li>\n<li>Sem vinheta<\/li>\n<li>Engrenagens girat\u00f3rias de 360 \u200b\u200bgraus para uso com CPL<\/li>\n<li>Constru\u00e7\u00e3o em liga de alum\u00ednio<\/li>\n<\/ul>\n","protected":false},"featured_media":8486,"comment_status":"closed","ping_status":"closed","template":"","meta":{"_acf_changed":false},"product_brand":[2543],"product_cat":[1056],"product_tag":[],"class_list":{"0":"post-12226","1":"product","2":"type-product","3":"status-publish","4":"has-post-thumbnail","6":"product_brand-nisioptics-es","7":"product_cat-accesorios-150mm","9":"first","10":"instock","11":"taxable","12":"shipping-taxable","13":"purchasable","14":"product-type-simple"},"bundled_by":[],"bundle_stock_status":"instock","bundle_stock_quantity":2,"bundle_virtual":false,"bundle_layout":"","bundle_add_to_cart_form_location":"","bundle_editable_in_cart":false,"bundle_sold_individually_context":"","bundle_item_grouping":"","bundle_min_size":"","bundle_max_size":"","bundle_price":[],"bundled_items":[],"bundle_sell_ids":[],"acf":[],"_links":{"self":[{"href":"https:\/\/hi-techwonder.com\/es\/wp-json\/wp\/v2\/product\/12226","targetHints":{"allow":["GET"]}}],"collection":[{"href":"https:\/\/hi-techwonder.com\/es\/wp-json\/wp\/v2\/product"}],"about":[{"href":"https:\/\/hi-techwonder.com\/es\/wp-json\/wp\/v2\/types\/product"}],"replies":[{"embeddable":true,"href":"https:\/\/hi-techwonder.com\/es\/wp-json\/wp\/v2\/comments?post=12226"}],"wp:featuredmedia":[{"embeddable":true,"href":"https:\/\/hi-techwonder.com\/es\/wp-json\/wp\/v2\/media\/8486"}],"wp:attachment":[{"href":"https:\/\/hi-techwonder.com\/es\/wp-json\/wp\/v2\/media?parent=12226"}],"wp:term":[{"taxonomy":"product_brand","embeddable":true,"href":"https:\/\/hi-techwonder.com\/es\/wp-json\/wp\/v2\/product_brand?post=12226"},{"taxonomy":"product_cat","embeddable":true,"href":"https:\/\/hi-techwonder.com\/es\/wp-json\/wp\/v2\/product_cat?post=12226"},{"taxonomy":"product_tag","embeddable":true,"href":"https:\/\/hi-techwonder.com\/es\/wp-json\/wp\/v2\/product_tag?post=12226"}],"curies":[{"name":"wp","href":"https:\/\/api.w.org\/{rel}","templated":true}]}}