{"id":12229,"date":"2025-07-23T22:56:40","date_gmt":"2025-07-23T22:56:40","guid":{"rendered":"https:\/\/fv6qoy3ls0.wpdns.site\/produto\/nisi-adaptador-s6-individual-para-sony-fe-12-24mm-f-4-g\/"},"modified":"2026-04-08T12:29:09","modified_gmt":"2026-04-08T11:29:09","slug":"nisi-adaptador-s6-individual-para-sony-fe-12-24mm-f-4-g","status":"publish","type":"product","link":"https:\/\/hi-techwonder.com\/es\/producto\/nisi-adaptador-s6-individual-para-sony-fe-12-24mm-f-4-g\/","title":{"rendered":"NiSi Adaptador S6 individual para Sony FE 12-24mm f\/4 G"},"content":{"rendered":"<div class=\"rte\">\n<div class=\"rte\">\n<h3><strong>NiSi Adaptador S6 individual para Sony FE 12-24mm f\/4 G<\/strong><\/h3>\n<p><strong><em>Nota: inclui apenas adaptador. N\u00e3o inclui filtro polarizador ou suporte de filtro<\/em><\/strong><\/p>\n<\/div>\n<div>Com um desenho adaptado a especificamente para a Sony FE 12-24mm f\/4 G, o Adaptador Nisi S6 para filtros de 150mm \u00e9 ideal para fot\u00f3grafos de paisagem que desejam combinar uma lente ultra grande angular com um sistema de filtros. O sistema adaptador S6 \u00e9 feito em liga de alum\u00ednio, usando tecnologia CNC. Permite o uso de um filtro polarizador PRO CPL (vendido separadamente) e 2 filtros de 150mm (em porta-filtros opcional), com rota\u00e7\u00e3o de 360 \u200b\u200bgraus para o CPL.O seu design com engrenagens permite que o polarizador CPL (vendido separadamente) gire enquanto usa os filtros de 150 mm, usando duas rodas localizadas na parte traseira do adaptador, um design inspirado no nosso popular adaptador V5 Pro. O adaptador permite instala\u00e7\u00e3o e remo\u00e7\u00e3o muito r\u00e1pidas, sem remover a lente da c\u00e2mara.<\/div>\n<div>\n<p>Com um revestimento interno do interior do adaptador com tecido negro premium com flocagem (tipo veludo), que absorve a luz e elimina reflexos.<\/p>\n<\/div>\n<ul>\n<li>Lentes compat\u00edveis: Sony FE 12-24mm f\/4<\/li>\n<li>Filtros Compat\u00edveis: Filtros Circulares S6<\/li>\n<li>Montagens compat\u00edveis: Porta-filtro NiSi S6 150 mm<\/li>\n<\/ul>\n<p>Saiba mais sobre o nosso sistema de <a href=\"https:\/\/nisioptics.pt\/categoria\/descobre\/descobre-sistema-150mm\/\" target=\"_blank\" rel=\"noopener\">150mm<\/a>.<\/p>\n<\/div>\n","protected":false},"excerpt":{"rendered":"<ul>\n<li>Projetado para Sony FE 12-24mm f\/4<\/li>\n<li>Para suporte de filtro NiSi S6 150mm<\/li>\n<li>Adaptador apenas &#8211; requer suporte de filtro e filtros (vendidos separadamente)<\/li>\n<li>Sem vinhetas<\/li>\n<li>Engrenagens girat\u00f3rias de 360 \u200b\u200bgraus para uso com CPL<\/li>\n<li>Constru\u00e7\u00e3o em liga de alum\u00ednio<\/li>\n<\/ul>\n","protected":false},"featured_media":8486,"comment_status":"closed","ping_status":"closed","template":"","meta":{"_acf_changed":false},"product_brand":[2543],"product_cat":[1056],"product_tag":[],"class_list":{"0":"post-12229","1":"product","2":"type-product","3":"status-publish","4":"has-post-thumbnail","6":"product_brand-nisioptics-es","7":"product_cat-accesorios-150mm","9":"first","10":"instock","11":"taxable","12":"shipping-taxable","13":"purchasable","14":"product-type-simple"},"bundled_by":[],"bundle_stock_status":"instock","bundle_stock_quantity":1,"bundle_virtual":false,"bundle_layout":"","bundle_add_to_cart_form_location":"","bundle_editable_in_cart":false,"bundle_sold_individually_context":"","bundle_item_grouping":"","bundle_min_size":"","bundle_max_size":"","bundle_price":[],"bundled_items":[],"bundle_sell_ids":[],"acf":[],"_links":{"self":[{"href":"https:\/\/hi-techwonder.com\/es\/wp-json\/wp\/v2\/product\/12229","targetHints":{"allow":["GET"]}}],"collection":[{"href":"https:\/\/hi-techwonder.com\/es\/wp-json\/wp\/v2\/product"}],"about":[{"href":"https:\/\/hi-techwonder.com\/es\/wp-json\/wp\/v2\/types\/product"}],"replies":[{"embeddable":true,"href":"https:\/\/hi-techwonder.com\/es\/wp-json\/wp\/v2\/comments?post=12229"}],"wp:featuredmedia":[{"embeddable":true,"href":"https:\/\/hi-techwonder.com\/es\/wp-json\/wp\/v2\/media\/8486"}],"wp:attachment":[{"href":"https:\/\/hi-techwonder.com\/es\/wp-json\/wp\/v2\/media?parent=12229"}],"wp:term":[{"taxonomy":"product_brand","embeddable":true,"href":"https:\/\/hi-techwonder.com\/es\/wp-json\/wp\/v2\/product_brand?post=12229"},{"taxonomy":"product_cat","embeddable":true,"href":"https:\/\/hi-techwonder.com\/es\/wp-json\/wp\/v2\/product_cat?post=12229"},{"taxonomy":"product_tag","embeddable":true,"href":"https:\/\/hi-techwonder.com\/es\/wp-json\/wp\/v2\/product_tag?post=12229"}],"curies":[{"name":"wp","href":"https:\/\/api.w.org\/{rel}","templated":true}]}}