{"id":12239,"date":"2025-07-23T22:56:40","date_gmt":"2025-07-23T22:56:40","guid":{"rendered":"https:\/\/fv6qoy3ls0.wpdns.site\/produto\/nisi-porta-filtros-switch-para-2-filtros-100mm\/"},"modified":"2026-04-08T12:29:11","modified_gmt":"2026-04-08T11:29:11","slug":"nisi-porta-filtros-switch-para-2-filtros-100mm","status":"publish","type":"product","link":"https:\/\/hi-techwonder.com\/es\/producto\/nisi-porta-filtros-switch-para-2-filtros-100mm\/","title":{"rendered":"NiSi Porta-Filtros Switch para 2 filtros 100mm"},"content":{"rendered":"<div class=\"rte\">\n<div class=\"rte\">\n<h3><strong>NiSi Porta-Filtros Switch para 2 filtros 100mm<\/strong><\/h3>\n<p>O <strong>NiSi Switch\u00ae<\/strong> para filtros de 100 mm de largura permite girar dois filtros simultaneamente e independentemente um do outro. Foi projetado para fot\u00f3grafos que precisam de filtros ND graduados (GND) colocados em diferentes \u00e2ngulos. O NiSi Switch permite rota\u00e7\u00e3o de 360 \u200b\u200bgraus e possui um parafuso de travamento para fixar os filtros no lugar. A montagem n\u00e3o faz vinhetagem mesmo em 16mm em Full-Frame.<\/p>\n<p>O Switch \u00e9 compat\u00edvel com filtros de 100 mm de largura e 2 mm de espessura (tamanho ND 100\u00d7100 e GND 100\u00d7150).<\/p>\n<p>O suporte NiSi Switch \u00e9 compat\u00edvel com o <strong>adaptador principal de 82 mm<\/strong>, inclu\u00eddo nos seguintes kits NiSi: <strong>V6 \/ V5 PRO \/ V5 ALPHA \/ V5<\/strong>. (Se voc\u00ea j\u00e1 usa um suporte NiSi, pode simplesmente solicitar o Switch como um suporte de filtro adicional para usar com seu kit V6\/V5 PRO\/V5.)<\/p>\n<p>A maioria dos fot\u00f3grafos usa o Switch como um complemento para seus kits V6\/V5 PRO\/V5 ALPHA\/V5, para ter o porta-filtro perfeito dispon\u00edvel para qualquer situa\u00e7\u00e3o.<\/p>\n<p><strong>Observa\u00e7\u00e3o<\/strong>: Se voc\u00ea n\u00e3o tiver um kit NiSi, precisar\u00e1 do anel adaptador principal de 82 mm para montar o sistema em uma lente. Voc\u00ea tamb\u00e9m pode adicionar um polarizador Landscape.<\/p>\n<p>Saiba mais sobre o nosso sistema <a href=\"https:\/\/nisioptics.pt\/categoria\/descobre\/descubre-sistema-100m\/\" target=\"_blank\" rel=\"noopener\">100mm<\/a>.<\/p>\n<\/div>\n<\/div>\n","protected":false},"excerpt":{"rendered":"<ul>\n<li>Permite que dois slots sejam girados juntos ou independentemente um do outro<\/li>\n<li>Todos os slots podem ser girados com facilidade e suavidade.<\/li>\n<li>Sem vinhetagem a 16mm<\/li>\n<li>Adequado para situa\u00e7\u00f5es de ilumina\u00e7\u00e3o complexas<\/li>\n<li>Rota\u00e7\u00e3o de 360 \u200b\u200bgraus e possui um parafuso de travamento para a montagem traseira.<\/li>\n<li>Para filtros de 100 mm de largura e 2 mm de espessura<\/li>\n<\/ul>\n","protected":false},"featured_media":8543,"comment_status":"closed","ping_status":"closed","template":"","meta":{"_acf_changed":false},"product_brand":[2543],"product_cat":[1055],"product_tag":[],"class_list":{"0":"post-12239","1":"product","2":"type-product","3":"status-publish","4":"has-post-thumbnail","6":"product_brand-nisioptics-es","7":"product_cat-accesorios-100mm","9":"first","10":"instock","11":"taxable","12":"shipping-taxable","13":"purchasable","14":"product-type-simple"},"bundled_by":[],"bundle_stock_status":"instock","bundle_stock_quantity":2,"bundle_virtual":false,"bundle_layout":"","bundle_add_to_cart_form_location":"","bundle_editable_in_cart":false,"bundle_sold_individually_context":"","bundle_item_grouping":"","bundle_min_size":"","bundle_max_size":"","bundle_price":[],"bundled_items":[],"bundle_sell_ids":[],"acf":[],"_links":{"self":[{"href":"https:\/\/hi-techwonder.com\/es\/wp-json\/wp\/v2\/product\/12239","targetHints":{"allow":["GET"]}}],"collection":[{"href":"https:\/\/hi-techwonder.com\/es\/wp-json\/wp\/v2\/product"}],"about":[{"href":"https:\/\/hi-techwonder.com\/es\/wp-json\/wp\/v2\/types\/product"}],"replies":[{"embeddable":true,"href":"https:\/\/hi-techwonder.com\/es\/wp-json\/wp\/v2\/comments?post=12239"}],"wp:featuredmedia":[{"embeddable":true,"href":"https:\/\/hi-techwonder.com\/es\/wp-json\/wp\/v2\/media\/8543"}],"wp:attachment":[{"href":"https:\/\/hi-techwonder.com\/es\/wp-json\/wp\/v2\/media?parent=12239"}],"wp:term":[{"taxonomy":"product_brand","embeddable":true,"href":"https:\/\/hi-techwonder.com\/es\/wp-json\/wp\/v2\/product_brand?post=12239"},{"taxonomy":"product_cat","embeddable":true,"href":"https:\/\/hi-techwonder.com\/es\/wp-json\/wp\/v2\/product_cat?post=12239"},{"taxonomy":"product_tag","embeddable":true,"href":"https:\/\/hi-techwonder.com\/es\/wp-json\/wp\/v2\/product_tag?post=12239"}],"curies":[{"name":"wp","href":"https:\/\/api.w.org\/{rel}","templated":true}]}}