{"id":12245,"date":"2025-07-23T22:57:04","date_gmt":"2025-07-23T22:57:04","guid":{"rendered":"https:\/\/fv6qoy3ls0.wpdns.site\/produto\/nisi-filtro-150x170mm-reverse-nano-ir-gnd-nd8-0-9-3-paradas\/"},"modified":"2026-04-08T12:29:13","modified_gmt":"2026-04-08T11:29:13","slug":"nisi-filtro-150x170mm-reverse-nano-ir-gnd-nd8-0-9-3-paradas","status":"publish","type":"product","link":"https:\/\/hi-techwonder.com\/es\/producto\/nisi-filtro-150x170mm-reverse-nano-ir-gnd-nd8-0-9-3-paradas\/","title":{"rendered":"NiSi Filtro 150x170mm Reverse Nano IR GND \u2013 ND8 (0.9) \u2013 3 Paradas"},"content":{"rendered":"<div class=\"rte\">\n<h3><strong>NiSi Filtro 150x170mm Reverse Nano IR GND \u2013 ND8 (0.9) \u2013 3 Stops<\/strong><\/h3>\n<p>O filtro<strong> Nisi 150x170mm Reverse Nano IR GND \u2013 ND8 (0.9) \u2013 3 Stops<\/strong> \u00e9 um filtro retangular que ajuda a escurecer \u00e1reas espec\u00edficas de uma imagem, como c\u00e9us claros, permitindo uma exposi\u00e7\u00e3o normal e n\u00e3o afetada nas outras regi\u00f5es da imagem . Os GNDs Reverse s\u00e3o semelhantes aos GNDs normais, exceto que a parte mais escura do filtro est\u00e1 no ponto de transi\u00e7\u00e3o (centro do filtro).<\/p>\n<p>Esses filtros t\u00eam um uso espec\u00edfico para fotografar na fonte de luz onde a luz \u00e9 mais forte no horizonte e diminui em dire\u00e7\u00e3o ao c\u00e9u. Este tipo de filtro \u00e9 mais apropriado para cenas que tenham uma transi\u00e7\u00e3o repentina do primeiro plano para o c\u00e9u com a parte mais clara da cena pr\u00f3xima ao horizonte. Mais comumente, isso incluiria paisagens sem elementos que se projetam acima do horizonte, como uma paisagem mar\u00edtima voltada para o oceano aberto. Eles podem ser usados \u200b\u200bpara fotografar na luz direta, onde uma transi\u00e7\u00e3o n\u00edtida \u00e9 necess\u00e1ria.<\/p>\n<p>Os filtros NiSi GND n\u00e3o afetam a colora\u00e7\u00e3o da imagem, oferecem cores realistas e s\u00e3o feitos de vidro \u00f3ptico de alta qualidade (n\u00e3o resina) com revestimento nano para evitar a perda de qualquer detalhe. Ao usar o filtro de densidade neutra, a c\u00e2mera fica vulner\u00e1vel \u00e0 luz infravermelha, que lan\u00e7a a cor vermelha indesejada nas fotos ao fotografar com uma abertura pequena. Os filtros NiSi GND t\u00eam uma camada de revestimento de prote\u00e7\u00e3o infravermelha para eliminar a luz infravermelha atrav\u00e9s da lente para trazer de volta a cor natural e verdadeira.<\/p>\n<p>O sistema de filtro NiSi 150mm \u00e9 \u00f3timo para c\u00e2meras com lentes que n\u00e3o possuem uma rosca de filtro padr\u00e3o.<\/p>\n<p><strong>Este filtro de 150mmx170mm \u00e9 compat\u00edvel com o sistema de filtro NiSi 150mm.<\/strong><\/p>\n<hr \/>\n<h5>Constru\u00e7\u00e3o<\/h5>\n<p>Todos os quadrados de NiSi usam Nano Coating\u00ae, este texto indica o uso do tratamento exclusivo Nano Coating que torna o filtro repelente \u00e0 \u00e1gua e oleof\u00f3bico para nitidez perfeita. Os filtros NiSi tamb\u00e9m usam a tecnologia IR, ou seja, o revestimento que bloqueia a luz infravermelha e, portanto, elimina o risco de tonalidade magenta.<\/p>\n<h5>Qualidade inigual\u00e1vel<\/h5>\n<p>Os filtros NiSi s\u00e3o todos feitos de vidro \u00f3ptico de grau de lente da mais alta qualidade para n\u00e3o perder nem o menor detalhe em suas imagens. O revestimento Nano Coating especial em ambos os lados minimiza reflexos indesejados e d\u00e1 aos filtros de densidade neutra NiSi a caracter\u00edstica de serem repelentes \u00e0 \u00e1gua e oleof\u00f3bicos. N\u00e3o h\u00e1 filtros de qualidade compar\u00e1vel gra\u00e7as ao exclusivo vidro NiSi usado, com o qual voc\u00ea pode ter certeza de que suas lentes n\u00e3o perder\u00e3o a defini\u00e7\u00e3o.<\/p>\n<h5>\u00danico no mercado<\/h5>\n<p>Gra\u00e7as \u00e0 correspond\u00eancia crom\u00e1tica muito alta e \u00e0 aus\u00eancia de cores dominantes, voc\u00ea pode finalmente dizer adeus \u00e0s corre\u00e7\u00f5es de cores pouco pr\u00e1ticas e demoradas na p\u00f3s-produ\u00e7\u00e3o. O vidro \u00f3ptico NiSi n\u00e3o \u00e9 o cl\u00e1ssico B270 usado por muitos fabricantes, mas \u00e9 um vidro de qualidade superior usado pelos principais fabricantes de lentes fotogr\u00e1ficas especificamente para os elementos \u00f3pticos mais finos, os filtros NiSi n\u00e3o degradam a imagem e permitem que a sua lente e sensor fotogr\u00e1fico fiquem sempre a trabalhar no m\u00e1ximo do seu potencial.<\/p>\n<h5>\u00c0 prova de intemp\u00e9ries<\/h5>\n<p>O tratamento Nano\u00ae Coating confere ao filtro a qualidade de repelir \u00e1gua e \u00f3leos, facilitando a limpeza mesmo em condi\u00e7\u00f5es extremas ou com presen\u00e7a de \u00e1gua do mar. O acabamento das bordas e os cantos arredondados melhoram a resist\u00eancia do filtro e a ader\u00eancia. Nossos filtros e porta-filtros nasceram para serem usados \u200b\u200bao ar livre, em qualquer situa\u00e7\u00e3o clim\u00e1tica, aproveite a fotografia em sua mais pura ess\u00eancia.<\/p>\n<p><img loading=\"lazy\" decoding=\"async\" class=\"alignnone wp-image-26849\" src=\"https:\/\/hi-techwonder.com\/wp-content\/themes\/woodmart\/images\/lazy.svg\" data-src=\"https:\/\/nisioptics.pt\/wp-content\/uploads\/2020\/09\/Reverse-GND-ENG.jpg\" alt=\"\" width=\"752\" height=\"745\"><\/p>\n<p>Saiba mais sobre o nosso sistema de <a href=\"\/?product_cat=descobre-sistema-150mm\">150mm<\/a>.<\/p>\n<\/div>\n","protected":false},"excerpt":{"rendered":"<ul>\n<li>Cor fiel \u00e0 realidade, sem matiz de cor<\/li>\n<li>Perfeito para equilibrar a exposi\u00e7\u00e3o quando a luz \u00e9 mais forte no horizonte e diminui em dire\u00e7\u00e3o ao c\u00e9u<\/li>\n<li>Vidro \u00f3ptico para alta defini\u00e7\u00e3o<\/li>\n<li>Nano revestimento \u00e0 prova de \u00e1gua, e de baixo reflexo<\/li>\n<li>S\u00e9rie IR com bloqueio de luz infravermelha<\/li>\n<li>Compat\u00edvel com o sistema NiSi 150mm<\/li>\n<\/ul>\n","protected":false},"featured_media":8577,"comment_status":"closed","ping_status":"closed","template":"","meta":{"_acf_changed":false},"product_brand":[2543],"product_cat":[1059],"product_tag":[],"class_list":{"0":"post-12245","1":"product","2":"type-product","3":"status-publish","4":"has-post-thumbnail","6":"product_brand-nisioptics-es","7":"product_cat-filtros-150mm-es","8":"pa_densidade-nd8-3-stop-es","10":"first","11":"instock","12":"taxable","13":"shipping-taxable","14":"purchasable","15":"product-type-simple"},"bundled_by":[],"bundle_stock_status":"instock","bundle_stock_quantity":1,"bundle_virtual":false,"bundle_layout":"","bundle_add_to_cart_form_location":"","bundle_editable_in_cart":false,"bundle_sold_individually_context":"","bundle_item_grouping":"","bundle_min_size":"","bundle_max_size":"","bundle_price":[],"bundled_items":[],"bundle_sell_ids":[],"acf":[],"_links":{"self":[{"href":"https:\/\/hi-techwonder.com\/es\/wp-json\/wp\/v2\/product\/12245","targetHints":{"allow":["GET"]}}],"collection":[{"href":"https:\/\/hi-techwonder.com\/es\/wp-json\/wp\/v2\/product"}],"about":[{"href":"https:\/\/hi-techwonder.com\/es\/wp-json\/wp\/v2\/types\/product"}],"replies":[{"embeddable":true,"href":"https:\/\/hi-techwonder.com\/es\/wp-json\/wp\/v2\/comments?post=12245"}],"wp:featuredmedia":[{"embeddable":true,"href":"https:\/\/hi-techwonder.com\/es\/wp-json\/wp\/v2\/media\/8577"}],"wp:attachment":[{"href":"https:\/\/hi-techwonder.com\/es\/wp-json\/wp\/v2\/media?parent=12245"}],"wp:term":[{"taxonomy":"product_brand","embeddable":true,"href":"https:\/\/hi-techwonder.com\/es\/wp-json\/wp\/v2\/product_brand?post=12245"},{"taxonomy":"product_cat","embeddable":true,"href":"https:\/\/hi-techwonder.com\/es\/wp-json\/wp\/v2\/product_cat?post=12245"},{"taxonomy":"product_tag","embeddable":true,"href":"https:\/\/hi-techwonder.com\/es\/wp-json\/wp\/v2\/product_tag?post=12245"}],"curies":[{"name":"wp","href":"https:\/\/api.w.org\/{rel}","templated":true}]}}