{"id":12248,"date":"2025-07-23T22:57:04","date_gmt":"2025-07-23T22:57:04","guid":{"rendered":"https:\/\/fv6qoy3ls0.wpdns.site\/produto\/nisi-polarizador-circular-pro-cpl-86mm-para-v5-v5-pro-v6-c4\/"},"modified":"2026-04-09T17:56:33","modified_gmt":"2026-04-09T16:56:33","slug":"nisi-polarizador-circular-pro-cpl-86mm-para-v5-v5-pro-v6-c4","status":"publish","type":"product","link":"https:\/\/hi-techwonder.com\/es\/producto\/nisi-polarizador-circular-pro-cpl-86mm-para-v5-v5-pro-v6-c4\/","title":{"rendered":"NiSi Polarizador Circular Pro CPL 86mm para V5\/V5 Pro\/V6\/C4"},"content":{"rendered":"<div class=\"rte\">\n<div class=\"text-wrap tlid-copy-target\">\n<h3>NiSi Polarizador Circular Pro CPL 86mm para V5\/V5 Pro\/V6\/C4<\/h3>\n<p>O filtro NiSi PRO C-PL para NiSi 100mm V5\/V5 Pro\/V6\/C4 \u00e9 um 86mm PRO C-PL que funciona exclusivamente com os suportes NiSi 100mm V5\/V5 Pro\/V6\/C4.<\/p>\n<p>Nota: Este filtro CPL est\u00e1 inclu\u00eddo no kit de suporte NiSi V5\/V5 Pro\/V6\/C4 Pro e \u00e9 vendido como pe\u00e7a de reposi\u00e7\u00e3o.<\/p>\n<p>Quando usado com o V5 Alpha, o anel adaptador principal de 82 mm tamb\u00e9m \u00e9 necess\u00e1rio para montar o CPL.<\/p>\n<p><img loading=\"lazy\" decoding=\"async\" class=\"alignnone wp-image-26765\" src=\"https:\/\/hi-techwonder.com\/wp-content\/themes\/woodmart\/images\/lazy.svg\" data-src=\"https:\/\/nisioptics.pt\/wp-content\/uploads\/2023\/04\/cpl-2-1024x738.jpg\" alt=\"\" width=\"752\" height=\"542\"><\/p>\n<p>Saiba mais sobre o nosso sistema <a href=\"https:\/\/nisioptics.pt\/categoria\/descobre\/descubre-sistema-100m\/\" target=\"_blank\" rel=\"noopener\">100mm<\/a>.<\/p>\n<\/div>\n<\/div>\n","protected":false},"excerpt":{"rendered":"<ul>\n<li>Filtro NiSi PRO C-PL para NiSi 100mm V5\/V5 Pro\/V6\/C4<\/li>\n<li>Moldura fina feita para suporte V5\/V5 Pro\/V6\/C4 de baixo perfil<\/li>\n<li>Pe\u00e7a de reposi\u00e7\u00e3o (j\u00e1 inclu\u00edda no Kit NiSi V5\/V5 Pro\/V6\/C4)<\/li>\n<\/ul>\n","protected":false},"featured_media":8588,"comment_status":"closed","ping_status":"closed","template":"","meta":{"_acf_changed":false},"product_brand":[2543],"product_cat":[1058],"product_tag":[],"class_list":{"0":"post-12248","1":"product","2":"type-product","3":"status-publish","4":"has-post-thumbnail","6":"product_brand-nisioptics-es","7":"product_cat-filtros-100mm-es","9":"first","10":"instock","11":"taxable","12":"shipping-taxable","13":"purchasable","14":"product-type-simple"},"bundled_by":[],"bundle_stock_status":"instock","bundle_stock_quantity":1,"bundle_virtual":false,"bundle_layout":"","bundle_add_to_cart_form_location":"","bundle_editable_in_cart":false,"bundle_sold_individually_context":"","bundle_item_grouping":"","bundle_min_size":"","bundle_max_size":"","bundle_price":[],"bundled_items":[],"bundle_sell_ids":[],"acf":[],"_links":{"self":[{"href":"https:\/\/hi-techwonder.com\/es\/wp-json\/wp\/v2\/product\/12248","targetHints":{"allow":["GET"]}}],"collection":[{"href":"https:\/\/hi-techwonder.com\/es\/wp-json\/wp\/v2\/product"}],"about":[{"href":"https:\/\/hi-techwonder.com\/es\/wp-json\/wp\/v2\/types\/product"}],"replies":[{"embeddable":true,"href":"https:\/\/hi-techwonder.com\/es\/wp-json\/wp\/v2\/comments?post=12248"}],"wp:featuredmedia":[{"embeddable":true,"href":"https:\/\/hi-techwonder.com\/es\/wp-json\/wp\/v2\/media\/8588"}],"wp:attachment":[{"href":"https:\/\/hi-techwonder.com\/es\/wp-json\/wp\/v2\/media?parent=12248"}],"wp:term":[{"taxonomy":"product_brand","embeddable":true,"href":"https:\/\/hi-techwonder.com\/es\/wp-json\/wp\/v2\/product_brand?post=12248"},{"taxonomy":"product_cat","embeddable":true,"href":"https:\/\/hi-techwonder.com\/es\/wp-json\/wp\/v2\/product_cat?post=12248"},{"taxonomy":"product_tag","embeddable":true,"href":"https:\/\/hi-techwonder.com\/es\/wp-json\/wp\/v2\/product_tag?post=12248"}],"curies":[{"name":"wp","href":"https:\/\/api.w.org\/{rel}","templated":true}]}}