{"id":12253,"date":"2025-07-23T22:57:04","date_gmt":"2025-07-23T22:57:04","guid":{"rendered":"https:\/\/fv6qoy3ls0.wpdns.site\/produto\/nisi-anel-adaptador-67mm-v5-v5-pro-v6-v7-c4\/"},"modified":"2026-04-08T12:29:15","modified_gmt":"2026-04-08T11:29:15","slug":"nisi-anel-adaptador-67mm-v5-v5-pro-v6-v7-c4","status":"publish","type":"product","link":"https:\/\/hi-techwonder.com\/es\/producto\/nisi-anel-adaptador-67mm-v5-v5-pro-v6-v7-c4\/","title":{"rendered":"NiSi Anel Adaptador 67mm V5\/V5 Pro\/V6\/V7\/C4"},"content":{"rendered":"<div class=\"rte\">\n<div class=\"text-wrap tlid-copy-target\">\n<div class=\"result-shield-container tlid-copy-target\">\n<h3><strong>NiSi Anel Adaptador 67mm V5\/V5 Pro\/V6\/V7\/C4<\/strong><\/h3>\n<p>Estes an\u00e9is permitem adaptar o anel principal de 82 mm inclu\u00eddo nos Porta-Filtros V7, V6, V5, V5 Pro e Alpha com lentes com rosca frontal de 67 mm. Os adaptadores tamb\u00e9m podem ser usados \u200b\u200bcomo an\u00e9is step-up de 82 mm, por exemplo, para usar filtros redondos de 82 mm em outras lentes.<\/p>\n<h5>Compatibilidade:<\/h5>\n<ul>\n<li>Os Porta-Filtros NiSi V7, V6 e V5 Pro s\u00e3o adequados para lentes de rosca frontal de at\u00e9 82 mm.<\/li>\n<li>Para lentes rosqueadas maiores, os sistemas NiSi V7, V6 e V5 Pro podem ser usados \u200b\u200bat\u00e9 95mm rosqueados apenas com an\u00e9is NiSi de 86 e 95mm sem o polarizador.<\/li>\n<li>O sistema de 100 mm encaixa-se em todas as lentes com rosca de 82 mm sem an\u00e9is adicionais, o adaptador principal possui uma rosca de 82 mm.<\/li>\n<li>An\u00e9is de terceiros tamb\u00e9m podem ser usados \u200b\u200bpara permitir que o sistema encaixe roscas de lentes menores, como 39 mm.<\/li>\n<\/ul>\n<p>Saiba mais sobre o nosso sistema <a href=\"https:\/\/nisioptics.pt\/categoria\/descobre\/descubre-sistema-100m\/\" target=\"_blank\" rel=\"noopener\">100mm<\/a>.<\/p>\n<\/div>\n<\/div>\n<\/div>\n","protected":false},"excerpt":{"rendered":"<ul>\n<li>NiSi 67mm adaptador para NiSi 100mm V5\/V5 Pro\/V6\/V7\/C4<\/li>\n<li>Alum\u00ednio anodizado resistente \u00e0 corros\u00e3o<\/li>\n<li>Pe\u00e7a de reposi\u00e7\u00e3o (j\u00e1 inclu\u00edda no Kit NiSi V5\/V5 Pro\/V6\/V7\/C4)<\/li>\n<\/ul>\n","protected":false},"featured_media":8603,"comment_status":"closed","ping_status":"closed","template":"","meta":{"_acf_changed":false},"product_brand":[2543],"product_cat":[1055],"product_tag":[],"class_list":{"0":"post-12253","1":"product","2":"type-product","3":"status-publish","4":"has-post-thumbnail","6":"product_brand-nisioptics-es","7":"product_cat-accesorios-100mm","8":"pa_diametro-67mm-es","10":"first","11":"instock","12":"taxable","13":"shipping-taxable","14":"purchasable","15":"product-type-simple"},"bundled_by":[],"bundle_stock_status":"instock","bundle_stock_quantity":1,"bundle_virtual":false,"bundle_layout":"","bundle_add_to_cart_form_location":"","bundle_editable_in_cart":false,"bundle_sold_individually_context":"","bundle_item_grouping":"","bundle_min_size":"","bundle_max_size":"","bundle_price":[],"bundled_items":[],"bundle_sell_ids":[],"acf":[],"_links":{"self":[{"href":"https:\/\/hi-techwonder.com\/es\/wp-json\/wp\/v2\/product\/12253","targetHints":{"allow":["GET"]}}],"collection":[{"href":"https:\/\/hi-techwonder.com\/es\/wp-json\/wp\/v2\/product"}],"about":[{"href":"https:\/\/hi-techwonder.com\/es\/wp-json\/wp\/v2\/types\/product"}],"replies":[{"embeddable":true,"href":"https:\/\/hi-techwonder.com\/es\/wp-json\/wp\/v2\/comments?post=12253"}],"wp:featuredmedia":[{"embeddable":true,"href":"https:\/\/hi-techwonder.com\/es\/wp-json\/wp\/v2\/media\/8603"}],"wp:attachment":[{"href":"https:\/\/hi-techwonder.com\/es\/wp-json\/wp\/v2\/media?parent=12253"}],"wp:term":[{"taxonomy":"product_brand","embeddable":true,"href":"https:\/\/hi-techwonder.com\/es\/wp-json\/wp\/v2\/product_brand?post=12253"},{"taxonomy":"product_cat","embeddable":true,"href":"https:\/\/hi-techwonder.com\/es\/wp-json\/wp\/v2\/product_cat?post=12253"},{"taxonomy":"product_tag","embeddable":true,"href":"https:\/\/hi-techwonder.com\/es\/wp-json\/wp\/v2\/product_tag?post=12253"}],"curies":[{"name":"wp","href":"https:\/\/api.w.org\/{rel}","templated":true}]}}