{"id":12261,"date":"2025-07-23T22:57:04","date_gmt":"2025-07-23T22:57:04","guid":{"rendered":"https:\/\/fv6qoy3ls0.wpdns.site\/produto\/nisi-kit-starter-ii-150mm\/"},"modified":"2026-04-08T12:29:16","modified_gmt":"2026-04-08T11:29:16","slug":"nisi-kit-starter-ii-150mm","status":"publish","type":"product","link":"https:\/\/hi-techwonder.com\/es\/producto\/nisi-kit-starter-ii-150mm\/","title":{"rendered":"NiSi Kit Starter II 150mm"},"content":{"rendered":"<div class=\"rte\">\n<h3><strong>NiSi Kit Starter II 150mm<\/strong><\/h3>\n<p>A NiSi apresenta novos kits de filtros quadrados \/ retangulares de 150 mm. Este tamanho \u00e9 <strong> perfeito para uso em lentes ultra grande angulares ou com uma rosca de filtro de grande di\u00e2metro <\/strong>, j\u00e1 que em ambos os casos s\u00e3o necess\u00e1rios filtros grandes para reduzir o risco de vinhetagem.<\/p>\n<p>Eles s\u00e3o compat\u00edveis com a maioria dos sistemas de filtro quadrado \/ retangular de 150 mm de largura e 2 mm de espessura. Recomendamos seu uso com o sistema <strong> NiSi S6 <\/strong>, que possui adaptadores especiais para as lentes ultra-grandes angulares mais populares (montados no P\u00e1ra-sol), como a Nikon 14-24mm, a Tamron 15-30mm, a Sigma 14-24mm ou Sony 12-24, entre outros, bem como adaptadores para roscas de filtros de grandes di\u00e2metros (105, 95 ou 82mm), que podem ser montados com anel adaptador extra<\/p>\n<\/div>\n<h5>O KIT STARTER II inclui<\/h5>\n<div class=\"rte\">\n<ul>\n<li>Filtro NiSi 150x170mm Nano IR Graduado Medium ND8 (0,9) 3 Stops.<\/li>\n<li>Filtro Nisi 150x150mm Nano IR de densidade neutra ND64 (1,8) 6 Stops.<\/li>\n<li>Filtro Nisi 150x150mm Nano IR de densidade neutra ND1000 (3.0) 10 Stops.<\/li>\n<li>Estojo Caddy para filtros de 150 mm e suporte \/ adaptador.<\/li>\n<li>Clever Cleaner.<\/li>\n<\/ul>\n<p><img loading=\"lazy\" decoding=\"async\" class=\"alignnone wp-image-27720\" src=\"https:\/\/hi-techwonder.com\/wp-content\/themes\/woodmart\/images\/lazy.svg\" data-src=\"https:\/\/nisioptics.pt\/wp-content\/uploads\/2020\/09\/NiSi-Filters-150mm-System-Starter-Kit-Second-Generation-II-1024x742.jpg\" alt=\"\" width=\"752\" height=\"545\"><\/p>\n<h5>NiSi 150x170mm Nano IR Filtro de Densidade Neutra Graduado Medium &#8211; ND8 (0.9) &#8211; 3 Stop<\/h5>\n<p>O Filtro de Densidade Neutra Graduado M\u00e9dio Nano IR 150x170mm &#8211; ND8 (0.9) &#8211; 3 Stop \u00e9 um filtro retangular que ajuda a escurecer \u00e1reas espec\u00edficas de uma imagem, tais como c\u00e9us brilhantes, enquanto permite uma exposi\u00e7\u00e3o normal e n\u00e3o afetada nas outras regi\u00f5es da imagem. O filtro \u00e9 mais denso na extremidade e afunila at\u00e9 ficar claro no meio, com uma linha de transi\u00e7\u00e3o de bordas m\u00e9dias entre as \u00e1reas densas e claras.<\/p>\n<p>Um filtro de densidade neutra com uma linha de transi\u00e7\u00e3o m\u00e9dia \u00e9 particularmente \u00fatil para imagens que apresentam edif\u00edcios, pequenas montanhas e outros elementos que sobressaem na linha do horizonte. A zona de transi\u00e7\u00e3o de um m\u00e9dio \u00e9 40% mais pequena do que a de um GND suave e \u00e9 excelente para fotografar ao nascer e ao p\u00f4r do sol.<\/p>\n<h5>NiSi 150x150mm Nano IR Filtro de Densidade Neutra &#8211; ND64 (1.8) &#8211; 6 Stop<\/h5>\n<p>O Filtro de Densidade Neutra NiSi 150x150mm Nano IR &#8211; ND64 (1.8) &#8211; 6 Stop \u00e9 um filtro de Densidade Neutra (ND) que reduz uniformemente a quantidade de luz que entra na lente. Os filtros ND podem permitir uma maior desfocagem de movimentos e detalhes de imagem, permitindo uma grande abertura e uma velocidade de obtura\u00e7\u00e3o lenta. Os filtros ND tamb\u00e9m s\u00e3o \u00fateis quando o contraste entre as luzes e as sombras \u00e9 demasiado elevado para obter uma exposi\u00e7\u00e3o de qualidade.<\/p>\n<p>O filtro ND64 de 6 stops \u00e9 geralmente utilizado durante a hora dourada para criar exposi\u00e7\u00f5es de 1-2 minutos para \u00e1gua ou nuvens suaves. Um filtro de 6 stops tamb\u00e9m \u00e9 \u00f3timo para captar \u00e1gua din\u00e2mica, mantendo alguma textura antes da hora dourada.<\/p>\n<h5>NiSi 150x150mm Nano IR Filtro de Densidade Neutra &#8211; ND1000 (3.0) &#8211; 10 Stop<\/h5>\n<p>O Filtro de Densidade Neutra NiSi 150x150mm Nano IR &#8211; ND1000 (3.0) &#8211; 10 Stop \u00e9 um filtro de Densidade Neutra (ND) que reduz uniformemente a quantidade de luz que entra na objetiva. Os filtros ND podem permitir uma maior desfocagem de movimentos e detalhes de imagem, permitindo uma grande abertura e uma velocidade de obtura\u00e7\u00e3o lenta. Os filtros ND tamb\u00e9m s\u00e3o \u00fateis quando o contraste entre as luzes e as sombras \u00e9 demasiado elevado para obter uma exposi\u00e7\u00e3o de qualidade.<\/p>\n<p>O filtro ND1000 de 10 pontos \u00e9 utilizado durante o dia, fora da hora dourada, uma vez que a luz ambiente brilhante requer muito mais &#8220;bloqueio de luz&#8221;. Estes podem prolongar as exposi\u00e7\u00f5es at\u00e9 5 minutos durante a hora dourada com as defini\u00e7\u00f5es adequadas.<\/p>\n<h5>Bolsa de Filtros NiSi Caddy 150mm Pro para 7 Filtros e Porta-filtros (Suporta 7 filtros de 150x150mm ou 150x170mm + Porta-filtros de 150mm)<\/h5>\n<p>O NiSi Estojo Caddy para filtros 150mm e suporte, foi concebido para os filtros do sistema NiSi 150mm e comporta 7 x 150x150mm, 150x170mm ou filtros circulares S6 mais um porta-filtros de 150mm. Possui uma al\u00e7a ajust\u00e1vel para o corpo e pode ser transportado como um saco de ombro, saco de mensageiro ou um saco de cintura. Pode ser montada num trip\u00e9 para um acesso f\u00e1cil com uma correia mais pequena inclu\u00edda para montagem e foi concebida a partir de um material leve que protege os seus filtros contra riscos.<\/p>\n<p>A bolsa pode conter at\u00e9 7 filtros e um suporte e possui um design com tampa articulada para manter a bolsa aberta quando est\u00e1 a ser utilizada.<\/p>\n<p>Saiba mais sobre o nosso sistema de\u00a0<a href=\"https:\/\/nisioptics.pt\/categoria\/descobre\/descobre-sistema-150mm\/\" target=\"_blank\" rel=\"noopener\">150mm<\/a>.<\/p>\n<\/div>\n","protected":false},"excerpt":{"rendered":"<ul>\n<li>Cores reais, sem proje\u00e7\u00f5es de cores.<\/li>\n<li>Alta defini\u00e7\u00e3o<\/li>\n<li>Nano revestimento em ambos os lados, repelente de \u00e1gua e \u00f3leo.<\/li>\n<li>Compat\u00edvel com o sistema NiSi de 150 mm<\/li>\n<li>O estojo acomoda at\u00e9 7 filtros (acomoda 7 filtros de 150x150mm, 150x170mm ou filtros circulares S5\/S6)<\/li>\n<\/ul>\n","protected":false},"featured_media":8625,"comment_status":"closed","ping_status":"closed","template":"","meta":{"_acf_changed":false},"product_brand":[2543],"product_cat":[1059],"product_tag":[],"class_list":{"0":"post-12261","1":"product","2":"type-product","3":"status-publish","4":"has-post-thumbnail","6":"product_brand-nisioptics-es","7":"product_cat-filtros-150mm-es","9":"first","10":"instock","11":"taxable","12":"shipping-taxable","13":"purchasable","14":"product-type-simple"},"bundled_by":[],"bundle_stock_status":"instock","bundle_stock_quantity":1,"bundle_virtual":false,"bundle_layout":"","bundle_add_to_cart_form_location":"","bundle_editable_in_cart":false,"bundle_sold_individually_context":"","bundle_item_grouping":"","bundle_min_size":"","bundle_max_size":"","bundle_price":[],"bundled_items":[],"bundle_sell_ids":[],"acf":[],"_links":{"self":[{"href":"https:\/\/hi-techwonder.com\/es\/wp-json\/wp\/v2\/product\/12261","targetHints":{"allow":["GET"]}}],"collection":[{"href":"https:\/\/hi-techwonder.com\/es\/wp-json\/wp\/v2\/product"}],"about":[{"href":"https:\/\/hi-techwonder.com\/es\/wp-json\/wp\/v2\/types\/product"}],"replies":[{"embeddable":true,"href":"https:\/\/hi-techwonder.com\/es\/wp-json\/wp\/v2\/comments?post=12261"}],"wp:featuredmedia":[{"embeddable":true,"href":"https:\/\/hi-techwonder.com\/es\/wp-json\/wp\/v2\/media\/8625"}],"wp:attachment":[{"href":"https:\/\/hi-techwonder.com\/es\/wp-json\/wp\/v2\/media?parent=12261"}],"wp:term":[{"taxonomy":"product_brand","embeddable":true,"href":"https:\/\/hi-techwonder.com\/es\/wp-json\/wp\/v2\/product_brand?post=12261"},{"taxonomy":"product_cat","embeddable":true,"href":"https:\/\/hi-techwonder.com\/es\/wp-json\/wp\/v2\/product_cat?post=12261"},{"taxonomy":"product_tag","embeddable":true,"href":"https:\/\/hi-techwonder.com\/es\/wp-json\/wp\/v2\/product_tag?post=12261"}],"curies":[{"name":"wp","href":"https:\/\/api.w.org\/{rel}","templated":true}]}}