{"id":12267,"date":"2025-07-23T22:57:31","date_gmt":"2025-07-23T22:57:31","guid":{"rendered":"https:\/\/fv6qoy3ls0.wpdns.site\/produto\/nisi-adaptador-de-77mm-para-s5-s6-sigma-14mm-f-1-8-dg-art\/"},"modified":"2026-04-08T12:29:18","modified_gmt":"2026-04-08T11:29:18","slug":"nisi-adaptador-de-77mm-para-s5-s6-sigma-14mm-f-1-8-dg-art","status":"publish","type":"product","link":"https:\/\/hi-techwonder.com\/es\/producto\/nisi-adaptador-de-77mm-para-s5-s6-sigma-14mm-f-1-8-dg-art\/","title":{"rendered":"NiSi Adaptador de 77mm para S5\/S6 &#8211; Sigma 14mm f\/1.8 DG Art"},"content":{"rendered":"<h3><strong>NiSi Adaptador de 77mm para S5\/S6 &#8211; Sigma 14mm f\/1.8<\/strong><\/h3>\n<div class=\"rte\">O anel adaptador de rosca de filtro Nisi de 77mm foi especialmente desenvolvido para usar o sistema S5\/S6 para a Sigma 14mm f\/1.8 em lentes com rosca de filtro de 77mm. Estes novos adaptadores permitem utilizar o sistema de filtros S5\/S6 para Sigma 14mm f\/1.8 DG Art Series com as lentes originais para as quais foi projetado, al\u00e9m de outras lentes que possu\u00edmos e que possuem uma rosca de filtro com um di\u00e2metro de 77mm. Este anel n\u00e3o produz vinhetagem.<\/div>\n<div><\/div>\n<div>Saiba mais sobre o nosso sistema de\u00a0<a href=\"\/?product_cat=descobre-sistema-150mm\">150mm<\/a>.<\/div>\n","protected":false},"excerpt":{"rendered":"<ul>\n<li>Feito de alum\u00ednio<\/li>\n<li>Rosca de filtro de 77 mm \u2013 Macho<\/li>\n<li>Especialmente projetado para uso com NiSi S5\/S6 Kit Suporte de filtro de 150mm com CPL para Sigma 14mm f\/1.8 DG Art Series<\/li>\n<li>Sem vinhetas<\/li>\n<li>Compat\u00edvel com o S6<\/li>\n<\/ul>\n","protected":false},"featured_media":8647,"comment_status":"closed","ping_status":"closed","template":"","meta":{"_acf_changed":false},"product_brand":[2543],"product_cat":[1056],"product_tag":[],"class_list":{"0":"post-12267","1":"product","2":"type-product","3":"status-publish","4":"has-post-thumbnail","6":"product_brand-nisioptics-es","7":"product_cat-accesorios-150mm","9":"first","10":"pre-order","11":"taxable","12":"shipping-taxable","13":"purchasable","14":"product-type-simple"},"bundled_by":[],"bundle_stock_status":"pre-order","bundle_stock_quantity":null,"bundle_virtual":false,"bundle_layout":"","bundle_add_to_cart_form_location":"","bundle_editable_in_cart":false,"bundle_sold_individually_context":"","bundle_item_grouping":"","bundle_min_size":"","bundle_max_size":"","bundle_price":[],"bundled_items":[],"bundle_sell_ids":[],"acf":[],"_links":{"self":[{"href":"https:\/\/hi-techwonder.com\/es\/wp-json\/wp\/v2\/product\/12267","targetHints":{"allow":["GET"]}}],"collection":[{"href":"https:\/\/hi-techwonder.com\/es\/wp-json\/wp\/v2\/product"}],"about":[{"href":"https:\/\/hi-techwonder.com\/es\/wp-json\/wp\/v2\/types\/product"}],"replies":[{"embeddable":true,"href":"https:\/\/hi-techwonder.com\/es\/wp-json\/wp\/v2\/comments?post=12267"}],"wp:featuredmedia":[{"embeddable":true,"href":"https:\/\/hi-techwonder.com\/es\/wp-json\/wp\/v2\/media\/8647"}],"wp:attachment":[{"href":"https:\/\/hi-techwonder.com\/es\/wp-json\/wp\/v2\/media?parent=12267"}],"wp:term":[{"taxonomy":"product_brand","embeddable":true,"href":"https:\/\/hi-techwonder.com\/es\/wp-json\/wp\/v2\/product_brand?post=12267"},{"taxonomy":"product_cat","embeddable":true,"href":"https:\/\/hi-techwonder.com\/es\/wp-json\/wp\/v2\/product_cat?post=12267"},{"taxonomy":"product_tag","embeddable":true,"href":"https:\/\/hi-techwonder.com\/es\/wp-json\/wp\/v2\/product_tag?post=12267"}],"curies":[{"name":"wp","href":"https:\/\/api.w.org\/{rel}","templated":true}]}}