{"id":12283,"date":"2025-07-23T22:58:21","date_gmt":"2025-07-23T22:58:21","guid":{"rendered":"https:\/\/fv6qoy3ls0.wpdns.site\/produto\/nisi-soporte-100mm-con-adaptador-para-laowa-12mm-f-2-8-con-cpl\/"},"modified":"2026-04-08T12:29:21","modified_gmt":"2026-04-08T11:29:21","slug":"nisi-soporte-100mm-con-adaptador-para-laowa-12mm-f-2-8-con-cpl","status":"publish","type":"product","link":"https:\/\/hi-techwonder.com\/es\/producto\/nisi-soporte-100mm-con-adaptador-para-laowa-12mm-f-2-8-con-cpl\/","title":{"rendered":"NiSi Soporte 100mm con adaptador para Laowa 12mm f\/2.8 con CPL"},"content":{"rendered":"<h3><strong>NiSi Porta-Filtros 100mm com adaptador para Laowa 12mm f\/2.8 com CPL<\/strong><\/h3>\n<p>O <strong>Porta-Filtros NiSi 100mm com adaptador para Laowa 12mm f\/2.8 com CPL<\/strong> \u00e9 o porta-filtros mais completo do mercado, feito de alum\u00ednio aeron\u00e1utico, compat\u00edvel com filtros 100x100mm ou 100x150mm de NiSi e marcas compat\u00edveis (filtros com 2mm de espessura). O sistema permite girar o C-PL livremente enquanto tem dois filtros inseridos no suporte.<\/p>\n<p>Possui excelente qualidade de constru\u00e7\u00e3o, design de alum\u00ednio e suporta filtros de 2 x 100 mm com filtro polarizador circular em qualquer combina\u00e7\u00e3o. Possui clipes pressionados da esquerda para a direita em vez do design tradicional superior e inferior. \u00c9 muito f\u00e1cil inserir e remover filtros.<\/p>\n<p>\u00c9 feito de alum\u00ednio aeron\u00e1utico processado por m\u00e1quina CNC. Este suporte de filtro de alum\u00ednio NiSi 100 mm para a Laowa 12 mm f\/2.8 vem completo com um C-PL de 86 mm ultrafino. O acabamento preto mate na superf\u00edcie minimiza o reflexo. Com o design exclusivo da roda de rota\u00e7\u00e3o, o filtro CPL pode ser girado por meio de uma engrenagem na parte traseira do filtro, o que significa que n\u00e3o \u00e9 necess\u00e1rio alinhar o filtro CPL antes de inserir o outro filtro.<\/p>\n<ul>\n<li>Projetado especificamente para a Laowa 12mm f \/ 2.8<\/li>\n<li>Apresenta Novo Design de Clip &#8211; Inser\u00e7\u00e3o e remo\u00e7\u00e3o suave de filtros<\/li>\n<li>Feito de alum\u00ednio aeron\u00e1utico<\/li>\n<li>Permite utilizar 2 filtros e um polarizador circular instalado em simult\u00e2neo<\/li>\n<li>Inclui CPL de 86mm<\/li>\n<\/ul>\n<p>Saiba mais sobre o nosso sistema <a href=\"\/?product_cat=descubre-sistema-100m\">100mm<\/a>.<\/p>\n","protected":false},"excerpt":{"rendered":"<ul>\n<li>Inclui polarizador PRO CPL padr\u00e3o<\/li>\n<li>Inclui um suporte para 2 filtros de 100 mm, 1 anel para Laowa 12 mm f\/2.8 e um polarizador<\/li>\n<li>Capacidade de usar o porta-filtros com outras lentes adicionando o anel principal de 82 mm (vendido separadamente)<\/li>\n<li>Alta qualidade de constru\u00e7\u00e3o e vinhetas mec\u00e2nicas reduzidas a um m\u00ednimo de 12 mm em Full Frame<\/li>\n<li>Alguma vinheta com CPL no lugar<\/li>\n<\/ul>\n","protected":false},"featured_media":8767,"comment_status":"closed","ping_status":"closed","template":"","meta":{"_acf_changed":false},"product_brand":[2543],"product_cat":[1055],"product_tag":[],"class_list":{"0":"post-12283","1":"product","2":"type-product","3":"status-publish","4":"has-post-thumbnail","6":"product_brand-nisioptics-es","7":"product_cat-accesorios-100mm","9":"first","10":"pre-order","11":"taxable","12":"shipping-taxable","13":"purchasable","14":"product-type-simple"},"bundled_by":[],"bundle_stock_status":"pre-order","bundle_stock_quantity":null,"bundle_virtual":false,"bundle_layout":"","bundle_add_to_cart_form_location":"","bundle_editable_in_cart":false,"bundle_sold_individually_context":"","bundle_item_grouping":"","bundle_min_size":"","bundle_max_size":"","bundle_price":[],"bundled_items":[],"bundle_sell_ids":[],"acf":[],"_links":{"self":[{"href":"https:\/\/hi-techwonder.com\/es\/wp-json\/wp\/v2\/product\/12283","targetHints":{"allow":["GET"]}}],"collection":[{"href":"https:\/\/hi-techwonder.com\/es\/wp-json\/wp\/v2\/product"}],"about":[{"href":"https:\/\/hi-techwonder.com\/es\/wp-json\/wp\/v2\/types\/product"}],"replies":[{"embeddable":true,"href":"https:\/\/hi-techwonder.com\/es\/wp-json\/wp\/v2\/comments?post=12283"}],"wp:featuredmedia":[{"embeddable":true,"href":"https:\/\/hi-techwonder.com\/es\/wp-json\/wp\/v2\/media\/8767"}],"wp:attachment":[{"href":"https:\/\/hi-techwonder.com\/es\/wp-json\/wp\/v2\/media?parent=12283"}],"wp:term":[{"taxonomy":"product_brand","embeddable":true,"href":"https:\/\/hi-techwonder.com\/es\/wp-json\/wp\/v2\/product_brand?post=12283"},{"taxonomy":"product_cat","embeddable":true,"href":"https:\/\/hi-techwonder.com\/es\/wp-json\/wp\/v2\/product_cat?post=12283"},{"taxonomy":"product_tag","embeddable":true,"href":"https:\/\/hi-techwonder.com\/es\/wp-json\/wp\/v2\/product_tag?post=12283"}],"curies":[{"name":"wp","href":"https:\/\/api.w.org\/{rel}","templated":true}]}}