{"id":12284,"date":"2025-07-23T22:58:21","date_gmt":"2025-07-23T22:58:21","guid":{"rendered":"https:\/\/fv6qoy3ls0.wpdns.site\/produto\/nisi-soporte-alpha-100mm-para-laowa-12mm-f-2-8-sin-cpl-sin-vineteado\/"},"modified":"2026-04-08T12:29:21","modified_gmt":"2026-04-08T11:29:21","slug":"nisi-soporte-alpha-100mm-para-laowa-12mm-f-2-8-sin-cpl-sin-vineteado","status":"publish","type":"product","link":"https:\/\/hi-techwonder.com\/es\/producto\/nisi-soporte-alpha-100mm-para-laowa-12mm-f-2-8-sin-cpl-sin-vineteado\/","title":{"rendered":"NiSi Soporte Alpha 100mm para Laowa 12mm f\/2.8 (Sin CPL, sin vi\u00f1eteado)"},"content":{"rendered":"<h3><strong>NiSi Porta-Filtros Alpha 100mm para Laowa 12mm f\/2.8 (Sem CPL, sem vinhetagem)<\/strong><\/h3>\n<p>O Porta-Filtros <strong>NiSi Alpha 100mm para Laowa 12mm f\/2.8<\/strong> foi projetado especificamente para a lente Laowa 12mm f\/2.8 e \u00e9 feito de alum\u00ednio de avia\u00e7\u00e3o. \u00c9\u00a0compat\u00edvel com filtros 100x100mm ou 100x150mm da NiSi ou filtros de 2mm de outras marcas suporta 2 filtros.<\/p>\n<p>O Porta-Filtros NiSi Alpha 100mm para Laowa 12mm f\/2.8 n\u00e3o cria vinhetagem. Possui clipes pressionados da esquerda para a direita retirados do nosso popular suporte V6, em vez do design tradicional superior e inferior. \u00c9 muito suave inserir e remover filtros. \u00c9 feito de alum\u00ednio de grau aeron\u00e1utico processado por m\u00e1quina CNC.<\/p>\n<p>A NiSi Alpha 100mm para Laowa 12mm f\/2.8 permite o uso de 2 filtros sem vinheta e rota\u00e7\u00e3o de 360\u00b0.<\/p>\n<ul>\n<li>Projetado especificamente para a Laowa 12mm f\/2.8<\/li>\n<li>Sem vinhetagem<\/li>\n<li>Rota\u00e7\u00e3o de 360 \u200b\u200bgraus<\/li>\n<li>Parafuso de travamento para bloquear o suporte na posi\u00e7\u00e3o escolhida<\/li>\n<li>Apresenta Novo Design de Clip do V6 &#8211; Inser\u00e7\u00e3o e remo\u00e7\u00e3o suave de filtros<\/li>\n<li>Feito de alum\u00ednio aeron\u00e1utico.<\/li>\n<li>Suporta 2 filtros de 100 mm de largura e 2mm de espessura<\/li>\n<\/ul>\n<p>Saiba mais sobre o nosso sistema <a href=\"\/?product_cat=descubre-sistema-100m\">100mm<\/a>.<\/p>\n","protected":false},"excerpt":{"rendered":"<ul>\n<li>Inclui um porta-filtros para 2 filtros (100mm de largura, 2mm de espessura) e 1 anel adaptador para Laowa 12mm f\/2.8<\/li>\n<li>Pode ser anexado em outras lentes at\u00e9 rosca de filtro de 82mm usando o adaptador principal de 82mm<\/li>\n<li>Sem vinhetas e rota\u00e7\u00e3o de 360 \u200b\u200bgraus<\/li>\n<li>N\u00e3o inclui nem suporta o polarizador CPL<\/li>\n<\/ul>\n","protected":false},"featured_media":8778,"comment_status":"closed","ping_status":"closed","template":"","meta":{"_acf_changed":false},"product_brand":[2543],"product_cat":[1055],"product_tag":[],"class_list":{"0":"post-12284","1":"product","2":"type-product","3":"status-publish","4":"has-post-thumbnail","6":"product_brand-nisioptics-es","7":"product_cat-accesorios-100mm","9":"first","10":"pre-order","11":"taxable","12":"shipping-taxable","13":"purchasable","14":"product-type-simple"},"bundled_by":[],"bundle_stock_status":"pre-order","bundle_stock_quantity":null,"bundle_virtual":false,"bundle_layout":"","bundle_add_to_cart_form_location":"","bundle_editable_in_cart":false,"bundle_sold_individually_context":"","bundle_item_grouping":"","bundle_min_size":"","bundle_max_size":"","bundle_price":[],"bundled_items":[],"bundle_sell_ids":[],"acf":[],"_links":{"self":[{"href":"https:\/\/hi-techwonder.com\/es\/wp-json\/wp\/v2\/product\/12284","targetHints":{"allow":["GET"]}}],"collection":[{"href":"https:\/\/hi-techwonder.com\/es\/wp-json\/wp\/v2\/product"}],"about":[{"href":"https:\/\/hi-techwonder.com\/es\/wp-json\/wp\/v2\/types\/product"}],"replies":[{"embeddable":true,"href":"https:\/\/hi-techwonder.com\/es\/wp-json\/wp\/v2\/comments?post=12284"}],"wp:featuredmedia":[{"embeddable":true,"href":"https:\/\/hi-techwonder.com\/es\/wp-json\/wp\/v2\/media\/8778"}],"wp:attachment":[{"href":"https:\/\/hi-techwonder.com\/es\/wp-json\/wp\/v2\/media?parent=12284"}],"wp:term":[{"taxonomy":"product_brand","embeddable":true,"href":"https:\/\/hi-techwonder.com\/es\/wp-json\/wp\/v2\/product_brand?post=12284"},{"taxonomy":"product_cat","embeddable":true,"href":"https:\/\/hi-techwonder.com\/es\/wp-json\/wp\/v2\/product_cat?post=12284"},{"taxonomy":"product_tag","embeddable":true,"href":"https:\/\/hi-techwonder.com\/es\/wp-json\/wp\/v2\/product_tag?post=12284"}],"curies":[{"name":"wp","href":"https:\/\/api.w.org\/{rel}","templated":true}]}}