{"id":12286,"date":"2025-07-23T22:58:21","date_gmt":"2025-07-23T22:58:21","guid":{"rendered":"https:\/\/fv6qoy3ls0.wpdns.site\/produto\/nisi-150x150mm-filtro-natural-night-filtro-polucion-luminica\/"},"modified":"2026-04-09T18:11:13","modified_gmt":"2026-04-09T17:11:13","slug":"nisi-150x150mm-filtro-natural-night-filtro-polucion-luminica","status":"publish","type":"product","link":"https:\/\/hi-techwonder.com\/es\/producto\/nisi-150x150mm-filtro-natural-night-filtro-polucion-luminica\/","title":{"rendered":"NiSi 150x150mm Filtro Natural Night (Filtro poluci\u00f3n lum\u00ednica)"},"content":{"rendered":"<h3><strong>NiSi Filtro 150mm Natural Night (Filtro polui\u00e7\u00e3o luminosa)<\/strong><\/h3>\n<p>O filtro <strong>NiSi 150x150mm Natural Night<\/strong> \u00e9 uma nova adi\u00e7\u00e3o \u00e0 linha NiSi e nosso primeiro filtro exclusivo para fotografia noturna. Entre vapor de merc\u00fario, s\u00f3dio e postes de baixa CRI, existem muitos comprimentos de onda indesej\u00e1veis \u200b\u200bde luz que poluem o c\u00e9u noturno. O brilho destes elemento pode impedir que sua c\u00e2mara veja o c\u00e9u adequadamente e afetar as suas imagens noturnas. Por resolver este problema, a NiSi criou o Filtro Natural Night, que bloqueia os comprimentos de onda mais comuns da polui\u00e7\u00e3o luminosa.<\/p>\n<p>Como o resto da linha NiSi, este filtro \u00e9 feito de vidro \u00f3ptico de alta qualidade e precis\u00e3o. A sua superf\u00edcie \u00e9 finamente polida para garantir a melhor nitidez.<\/p>\n<p>O NiSi Natural Night Filter apresenta a tecnologia NANO Coating exclusiva da NiSi. Este revestimento multicamadas reduz o reflexo na superf\u00edcie do filtro para ajudar com imagens fantasma e reflexos. Inclui tamb\u00e9m uma camada protetora que facilita a remo\u00e7\u00e3o de \u00e1gua, poeira e \u00f3leo do filtro sem se preocupar em arranhar o vidro. O processo de revestimento NANO consegue isso sem perda de nitidez.<\/p>\n<p><strong>Este filtro 150mmx150mm \u00e9 compat\u00edvel com o sistema de filtros NiSi 150mm<\/strong>.<\/p>\n<ul>\n<li>Material: Vidro \u00f3ptico<\/li>\n<li>Suportes Compat\u00edveis: Suporte de filtro de 150 mm<\/li>\n<li>Tipo de filtro: Filtro Natural Night (Filtro de Polui\u00e7\u00e3o Luminosa)<\/li>\n<li>Redu\u00e7\u00e3o F-Stop: Aproximadamente 1 Stop<\/li>\n<li>Grossura: 2mm<\/li>\n<li>Tamanho do filtro: 150x150mm<\/li>\n<\/ul>\n<p><img loading=\"lazy\" decoding=\"async\" class=\"alignnone wp-image-25597\" src=\"https:\/\/hi-techwonder.com\/wp-content\/themes\/woodmart\/images\/lazy.svg\" data-src=\"https:\/\/nisioptics.pt\/wp-content\/uploads\/2023\/05\/Natural-Night.jpg\" alt=\"\" width=\"570\" height=\"752\"><\/p>\n<p>Saiba mais sobre o nosso sistema de <a href=\"\/?product_cat=descobre-sistema-150mm\">150mm<\/a>.<\/p>\n","protected":false},"excerpt":{"rendered":"<ul>\n<li>Perfeito para cenas noturnas e astrofotografia<\/li>\n<li>Bloqueia comprimentos de onda de luz de fontes comuns de polui\u00e7\u00e3o luminosa<\/li>\n<li>Revestimento de dupla face e multicamadas \/ Nano revestimento \u00e0 prova d&#8217;\u00e1gua e resistente a \u00f3leo \/ Reflex\u00e3o ultra baixa<\/li>\n<\/ul>\n","protected":false},"featured_media":8786,"comment_status":"closed","ping_status":"closed","template":"","meta":{"_acf_changed":false},"product_brand":[2543],"product_cat":[1059],"product_tag":[],"class_list":{"0":"post-12286","1":"product","2":"type-product","3":"status-publish","4":"has-post-thumbnail","6":"product_brand-nisioptics-es","7":"product_cat-filtros-150mm-es","9":"first","10":"instock","11":"taxable","12":"shipping-taxable","13":"purchasable","14":"product-type-simple"},"bundled_by":[],"bundle_stock_status":"instock","bundle_stock_quantity":1,"bundle_virtual":false,"bundle_layout":"","bundle_add_to_cart_form_location":"","bundle_editable_in_cart":false,"bundle_sold_individually_context":"","bundle_item_grouping":"","bundle_min_size":"","bundle_max_size":"","bundle_price":[],"bundled_items":[],"bundle_sell_ids":[],"acf":[],"_links":{"self":[{"href":"https:\/\/hi-techwonder.com\/es\/wp-json\/wp\/v2\/product\/12286","targetHints":{"allow":["GET"]}}],"collection":[{"href":"https:\/\/hi-techwonder.com\/es\/wp-json\/wp\/v2\/product"}],"about":[{"href":"https:\/\/hi-techwonder.com\/es\/wp-json\/wp\/v2\/types\/product"}],"replies":[{"embeddable":true,"href":"https:\/\/hi-techwonder.com\/es\/wp-json\/wp\/v2\/comments?post=12286"}],"wp:featuredmedia":[{"embeddable":true,"href":"https:\/\/hi-techwonder.com\/es\/wp-json\/wp\/v2\/media\/8786"}],"wp:attachment":[{"href":"https:\/\/hi-techwonder.com\/es\/wp-json\/wp\/v2\/media?parent=12286"}],"wp:term":[{"taxonomy":"product_brand","embeddable":true,"href":"https:\/\/hi-techwonder.com\/es\/wp-json\/wp\/v2\/product_brand?post=12286"},{"taxonomy":"product_cat","embeddable":true,"href":"https:\/\/hi-techwonder.com\/es\/wp-json\/wp\/v2\/product_cat?post=12286"},{"taxonomy":"product_tag","embeddable":true,"href":"https:\/\/hi-techwonder.com\/es\/wp-json\/wp\/v2\/product_tag?post=12286"}],"curies":[{"name":"wp","href":"https:\/\/api.w.org\/{rel}","templated":true}]}}