{"id":12287,"date":"2025-07-23T22:58:21","date_gmt":"2025-07-23T22:58:21","guid":{"rendered":"https:\/\/fv6qoy3ls0.wpdns.site\/produto\/nisi-soporte-de-filtros-s6-150mm\/"},"modified":"2026-04-21T08:44:08","modified_gmt":"2026-04-21T07:44:08","slug":"nisi-soporte-de-filtros-s6-150mm","status":"publish","type":"product","link":"https:\/\/hi-techwonder.com\/es\/producto\/nisi-soporte-de-filtros-s6-150mm\/","title":{"rendered":"NiSi Soporte de Filtros S6 150mm"},"content":{"rendered":"<div class=\"rte\">\n<h3><strong>NiSi Porta-filtros S6 150mm<\/strong><\/h3>\n<p>A estrutura do Nisi Porta-filtros S6 150mm foi projetada para uso <span style=\"text-decoration: underline;\">com adaptadores S6<\/span>. Quando colocado sobre um anel adaptador de porta-filtros NiSi S6 de 150 mm, permite o uso conveniente de filtros de 150 mm de largura e 2 mm de espessura.<\/p>\n<p>Possui dois slots de filtro, uma configura\u00e7\u00e3o que acomoda dois filtros retangulares. Cada slot \u00e9 projetado para segurar um filtro instalado apenas ao longo da superf\u00edcie das bordas do filtro. O contato com as superf\u00edcies frontal ou traseira de um filtro \u00e9 evitado, principalmente ao usar filtros graduados cujo efeito pode ser ajustado para melhor atender \u00e0s mudan\u00e7as nas condi\u00e7\u00f5es de ilumina\u00e7\u00e3o ou demandas criativas, deslizando-os para cima ou para baixo dentro de um slot de filtro.<\/p>\n<p>O S6 possui um novo sistema de bloqueio para travar o suporte do filtro principal na posi\u00e7\u00e3o (quando usado com um Adaptador S6). A roda integrada pode ser facilmente girada para travar o suporte no lugar com um sistema de bloqueio natural e f\u00e1cil de usar.<\/p>\n<p>Depois de encaixado no anel adaptador, o pino de travamento de puxar e soltar do porta-filtros ajuda a fornecer uma conex\u00e3o confi\u00e1vel, mas ajust\u00e1vel, enquanto todo o kit porta-filtros pode ser girado 360\u00b0, permitindo o uso de densidade neutra graduada e outros filtros que s\u00e3o real\u00e7ados pelo posicionamento variado.<\/p>\n<p>O porta-filtros S6 \u00e9 compat\u00edvel com filtros 2 x 150x150mm ou 150x170mm e requer um adaptador S6 (<strong>dispon\u00edvel separadamente<\/strong>) para montar em uma lente.<\/p>\n<p>Saiba mais sobre o nosso sistema de <a href=\"\/?product_cat=descobre-sistema-150mm\">150mm<\/a>.<\/p>\n<\/div>\n","protected":false},"excerpt":{"rendered":"<ul>\n<li>Compat\u00edvel com kit de suporte de filtro NiSi S6 150mm e adaptador S6<\/li>\n<li>Comporta 2 filtros de 150 mm de largura e 2 mm de espessura<\/li>\n<li>Compat\u00edvel com filtros 150x150mm e 150x170mm<\/li>\n<li>O mecanismo de bloqueio de puxar e soltar no suporte do filtro permite uma conex\u00e3o fi\u00e1vel<\/li>\n<li>Apresenta um novo design de trava para travar o suporte em um anel adaptador<\/li>\n<li>Pe\u00e7a de reposi\u00e7\u00e3o do Kit S6<\/li>\n<\/ul>\n","protected":false},"featured_media":8789,"comment_status":"closed","ping_status":"closed","template":"","meta":{"_acf_changed":false},"product_brand":[2543],"product_cat":[1056],"product_tag":[],"class_list":{"0":"post-12287","1":"product","2":"type-product","3":"status-publish","4":"has-post-thumbnail","6":"product_brand-nisioptics-es","7":"product_cat-accesorios-150mm","9":"first","10":"instock","11":"taxable","12":"shipping-taxable","13":"purchasable","14":"product-type-simple"},"bundled_by":[],"bundle_stock_status":"instock","bundle_stock_quantity":1,"bundle_virtual":false,"bundle_layout":"","bundle_add_to_cart_form_location":"","bundle_editable_in_cart":false,"bundle_sold_individually_context":"","bundle_item_grouping":"","bundle_min_size":"","bundle_max_size":"","bundle_price":[],"bundled_items":[],"bundle_sell_ids":[],"acf":[],"_links":{"self":[{"href":"https:\/\/hi-techwonder.com\/es\/wp-json\/wp\/v2\/product\/12287","targetHints":{"allow":["GET"]}}],"collection":[{"href":"https:\/\/hi-techwonder.com\/es\/wp-json\/wp\/v2\/product"}],"about":[{"href":"https:\/\/hi-techwonder.com\/es\/wp-json\/wp\/v2\/types\/product"}],"replies":[{"embeddable":true,"href":"https:\/\/hi-techwonder.com\/es\/wp-json\/wp\/v2\/comments?post=12287"}],"wp:featuredmedia":[{"embeddable":true,"href":"https:\/\/hi-techwonder.com\/es\/wp-json\/wp\/v2\/media\/8789"}],"wp:attachment":[{"href":"https:\/\/hi-techwonder.com\/es\/wp-json\/wp\/v2\/media?parent=12287"}],"wp:term":[{"taxonomy":"product_brand","embeddable":true,"href":"https:\/\/hi-techwonder.com\/es\/wp-json\/wp\/v2\/product_brand?post=12287"},{"taxonomy":"product_cat","embeddable":true,"href":"https:\/\/hi-techwonder.com\/es\/wp-json\/wp\/v2\/product_cat?post=12287"},{"taxonomy":"product_tag","embeddable":true,"href":"https:\/\/hi-techwonder.com\/es\/wp-json\/wp\/v2\/product_tag?post=12287"}],"curies":[{"name":"wp","href":"https:\/\/api.w.org\/{rel}","templated":true}]}}