{"id":12288,"date":"2025-07-23T22:58:21","date_gmt":"2025-07-23T22:58:21","guid":{"rendered":"https:\/\/fv6qoy3ls0.wpdns.site\/produto\/nisi-filtro-100x150mm-nano-ir-medium-gnd-nd16-1-2-4-paradas\/"},"modified":"2026-04-21T08:44:08","modified_gmt":"2026-04-21T07:44:08","slug":"nisi-filtro-100x150mm-nano-ir-medium-gnd-nd16-1-2-4-paradas","status":"publish","type":"product","link":"https:\/\/hi-techwonder.com\/es\/producto\/nisi-filtro-100x150mm-nano-ir-medium-gnd-nd16-1-2-4-paradas\/","title":{"rendered":"NiSi Filtro 100x150mm Nano IR Medium GND \u2013 ND16 (1.2) \u2013 4 Paradas"},"content":{"rendered":"<div class=\"rte\">\n<h3><strong>NiSi Filtro 100x150mm Nano IR Medium GND \u2013 ND16 (1.2) \u2013 4 Stops<\/strong><\/h3>\n<p>O filtro<strong> Nisi 100x150mm Nano IR Medium GND \u2013 ND16 (1.2) \u2013 4 Stops<\/strong>\u00a0\u00e9 um filtro retangular que ajuda a escurecer \u00e1reas espec\u00edficas de uma imagem, como c\u00e9us claros, enquanto permite uma exposi\u00e7\u00e3o normal e n\u00e3o afetada nas outras regi\u00f5es da imagem .<\/p>\n<p>O filtro \u00e9 mais denso na borda superior, com uma linha de transi\u00e7\u00e3o m\u00e9dia entre as \u00e1reas densas e claras. Os filtros Nisi Nano IR Medium GND s\u00e3o filtros retangulars que ajudam a escurecer \u00e1reas espec\u00edficas de uma imagem, como c\u00e9us claros, enquanto permite uma exposi\u00e7\u00e3o normal e n\u00e3o afetada nas outras regi\u00f5es da imagem. Um filtro de densidade neutra com uma linha de transi\u00e7\u00e3o de borda m\u00e9dia \u00e9 particularmente \u00fatil para imagens que apresentam edif\u00edcios, montanhas e outros elementos que se projetam no horizonte.<\/p>\n<p>Os filtros NiSi GND n\u00e3o afetam a colora\u00e7\u00e3o da imagem, oferecem cores realistas e s\u00e3o feitos de vidro \u00f3ptico de alta qualidade (n\u00e3o resina) com revestimento nano para evitar a perda de qualquer detalhe.<\/p>\n<p>Ao usar o filtro de densidade neutra, a c\u00e2mara fica vulner\u00e1vel \u00e0 luz infravermelha, que lan\u00e7a a cor vermelha indesejada nas fotos ao fotografar com uma abertura pequena. Os filtros NiSi GND t\u00eam uma camada de revestimento de prote\u00e7\u00e3o infravermelha para eliminar a luz infravermelha atrav\u00e9s da lente para trazer de volta a cor natural e verdadeira.<\/p>\n<p>Os filtros de transi\u00e7\u00e3o m\u00e9dia possuem uma transi\u00e7\u00e3o intermedi\u00e1ria entre as partes claras e escuras; menos acentuado que os filtros Hard e mais acentuado que os filtros Soft. Estes s\u00e3o filtros GND essenciais para o kit do fot\u00f3grafo e s\u00e3o excelentes sozinhos no caso de uma linha de uma composi\u00e7\u00e3o sem \u00e1reas claras e escuras claramente definidas. Tamb\u00e9m s\u00e3o \u00f3timos em combina\u00e7\u00e3o com filtros Hard ou Soft GND.<\/p>\n<p>ND16, 1.2 e 4 stops s\u00e3o formas diferentes de indicar o valor de absor\u00e7\u00e3o de luz do filtro em quest\u00e3o.<\/p>\n<p><img loading=\"lazy\" decoding=\"async\" class=\"alignnone wp-image-24865\" src=\"https:\/\/hi-techwonder.com\/wp-content\/themes\/woodmart\/images\/lazy.svg\" data-src=\"https:\/\/nisioptics.pt\/wp-content\/uploads\/2023\/04\/gnd6-2-1.jpg\" alt=\"\" width=\"569\" height=\"752\"><\/p>\n<h5>Constru\u00e7\u00e3o<\/h5>\n<p>Todos os quadrados de NiSi usam Nano Coating\u00ae, este texto indica o uso do tratamento exclusivo Nano Coating que torna o filtro repelente \u00e0 \u00e1gua e oleof\u00f3bico para nitidez perfeita. Os filtros NiSi tamb\u00e9m usam a tecnologia IR, ou seja, o revestimento que bloqueia a luz infravermelha e, portanto, elimina o risco de tonalidade magenta.<\/p>\n<h5>Qualidade inigual\u00e1vel<\/h5>\n<p>Os filtros NiSi s\u00e3o todos feitos de vidro \u00f3ptico de grau de lente da mais alta qualidade para n\u00e3o perder nem o menor detalhe em suas imagens. O revestimento Nano Coating especial em ambos os lados minimiza reflexos indesejados e d\u00e1 aos filtros de densidade neutra NiSi a caracter\u00edstica de serem repelentes \u00e0 \u00e1gua e oleof\u00f3bicos. N\u00e3o h\u00e1 filtros de qualidade compar\u00e1vel gra\u00e7as ao exclusivo vidro NiSi usado, com o qual voc\u00ea pode ter certeza de que suas lentes n\u00e3o perder\u00e3o a defini\u00e7\u00e3o.<\/p>\n<h5>\u00danico no mercado<\/h5>\n<p>Gra\u00e7as \u00e0 correspond\u00eancia crom\u00e1tica muito alta e \u00e0 aus\u00eancia de cores dominantes, voc\u00ea pode finalmente dizer adeus \u00e0s corre\u00e7\u00f5es de cores pouco pr\u00e1ticas e demoradas na p\u00f3s-produ\u00e7\u00e3o. O vidro \u00f3ptico NiSi n\u00e3o \u00e9 o cl\u00e1ssico B270 usado por muitos fabricantes, mas \u00e9 um vidro de qualidade superior usado pelos principais fabricantes de lentes fotogr\u00e1ficas especificamente para os elementos \u00f3pticos mais finos, os filtros NiSi n\u00e3o degradam a imagem e permitem que a sua lente e sensor fotogr\u00e1fico fiquem sempre a trabalhar no m\u00e1ximo do seu potencial.<\/p>\n<h5>\u00c0 prova de intemp\u00e9ries<\/h5>\n<p>O tratamento Nano\u00ae Coating confere ao filtro a qualidade de repelir \u00e1gua e \u00f3leos, facilitando a limpeza mesmo em condi\u00e7\u00f5es extremas ou com presen\u00e7a de \u00e1gua do mar. O acabamento das bordas e os cantos arredondados melhoram a resist\u00eancia do filtro e a ader\u00eancia. Nossos filtros e porta-filtros nasceram para serem usados \u200b\u200bao ar livre, em qualquer situa\u00e7\u00e3o clim\u00e1tica, aproveite a fotografia em sua mais pura ess\u00eancia.<\/p>\n<p>O sistema de filtro NiSi 100mm \u00e9 \u00f3timo para c\u00e2meras com lentes que possuem uma rosca de filtro padr\u00e3o de <strong>49 mm a 95 mm<\/strong>.<\/p>\n<p>Este filtro de 100mmx150mm \u00e9 compat\u00edvel com o sistema de filtros NiSi 100mm.<\/p>\n<p>Saiba mais sobre o nosso sistema <a href=\"\/?product_cat=descubre-sistema-100m\">100mm<\/a>.<\/p>\n<\/div>\n","protected":false},"excerpt":{"rendered":"<ul>\n<li>Cor fiel \u00e0 realidade, sem matiz de cor<\/li>\n<li>Perfeito para equilibrar a exposi\u00e7\u00e3o quando edif\u00edcios, montanhas e outros elementos se projetam no horizonte<\/li>\n<li>Vidro \u00f3ptico para alta defini\u00e7\u00e3o<\/li>\n<li>Nano revestimento \u00e0 prova de \u00e1gua, e de baixo reflexo<\/li>\n<li>S\u00e9rie IR com bloqueio de luz infravermelha<\/li>\n<li>Compat\u00edvel com o sistema NiSi 100mm<\/li>\n<\/ul>\n","protected":false},"featured_media":8796,"comment_status":"closed","ping_status":"closed","template":"","meta":{"_acf_changed":false},"product_brand":[2543],"product_cat":[1058],"product_tag":[],"class_list":{"0":"post-12288","1":"product","2":"type-product","3":"status-publish","4":"has-post-thumbnail","6":"product_brand-nisioptics-es","7":"product_cat-filtros-100mm-es","8":"pa_densidade-nd16-4-stop-es","10":"first","11":"instock","12":"taxable","13":"shipping-taxable","14":"purchasable","15":"product-type-simple"},"bundled_by":[],"bundle_stock_status":"instock","bundle_stock_quantity":2,"bundle_virtual":false,"bundle_layout":"","bundle_add_to_cart_form_location":"","bundle_editable_in_cart":false,"bundle_sold_individually_context":"","bundle_item_grouping":"","bundle_min_size":"","bundle_max_size":"","bundle_price":[],"bundled_items":[],"bundle_sell_ids":[],"acf":[],"_links":{"self":[{"href":"https:\/\/hi-techwonder.com\/es\/wp-json\/wp\/v2\/product\/12288","targetHints":{"allow":["GET"]}}],"collection":[{"href":"https:\/\/hi-techwonder.com\/es\/wp-json\/wp\/v2\/product"}],"about":[{"href":"https:\/\/hi-techwonder.com\/es\/wp-json\/wp\/v2\/types\/product"}],"replies":[{"embeddable":true,"href":"https:\/\/hi-techwonder.com\/es\/wp-json\/wp\/v2\/comments?post=12288"}],"wp:featuredmedia":[{"embeddable":true,"href":"https:\/\/hi-techwonder.com\/es\/wp-json\/wp\/v2\/media\/8796"}],"wp:attachment":[{"href":"https:\/\/hi-techwonder.com\/es\/wp-json\/wp\/v2\/media?parent=12288"}],"wp:term":[{"taxonomy":"product_brand","embeddable":true,"href":"https:\/\/hi-techwonder.com\/es\/wp-json\/wp\/v2\/product_brand?post=12288"},{"taxonomy":"product_cat","embeddable":true,"href":"https:\/\/hi-techwonder.com\/es\/wp-json\/wp\/v2\/product_cat?post=12288"},{"taxonomy":"product_tag","embeddable":true,"href":"https:\/\/hi-techwonder.com\/es\/wp-json\/wp\/v2\/product_tag?post=12288"}],"curies":[{"name":"wp","href":"https:\/\/api.w.org\/{rel}","templated":true}]}}