{"id":12296,"date":"2025-07-23T22:58:21","date_gmt":"2025-07-23T22:58:21","guid":{"rendered":"https:\/\/fv6qoy3ls0.wpdns.site\/produto\/nisi-estojo-caddy-para-7-filtros-150mm-e-s5-s6\/"},"modified":"2026-04-08T12:29:24","modified_gmt":"2026-04-08T11:29:24","slug":"nisi-estojo-caddy-para-7-filtros-150mm-e-s5-s6","status":"publish","type":"product","link":"https:\/\/hi-techwonder.com\/es\/producto\/nisi-estojo-caddy-para-7-filtros-150mm-e-s5-s6\/","title":{"rendered":"NiSi Estojo Caddy para 7 Filtros 150mm e S5\/S6"},"content":{"rendered":"<div class=\"rte\">\n<h3><strong>NiSi Estojo Caddy para 7 Filtros 150mm e S5\/S6<\/strong><\/h3>\n<p><strong>O estojo de tecido NiSi Caddy <\/strong> foi projetado para os filtros do sistema NiSi de 150 mm e tem capacidade para 7 filtros de 150&#215;150 mm, 150&#215;170 mm ou Filtros circulares S5 mais um suporte de filtro de 150 mm. Tem uma al\u00e7a transversal ajust\u00e1vel e pode ser usado como bolsa cruzada (sling), bolsa de ombro ou pochete. Pode ser montado num trip\u00e9 para f\u00e1cil acesso, com uma al\u00e7a menor inclu\u00edda. Desenhado um material leve que protege os filtros contra arranh\u00f5es. Tem um design flip top para manter a caixa aberta durante o uso.<\/p>\n<p><strong> Inclui: <\/strong><\/p>\n<ul>\n<li>Estojo Caddy em tecido.<\/li>\n<li>Al\u00e7a de ombro.<\/li>\n<li>Correia de montagem do trip\u00e9.<\/li>\n<li>Pano de limpeza.<\/li>\n<\/ul>\n<p>Saiba mais sobre o nosso sistema de\u00a0<a href=\"https:\/\/nisioptics.pt\/categoria\/descobre\/descobre-sistema-150mm\/\" target=\"_blank\" rel=\"noopener\">150mm<\/a>.<\/p>\n<\/div>\n","protected":false},"excerpt":{"rendered":"<ul>\n<li>Comporta at\u00e9 7 x filtros (comporta 7 x 150x150mm, 150x170mm ou filtros circulares S5\/S6)<\/li>\n<li>Comporta 1 suporte de filtro de 150 mm (NiSi Q ou suporte S5\/S6)<\/li>\n<li>Design leve<\/li>\n<li>Pode ser transportada como bolsa de ombro, bolsa carteiro e bolsa de cintura.<\/li>\n<li>Al\u00e7a transversal ajust\u00e1vel<\/li>\n<li>Correia para montagem em trip\u00e9<\/li>\n<li>Pano de lente<\/li>\n<\/ul>\n","protected":false},"featured_media":8822,"comment_status":"closed","ping_status":"closed","template":"","meta":{"_acf_changed":false},"product_brand":[2543],"product_cat":[1056],"product_tag":[],"class_list":{"0":"post-12296","1":"product","2":"type-product","3":"status-publish","4":"has-post-thumbnail","6":"product_brand-nisioptics-es","7":"product_cat-accesorios-150mm","9":"first","10":"instock","11":"taxable","12":"shipping-taxable","13":"purchasable","14":"product-type-simple"},"bundled_by":[],"bundle_stock_status":"instock","bundle_stock_quantity":2,"bundle_virtual":false,"bundle_layout":"","bundle_add_to_cart_form_location":"","bundle_editable_in_cart":false,"bundle_sold_individually_context":"","bundle_item_grouping":"","bundle_min_size":"","bundle_max_size":"","bundle_price":[],"bundled_items":[],"bundle_sell_ids":[],"acf":[],"_links":{"self":[{"href":"https:\/\/hi-techwonder.com\/es\/wp-json\/wp\/v2\/product\/12296","targetHints":{"allow":["GET"]}}],"collection":[{"href":"https:\/\/hi-techwonder.com\/es\/wp-json\/wp\/v2\/product"}],"about":[{"href":"https:\/\/hi-techwonder.com\/es\/wp-json\/wp\/v2\/types\/product"}],"replies":[{"embeddable":true,"href":"https:\/\/hi-techwonder.com\/es\/wp-json\/wp\/v2\/comments?post=12296"}],"wp:featuredmedia":[{"embeddable":true,"href":"https:\/\/hi-techwonder.com\/es\/wp-json\/wp\/v2\/media\/8822"}],"wp:attachment":[{"href":"https:\/\/hi-techwonder.com\/es\/wp-json\/wp\/v2\/media?parent=12296"}],"wp:term":[{"taxonomy":"product_brand","embeddable":true,"href":"https:\/\/hi-techwonder.com\/es\/wp-json\/wp\/v2\/product_brand?post=12296"},{"taxonomy":"product_cat","embeddable":true,"href":"https:\/\/hi-techwonder.com\/es\/wp-json\/wp\/v2\/product_cat?post=12296"},{"taxonomy":"product_tag","embeddable":true,"href":"https:\/\/hi-techwonder.com\/es\/wp-json\/wp\/v2\/product_tag?post=12296"}],"curies":[{"name":"wp","href":"https:\/\/api.w.org\/{rel}","templated":true}]}}