{"id":12299,"date":"2025-07-23T22:58:21","date_gmt":"2025-07-23T22:58:21","guid":{"rendered":"https:\/\/fv6qoy3ls0.wpdns.site\/produto\/nisi-polarizador-landscape-cpl-nc-de-86-mm-para-v5-v5-pro-v6-c4\/"},"modified":"2026-04-21T08:44:07","modified_gmt":"2026-04-21T07:44:07","slug":"nisi-polarizador-landscape-cpl-nc-de-86-mm-para-v5-v5-pro-v6-c4","status":"publish","type":"product","link":"https:\/\/hi-techwonder.com\/es\/producto\/nisi-polarizador-landscape-cpl-nc-de-86-mm-para-v5-v5-pro-v6-c4\/","title":{"rendered":"NiSi Polarizador Landscape CPL NC de 86 mm para V5\/V5 Pro\/V6\/C4"},"content":{"rendered":"<div class=\"rte\">\n<div class=\"text-wrap tlid-copy-target\">\n<h3><strong>NiSi Polarizador Landscape CPL NC 86mm para V5\/V5 Pro\/V6\/C4<\/strong><\/h3>\n<p>O filtro <strong>Nisi Polarizador Landscape CPL NC 86mm para V5\/V5 Pro\/V6\/C4<\/strong> \u00e9 um 86mm PRO C-PL que funciona <strong>exclusivamente<\/strong> com os suportes NiSi 100mm V5\/V5 Pro\/V6\/C4.<\/p>\n<p>A vers\u00e3o Landscape do CPL melhora a satura\u00e7\u00e3o em imagens de paisagem em compara\u00e7\u00e3o com o C-PL inclu\u00eddo com o kit V5 e outros kits de 100 mm.<\/p>\n<p>Quando usado com o V5 Alpha, o anel <span style=\"text-decoration: underline;\">adaptador principal de 82 mm<\/span> tamb\u00e9m \u00e9 necess\u00e1rio para montar o CPL.<\/p>\n<p><img loading=\"lazy\" decoding=\"async\" class=\"alignnone wp-image-26765\" src=\"https:\/\/hi-techwonder.com\/wp-content\/themes\/woodmart\/images\/lazy.svg\" data-src=\"https:\/\/nisioptics.pt\/wp-content\/uploads\/2023\/04\/cpl-2-1024x738.jpg\" alt=\"\" width=\"752\" height=\"542\"><\/p>\n<p>Saiba mais sobre o nosso sistema <a href=\"\/?product_cat=descubre-sistema-100m\">100mm<\/a>.<\/p>\n<\/div>\n<\/div>\n","protected":false},"excerpt":{"rendered":"<ul>\n<li>CPL de Substitui\u00e7\u00e3o para Porta-filtros NiSi V5\/V5 Pro\/V6\/C4 100mm.<\/li>\n<li>Satura\u00e7\u00e3o aprimorada para cenas de paisagem<\/li>\n<li>Estrutura fina feita para suportes V5\/V5 Pro\/V6\/C4 de baixo perfil<\/li>\n<\/ul>\n","protected":false},"featured_media":8841,"comment_status":"closed","ping_status":"closed","template":"","meta":{"_acf_changed":false},"product_brand":[2543],"product_cat":[1058],"product_tag":[],"class_list":{"0":"post-12299","1":"product","2":"type-product","3":"status-publish","4":"has-post-thumbnail","6":"product_brand-nisioptics-es","7":"product_cat-filtros-100mm-es","9":"first","10":"pre-order","11":"taxable","12":"shipping-taxable","13":"purchasable","14":"product-type-simple"},"bundled_by":[],"bundle_stock_status":"pre-order","bundle_stock_quantity":null,"bundle_virtual":false,"bundle_layout":"","bundle_add_to_cart_form_location":"","bundle_editable_in_cart":false,"bundle_sold_individually_context":"","bundle_item_grouping":"","bundle_min_size":"","bundle_max_size":"","bundle_price":[],"bundled_items":[],"bundle_sell_ids":[],"acf":[],"_links":{"self":[{"href":"https:\/\/hi-techwonder.com\/es\/wp-json\/wp\/v2\/product\/12299","targetHints":{"allow":["GET"]}}],"collection":[{"href":"https:\/\/hi-techwonder.com\/es\/wp-json\/wp\/v2\/product"}],"about":[{"href":"https:\/\/hi-techwonder.com\/es\/wp-json\/wp\/v2\/types\/product"}],"replies":[{"embeddable":true,"href":"https:\/\/hi-techwonder.com\/es\/wp-json\/wp\/v2\/comments?post=12299"}],"wp:featuredmedia":[{"embeddable":true,"href":"https:\/\/hi-techwonder.com\/es\/wp-json\/wp\/v2\/media\/8841"}],"wp:attachment":[{"href":"https:\/\/hi-techwonder.com\/es\/wp-json\/wp\/v2\/media?parent=12299"}],"wp:term":[{"taxonomy":"product_brand","embeddable":true,"href":"https:\/\/hi-techwonder.com\/es\/wp-json\/wp\/v2\/product_brand?post=12299"},{"taxonomy":"product_cat","embeddable":true,"href":"https:\/\/hi-techwonder.com\/es\/wp-json\/wp\/v2\/product_cat?post=12299"},{"taxonomy":"product_tag","embeddable":true,"href":"https:\/\/hi-techwonder.com\/es\/wp-json\/wp\/v2\/product_tag?post=12299"}],"curies":[{"name":"wp","href":"https:\/\/api.w.org\/{rel}","templated":true}]}}