{"id":12300,"date":"2025-07-23T22:58:21","date_gmt":"2025-07-23T22:58:21","guid":{"rendered":"https:\/\/fv6qoy3ls0.wpdns.site\/produto\/nisi-soporte-100mm-para-nikkor-z-14-24mm-f-2-8-s\/"},"modified":"2026-04-08T12:29:25","modified_gmt":"2026-04-08T11:29:25","slug":"nisi-soporte-100mm-para-nikkor-z-14-24mm-f-2-8-s","status":"publish","type":"product","link":"https:\/\/hi-techwonder.com\/es\/producto\/nisi-soporte-100mm-para-nikkor-z-14-24mm-f-2-8-s\/","title":{"rendered":"NiSi Soporte 100mm para Nikkor Z 14-24mm f\/2.8 S"},"content":{"rendered":"<h3><strong>NiSi Porta-Filtros 100mm para Nikkor Z 14-24mm f\/2.8S<\/strong><\/h3>\n<p>O <strong>Nisi Porta Filtros 100mm para Nikkor Z 14-24mm f\/2.8<\/strong> (sem vinhetas) permite o uso conveniente de at\u00e9 dois filtros de 100mm de largura e 2mm de espessura na Nikon Z 14-24mm f\/2.8 S.<\/p>\n<p>Este kit consiste em dois componentes principais, um porta-filtros frontal e um anel adaptador do porta-filtros. O porta-filtros pode ser montado rapidamente no anel adaptador depois de travar primeiro o anel adaptador do porta-filtros no suporte do p\u00e1ra-sol da lente Nikon Z 14-24mm f\/2.8 S.<\/p>\n<p>Depois de encaixado no anel adaptador, a alavanca de travamento de puxar e soltar do porta-filtros ajuda a fornecer uma conex\u00e3o confi\u00e1vel que permite que o suporte seja girado 360\u00b0, beneficiando ainda mais o uso de densidade neutra graduada e outros filtros que s\u00e3o aprimorados por variados posicionamento. O suporte possui uma trava para travar o suporte na posi\u00e7\u00e3o e pode ser facilmente desbloqueado para permitir a rota\u00e7\u00e3o de 360 \u200b\u200bgraus.<\/p>\n<p>\u00c9 compat\u00edvel com filtros 100x100mm ou 100x150mm da NiSi (ou outras marcas que tenham filtros quadrados standard de 2mm de espessura) e suporta 2 filtros.<\/p>\n<p>O suporte de filtro NiSi 100mm para Nikon Z 14-24mm f\/2.8 S n\u00e3o tem vinhetas mesmo a 14mm. Possui clipes pressionados da esquerda para a direita s\u00e3o retirados do nosso popular suporte V6, em vez do design tradicional superior e inferior. \u00c9 muito suave inserir e remover filtros.<\/p>\n<p>\u00c9 feito de alum\u00ednio de grau aeron\u00e1utico, tornando-o dur\u00e1vel e leve para fot\u00f3grafos de paisagem.<\/p>\n<p><iframe loading=\"lazy\" title=\"Nisi Porta Filtros para Nikkor Z 14-24mm f\/2.8\" width=\"500\" height=\"281\" src=\"https:\/\/www.youtube.com\/embed\/8oQoFb-q_Ek?feature=oembed\" frameborder=\"0\" allow=\"accelerometer; autoplay; clipboard-write; encrypted-media; gyroscope; picture-in-picture; web-share\" referrerpolicy=\"strict-origin-when-cross-origin\" allowfullscreen><\/iframe><\/p>\n<p>Saiba mais sobre o nosso sistema <a href=\"\/?product_cat=descubre-sistema-100m\">100mm<\/a>.<\/p>\n","protected":false},"excerpt":{"rendered":"<ul>\n<li>Projetado especificamente para a Nikon Z 14-24mm f\/2.8 S<\/li>\n<li>Sem vinhetagem<\/li>\n<li>Rota\u00e7\u00e3o de 360 \u200b\u200bgraus com bloqueio de rota\u00e7\u00e3o<\/li>\n<li>Parafuso de travamento para travar o suporte na posi\u00e7\u00e3o<\/li>\n<li>Apresenta um design de encaixe do V6 &#8211; inser\u00e7\u00e3o e remo\u00e7\u00e3o suaves do filtro<\/li>\n<li>Feito de alum\u00ednio de boleto de grau aeron\u00e1utico revestido com p\u00f3 preto<\/li>\n<li>Suporta 2 filtros de 100 mm de largura<\/li>\n<\/ul>\n","protected":false},"featured_media":8844,"comment_status":"closed","ping_status":"closed","template":"","meta":{"_acf_changed":false},"product_brand":[2543],"product_cat":[1055],"product_tag":[],"class_list":{"0":"post-12300","1":"product","2":"type-product","3":"status-publish","4":"has-post-thumbnail","6":"product_brand-nisioptics-es","7":"product_cat-accesorios-100mm","9":"first","10":"instock","11":"taxable","12":"shipping-taxable","13":"purchasable","14":"product-type-simple"},"bundled_by":[],"bundle_stock_status":"instock","bundle_stock_quantity":2,"bundle_virtual":false,"bundle_layout":"","bundle_add_to_cart_form_location":"","bundle_editable_in_cart":false,"bundle_sold_individually_context":"","bundle_item_grouping":"","bundle_min_size":"","bundle_max_size":"","bundle_price":[],"bundled_items":[],"bundle_sell_ids":[],"acf":[],"_links":{"self":[{"href":"https:\/\/hi-techwonder.com\/es\/wp-json\/wp\/v2\/product\/12300","targetHints":{"allow":["GET"]}}],"collection":[{"href":"https:\/\/hi-techwonder.com\/es\/wp-json\/wp\/v2\/product"}],"about":[{"href":"https:\/\/hi-techwonder.com\/es\/wp-json\/wp\/v2\/types\/product"}],"replies":[{"embeddable":true,"href":"https:\/\/hi-techwonder.com\/es\/wp-json\/wp\/v2\/comments?post=12300"}],"wp:featuredmedia":[{"embeddable":true,"href":"https:\/\/hi-techwonder.com\/es\/wp-json\/wp\/v2\/media\/8844"}],"wp:attachment":[{"href":"https:\/\/hi-techwonder.com\/es\/wp-json\/wp\/v2\/media?parent=12300"}],"wp:term":[{"taxonomy":"product_brand","embeddable":true,"href":"https:\/\/hi-techwonder.com\/es\/wp-json\/wp\/v2\/product_brand?post=12300"},{"taxonomy":"product_cat","embeddable":true,"href":"https:\/\/hi-techwonder.com\/es\/wp-json\/wp\/v2\/product_cat?post=12300"},{"taxonomy":"product_tag","embeddable":true,"href":"https:\/\/hi-techwonder.com\/es\/wp-json\/wp\/v2\/product_tag?post=12300"}],"curies":[{"name":"wp","href":"https:\/\/api.w.org\/{rel}","templated":true}]}}