{"id":12302,"date":"2025-07-23T22:59:15","date_gmt":"2025-07-23T22:59:15","guid":{"rendered":"https:\/\/fv6qoy3ls0.wpdns.site\/produto\/nisi-soplador-de-limpieza-de-lentes\/"},"modified":"2026-04-08T12:29:25","modified_gmt":"2026-04-08T11:29:25","slug":"nisi-soplador-de-limpieza-de-lentes","status":"publish","type":"product","link":"https:\/\/hi-techwonder.com\/es\/producto\/nisi-soplador-de-limpieza-de-lentes\/","title":{"rendered":"NiSi Soplador de Limpieza de Lentes"},"content":{"rendered":"<h3><strong>NiSi Soprador para Limpeza de Lentes<\/strong><\/h3>\n<p>O <strong>NiSi Professional Lens Cleaning Blower<\/strong> \u00e9 um dos melhores acess\u00f3rios de limpeza que voc\u00ea pode colocar em sua bolsa de equipamentos. Funciona muito bem para remover poeira de lentes, sensores e espelhos SLR sem tocar nas superf\u00edcies. Ele se encaixa perfeitamente na sua m\u00e3o e fornece uma forte explos\u00e3o de ar enquanto limpa. Quando o ciclo de limpeza \u00e9 conclu\u00eddo, o bulbo de borracha de constru\u00e7\u00e3o robusta \u00e9 reabastecido rapidamente e est\u00e1 pronto para outra explos\u00e3o. A unidade \u00e9 resistente a grandes oscila\u00e7\u00f5es de temperatura, tornando-a uma ferramenta vi\u00e1vel em todos os tipos de climas.<\/p>\n<p>Este soprador de ar pode remover suavemente poeira e manchas de partes sens\u00edveis da c\u00e2mera sem contato f\u00edsico. Perfeito para limpar c\u00e2meras SLR, v\u00eddeo, lentes de c\u00e2meras digitais, lentes binoculares, lentes de telesc\u00f3pios, filtros de c\u00e2meras, instrumentos musicais, computadores, teclados, rel\u00f3gios e outros equipamentos de precis\u00e3o.<\/p>\n<ul>\n<li>Sensa\u00e7\u00e3o de m\u00e3o elegante e elegante e confort\u00e1vel<\/li>\n<li>Entrada r\u00e1pida de fluxo de ar, press\u00e3o de ar suficiente, sopre forte para limpar a poeira<\/li>\n<li>Novo design, sem degomagem, sem desbotamento, longa vida \u00fatil<\/li>\n<li>Adota borracha m\u00e9dica ambiental e segura, nenhuma subst\u00e2ncia perigosa<\/li>\n<\/ul>\n<p>Veja a nossa oferta de <a href=\"\/?product_cat=limpeza-de-filtros\">produtos de limpeza para filtros.<\/a><\/p>\n","protected":false},"excerpt":{"rendered":"<ul>\n<li>A ponta ultrafina direciona o ar com muita precis\u00e3o<\/li>\n<li>O soprador dura mais que uma lata de ar<\/li>\n<li>Melhor para o ambiente e para o seu equipamento<\/li>\n<li>Cabe facilmente na bolsa de viagem\/acess\u00f3rios<\/li>\n<\/ul>\n","protected":false},"featured_media":8860,"comment_status":"closed","ping_status":"closed","template":"","meta":{"_acf_changed":false},"product_brand":[2543],"product_cat":[1036],"product_tag":[],"class_list":{"0":"post-12302","1":"product","2":"type-product","3":"status-publish","4":"has-post-thumbnail","6":"product_brand-nisioptics-es","7":"product_cat-limpieza-es","9":"first","10":"instock","11":"taxable","12":"shipping-taxable","13":"purchasable","14":"product-type-simple"},"bundled_by":[],"bundle_stock_status":"instock","bundle_stock_quantity":7,"bundle_virtual":false,"bundle_layout":"","bundle_add_to_cart_form_location":"","bundle_editable_in_cart":false,"bundle_sold_individually_context":"","bundle_item_grouping":"","bundle_min_size":"","bundle_max_size":"","bundle_price":[],"bundled_items":[],"bundle_sell_ids":[],"acf":[],"_links":{"self":[{"href":"https:\/\/hi-techwonder.com\/es\/wp-json\/wp\/v2\/product\/12302","targetHints":{"allow":["GET"]}}],"collection":[{"href":"https:\/\/hi-techwonder.com\/es\/wp-json\/wp\/v2\/product"}],"about":[{"href":"https:\/\/hi-techwonder.com\/es\/wp-json\/wp\/v2\/types\/product"}],"replies":[{"embeddable":true,"href":"https:\/\/hi-techwonder.com\/es\/wp-json\/wp\/v2\/comments?post=12302"}],"wp:featuredmedia":[{"embeddable":true,"href":"https:\/\/hi-techwonder.com\/es\/wp-json\/wp\/v2\/media\/8860"}],"wp:attachment":[{"href":"https:\/\/hi-techwonder.com\/es\/wp-json\/wp\/v2\/media?parent=12302"}],"wp:term":[{"taxonomy":"product_brand","embeddable":true,"href":"https:\/\/hi-techwonder.com\/es\/wp-json\/wp\/v2\/product_brand?post=12302"},{"taxonomy":"product_cat","embeddable":true,"href":"https:\/\/hi-techwonder.com\/es\/wp-json\/wp\/v2\/product_cat?post=12302"},{"taxonomy":"product_tag","embeddable":true,"href":"https:\/\/hi-techwonder.com\/es\/wp-json\/wp\/v2\/product_tag?post=12302"}],"curies":[{"name":"wp","href":"https:\/\/api.w.org\/{rel}","templated":true}]}}