{"id":12303,"date":"2025-07-23T22:59:15","date_gmt":"2025-07-23T22:59:15","guid":{"rendered":"https:\/\/fv6qoy3ls0.wpdns.site\/produto\/nisi-caddy-pro-estuche-p-9-filtros-100mm\/"},"modified":"2026-04-08T12:29:26","modified_gmt":"2026-04-08T11:29:26","slug":"nisi-caddy-pro-estuche-p-9-filtros-100mm","status":"publish","type":"product","link":"https:\/\/hi-techwonder.com\/es\/producto\/nisi-caddy-pro-estuche-p-9-filtros-100mm\/","title":{"rendered":"NiSi Caddy Pro Estuche p\/ 9 filtros 100mm"},"content":{"rendered":"<h3><strong>NiSi Estojo Caddy Pro p\/ 9 Filtros 100mm<\/strong><\/h3>\n<p>O <strong>Nisi Estojo porta filtros 100mm Caddy Pro<\/strong> foi projetado para os filtros do sistema NiSi 100mm e comporta 4 x 100x100mm e 5 x 100x150mm. Possui uma al\u00e7a transversal ajust\u00e1vel e pode ser carregada como bolsa de ombro, bolsa carteiro ou bolsa de cintura. Ele pode ser convenientemente montado em uma perna de trip\u00e9 para f\u00e1cil acesso e uso e \u00e9 projetado com um material leve que protege seus filtros contra arranh\u00f5es. Este estojo pode conter at\u00e9 9 filtros na combina\u00e7\u00e3o de 4 x 100x100mm e 5 x 100x150mm e possui um design flip-top para manter a bolsa aberta durante o uso.<\/p>\n<p>O estojo NiSi Caddy 100mm tamb\u00e9m pode conter um suporte NiSi 100mm V6 na primeira ranhura da bolsa (reduzindo as ranhuras de filtro para 8).<\/p>\n<p>O estojo \u00e9 muito leve chegando a 350g e ainda pequeno o suficiente para caber na maioria das bolsas de c\u00e2mera. As dimens\u00f5es f\u00edsicas s\u00e3o: 19cm x 13,5cm x 8cm.<\/p>\n<p><img loading=\"lazy\" decoding=\"async\" class=\"alignnone wp-image-27594\" src=\"https:\/\/hi-techwonder.com\/wp-content\/themes\/woodmart\/images\/lazy.svg\" data-src=\"https:\/\/nisioptics.pt\/wp-content\/uploads\/2020\/11\/NiSi-Caddy-100mm-Filter-Pouch-1024x682.jpg\" alt=\"\" width=\"752\" height=\"501\"><\/p>\n<p>Saiba mais sobre o nosso sistema <a href=\"\/?product_cat=descubre-sistema-100m\">100mm<\/a>.<\/p>\n","protected":false},"excerpt":{"rendered":"<ul>\n<li>Suporta at\u00e9 9 filtros (4 x 100x100mm e 5 x 100x150mm)<\/li>\n<li>Suporta um suporte de 100 mm V6\/V5 Pro\/V5 (reduzindo os slots de filtro para 8)<\/li>\n<li>Design leve em 350g<\/li>\n<li>Pode ser montado em um trip\u00e9 para f\u00e1cil acesso e uso<\/li>\n<li>Compacto e leve<\/li>\n<li>Cabe facilmente na bolsa da sua c\u00e2mera<\/li>\n<li>Pode ser transportada como bolsa de ombro, bolsa carteiro e bolsa de cintura.<\/li>\n<li>Al\u00e7a transversal ajust\u00e1vel<\/li>\n<\/ul>\n","protected":false},"featured_media":8869,"comment_status":"closed","ping_status":"closed","template":"","meta":{"_acf_changed":false},"product_brand":[2543],"product_cat":[1055],"product_tag":[],"class_list":{"0":"post-12303","1":"product","2":"type-product","3":"status-publish","4":"has-post-thumbnail","6":"product_brand-nisioptics-es","7":"product_cat-accesorios-100mm","9":"first","10":"instock","11":"taxable","12":"shipping-taxable","13":"purchasable","14":"product-type-simple"},"bundled_by":[],"bundle_stock_status":"instock","bundle_stock_quantity":5,"bundle_virtual":false,"bundle_layout":"","bundle_add_to_cart_form_location":"","bundle_editable_in_cart":false,"bundle_sold_individually_context":"","bundle_item_grouping":"","bundle_min_size":"","bundle_max_size":"","bundle_price":[],"bundled_items":[],"bundle_sell_ids":[],"acf":[],"_links":{"self":[{"href":"https:\/\/hi-techwonder.com\/es\/wp-json\/wp\/v2\/product\/12303","targetHints":{"allow":["GET"]}}],"collection":[{"href":"https:\/\/hi-techwonder.com\/es\/wp-json\/wp\/v2\/product"}],"about":[{"href":"https:\/\/hi-techwonder.com\/es\/wp-json\/wp\/v2\/types\/product"}],"replies":[{"embeddable":true,"href":"https:\/\/hi-techwonder.com\/es\/wp-json\/wp\/v2\/comments?post=12303"}],"wp:featuredmedia":[{"embeddable":true,"href":"https:\/\/hi-techwonder.com\/es\/wp-json\/wp\/v2\/media\/8869"}],"wp:attachment":[{"href":"https:\/\/hi-techwonder.com\/es\/wp-json\/wp\/v2\/media?parent=12303"}],"wp:term":[{"taxonomy":"product_brand","embeddable":true,"href":"https:\/\/hi-techwonder.com\/es\/wp-json\/wp\/v2\/product_brand?post=12303"},{"taxonomy":"product_cat","embeddable":true,"href":"https:\/\/hi-techwonder.com\/es\/wp-json\/wp\/v2\/product_cat?post=12303"},{"taxonomy":"product_tag","embeddable":true,"href":"https:\/\/hi-techwonder.com\/es\/wp-json\/wp\/v2\/product_tag?post=12303"}],"curies":[{"name":"wp","href":"https:\/\/api.w.org\/{rel}","templated":true}]}}