{"id":12312,"date":"2025-07-23T22:59:15","date_gmt":"2025-07-23T22:59:15","guid":{"rendered":"https:\/\/fv6qoy3ls0.wpdns.site\/produto\/nisi-anel-adaptador-para-o-sistema-75mm\/"},"modified":"2026-04-09T09:19:48","modified_gmt":"2026-04-09T08:19:48","slug":"nisi-anel-adaptador-para-o-sistema-75mm","status":"publish","type":"product","link":"https:\/\/hi-techwonder.com\/es\/producto\/nisi-anel-adaptador-para-o-sistema-75mm\/","title":{"rendered":"NiSi Anel Adaptador para o Sistema 75mm"},"content":{"rendered":"<h3><strong>NiSi Anel Adaptador Para o Sistema 75mm<\/strong><\/h3>\n<p>Os an\u00e9is adaptadores NiSi para o sistema de filtro NiSi M75 de 75 mm permitem que o anel adaptador de suporte de 67 mm inclu\u00eddo no kit de suporte NiSi M75 de 75 mm seja usado em lentes com rosca de filtro frontal de 39 mm a 72 mm. Possui constru\u00e7\u00e3o em liga de alum\u00ednio para maior durabilidade, permanecendo leve.<\/p>\n<p>O adaptador de 72mm substitui o adaptador principal do sistema de 75mm, impedindo a utiliza\u00e7\u00e3o de filtro CPL.<\/p>\n<p>Descobre mais sobre o nosso <a href=\"https:\/\/nisioptics.pt\/categoria\/descobre\/descobre-sistema-75mm\/\" target=\"_blank\" rel=\"noopener\">sistema de 75mm.<\/a><\/p>\n<p>&nbsp;<\/p>\n","protected":false},"excerpt":{"rendered":"<ul>\n<li>Para lentes com roscas de entre 39mm at\u00e9 72mm<\/li>\n<li>Constru\u00e7\u00e3o em liga de alum\u00ednio<\/li>\n<li>Compat\u00edvel com o novo Porta-filtros M75-II<\/li>\n<\/ul>\n","protected":false},"featured_media":8895,"comment_status":"closed","ping_status":"closed","template":"","meta":{"_acf_changed":false},"product_brand":[2543],"product_cat":[1054],"product_tag":[],"class_list":{"0":"post-12312","1":"product","2":"type-product","3":"status-publish","4":"has-post-thumbnail","6":"product_brand-nisioptics-es","7":"product_cat-accesorios-75mm","8":"pa_diametro-39mm-es","9":"pa_diametro-40-5mm-es","10":"pa_diametro-43mm-es","11":"pa_diametro-46mm-es","12":"pa_diametro-49mm-es","13":"pa_diametro-52mm-es","14":"pa_diametro-55mm-es","15":"pa_diametro-58mm-es","16":"pa_diametro-60mm-es","17":"pa_diametro-62mm-es","18":"pa_diametro-72mm-es","20":"first","21":"instock","22":"taxable","23":"shipping-taxable","24":"purchasable","25":"product-type-variable"},"bundled_by":[],"bundle_stock_status":"instock","bundle_stock_quantity":null,"bundle_virtual":false,"bundle_layout":"","bundle_add_to_cart_form_location":"","bundle_editable_in_cart":false,"bundle_sold_individually_context":"","bundle_item_grouping":"","bundle_min_size":"","bundle_max_size":"","bundle_price":[],"bundled_items":[],"bundle_sell_ids":[],"acf":[],"_links":{"self":[{"href":"https:\/\/hi-techwonder.com\/es\/wp-json\/wp\/v2\/product\/12312","targetHints":{"allow":["GET"]}}],"collection":[{"href":"https:\/\/hi-techwonder.com\/es\/wp-json\/wp\/v2\/product"}],"about":[{"href":"https:\/\/hi-techwonder.com\/es\/wp-json\/wp\/v2\/types\/product"}],"replies":[{"embeddable":true,"href":"https:\/\/hi-techwonder.com\/es\/wp-json\/wp\/v2\/comments?post=12312"}],"wp:featuredmedia":[{"embeddable":true,"href":"https:\/\/hi-techwonder.com\/es\/wp-json\/wp\/v2\/media\/8895"}],"wp:attachment":[{"href":"https:\/\/hi-techwonder.com\/es\/wp-json\/wp\/v2\/media?parent=12312"}],"wp:term":[{"taxonomy":"product_brand","embeddable":true,"href":"https:\/\/hi-techwonder.com\/es\/wp-json\/wp\/v2\/product_brand?post=12312"},{"taxonomy":"product_cat","embeddable":true,"href":"https:\/\/hi-techwonder.com\/es\/wp-json\/wp\/v2\/product_cat?post=12312"},{"taxonomy":"product_tag","embeddable":true,"href":"https:\/\/hi-techwonder.com\/es\/wp-json\/wp\/v2\/product_tag?post=12312"}],"curies":[{"name":"wp","href":"https:\/\/api.w.org\/{rel}","templated":true}]}}