{"id":12313,"date":"2025-07-23T22:59:15","date_gmt":"2025-07-23T22:59:15","guid":{"rendered":"https:\/\/fv6qoy3ls0.wpdns.site\/produto\/nisi-lente-de-macro-nc-close-up-77mm\/"},"modified":"2026-05-01T13:40:14","modified_gmt":"2026-05-01T12:40:14","slug":"nisi-lente-de-macro-nc-close-up-77mm","status":"publish","type":"product","link":"https:\/\/hi-techwonder.com\/es\/producto\/nisi-lente-de-macro-nc-close-up-77mm\/","title":{"rendered":"NiSi Lente de Macro NC Close-Up 77mm"},"content":{"rendered":"<h3>Lente macro close-up II NC 77mm<\/h3>\n<p><iframe loading=\"lazy\" src=\"https:\/\/www.youtube.com\/embed\/s2fFfBHLj0A\" width=\"560\" height=\"315\" frameborder=\"0\" allowfullscreen=\"allowfullscreen\" data-mce-fragment=\"1\"><\/iframe><\/p>\n<p>A Nisi Lente de Macro NC Close-Up de 77mm permite aumentar o fator de multiplica\u00e7\u00e3o de sua lente. Gra\u00e7as a esta lente, pode transformar sua lente telefoto numa lente macro com amplia\u00e7\u00e3o de at\u00e9 1: 1. Recomendamos o uso da lente close-up NC Macro NiSi com lentes com dist\u00e2ncias focais entre 70 e 200 mm. Portanto, qualquer lente que apresente (mesmo parcialmente) essas dist\u00e2ncias focais \u00e9 adequada. A lente close-up \u00e9 perfeita com lentes 70-200 f\/2.8 ou f\/4 e tamb\u00e9m com 70-300, 18-105 mm, 24-105, 100-400 e assim por diante. Os melhores desempenhos est\u00e3o entre 70 e 200 mm, mas tamb\u00e9m pode experimentar outras dist\u00e2ncias focais e ficar\u00e1 surpreso com a nitidez do vidro \u00f3tico NiSi.<\/p>\n<h5>As caracter\u00edsticas principais:<\/h5>\n<ul>\n<li>Vidro \u00f3ptico para aplica\u00e7\u00f5es de precis\u00e3o NiSi. Como sempre, o melhor vidro \u00f3ptico do mercado.<\/li>\n<li>Elemento \u00f3ptico apocrom\u00e1tico duplo<\/li>\n<li>Tratamento Multi-Nano Coating\u00ae NiSi (NC), para melhor nitidez e f\u00e1cil limpeza de \u00e1gua e gordura (como impress\u00f5es digitais)<\/li>\n<li>Amplia\u00e7\u00e3o entre 0.8x e 0.85x ao fotografar a 200 mm <span style=\"text-decoration: underline;\">(na maioria das objetivas, valores variam consoante a magnifica\u00e7\u00e3o m\u00e1xima da objetiva a 200mm)<\/span><\/li>\n<li>Design que reduz significativamente a orla roxa \/ verde<\/li>\n<li>Dioptrias + 3-4 (entre 3 e 4 dioptrias)<\/li>\n<li>As lentes de close-up s\u00e3o enroscadas diretamente em lentes de rosca de 77 mm, mas os an\u00e9is adaptadores est\u00e3o inclu\u00eddos no kit para uso com roscas de 72 mm e 67 mm. Pode usar um anel adaptador de terceiros para usar a lente NiSi de close-up com lentes com qualquer rosca, o importante \u00e9 ter dist\u00e2ncias focais entre 70 e 300mm.<\/li>\n<li>O foco autom\u00e1tico permanece ativo na maioria das lentes, na faixa de uso (por exemplo, entre cerca de 20 cm e 30 cm com a maioria das lentes)<\/li>\n<li>Inclui duas tampas de lente (frontal e traseira) para proteger a sua lente quando n\u00e3o estiver em uso<\/li>\n<\/ul>\n<h5>O kit tem tudo que voc\u00ea precisa para usar e transportar a lente:<\/h5>\n<ul>\n<li>NC macro close-up lente 77 mm<\/li>\n<li>72-77mm anel adaptador<\/li>\n<li>67-77mm anel adaptador<\/li>\n<li>Estojo NC Macro Close-Up Lens<\/li>\n<li>2 x tampas de lente<\/li>\n<\/ul>\n<h5>Lente Macro NiSi de close-up: \u00fanica no mercado<\/h5>\n<p>As lentes close-up no mercado dificilmente usam vidro \u00f3ptico, muito menos vidro de precis\u00e3o, que \u00e9 exclusivo do NiSi. Al\u00e9m disso, apenas as melhores (e muito caras) lentes close-up usam lentes apocrom\u00e1ticas. Na NiSi Close-up, usamos dois elementos \u00f3pticos apocrom\u00e1ticos. Al\u00e9m disso, aplicamos exclusivamente um tratamento NiSi Multi Coating para este produto, que inclui nosso exclusivo Nano Coating\u00ae NiSi (NC).<\/p>\n<p>O desempenho que pode alcan\u00e7ar com esta lente macro dificilmente pode ser superado e pode ser comparado a lentes projetadas para fotografia macro.<\/p>\n<p>Como alcan\u00e7amos essa qualidade e, ao mesmo tempo, mantemos o pre\u00e7o acess\u00edvel? Gra\u00e7as \u00e0 nossa abordagem inovadora que nos permite conceber, produzir e distribuir os nossos produtos directamente, sem ter de aumentar os pre\u00e7os e sem comprometer a qualidade. A garantia NiSi \u00e9 uma garantia real, direta e certificada por quem projetou e fabricou os produtos.<\/p>\n<p>Sabe mais sobre as nossas <a href=\"https:\/\/nisioptics.pt\/categoria\/descobre\/descobre-lentes-close-up\/\" target=\"_blank\" rel=\"noopener\">lentes close-up.<\/a><\/p>\n","protected":false},"excerpt":{"rendered":"<ul>\n<li>Vidro \u00f3tico de alta qualidade exclusiva da NiSi, com elemento \u00f3tico apocrom\u00e1tico duplo<\/li>\n<li>Tratamento Multi-Nano Coating\u00ae NiSi (NC), repelente de \u00e1gua e \u00f3leo<\/li>\n<li>Perfeito para dist\u00e2ncias focais entre 70 e 300 mm<\/li>\n<li>Franjas roxas \/ verdes reduzidas ao m\u00ednimo<\/li>\n<li>Dioptrias + 3-4 (entre 3 e 4 dioptrias)<\/li>\n<li>An\u00e9is 77-&gt; 72, 77-&gt; 67 e caixa inclu\u00edda (\u00e9 compat\u00edvel com an\u00e9is adaptadores de outras marcas)<\/li>\n<li>2 x tampas de lente (frontal e traseira) para proteger sua lente quando n\u00e3o estiver em uso<\/li>\n<\/ul>\n","protected":false},"featured_media":8911,"comment_status":"closed","ping_status":"closed","template":"","meta":{"_acf_changed":false},"product_brand":[2543],"product_cat":[976],"product_tag":[],"class_list":{"0":"post-12313","1":"product","2":"type-product","3":"status-publish","4":"has-post-thumbnail","6":"product_brand-nisioptics-es","7":"product_cat-lentes-de-aproximacion","8":"pa_diametro-77mm-es","10":"first","11":"instock","12":"taxable","13":"shipping-taxable","14":"purchasable","15":"product-type-simple"},"bundled_by":[],"bundle_stock_status":"instock","bundle_stock_quantity":1,"bundle_virtual":false,"bundle_layout":"","bundle_add_to_cart_form_location":"","bundle_editable_in_cart":false,"bundle_sold_individually_context":"","bundle_item_grouping":"","bundle_min_size":"","bundle_max_size":"","bundle_price":[],"bundled_items":[],"bundle_sell_ids":[],"acf":[],"_links":{"self":[{"href":"https:\/\/hi-techwonder.com\/es\/wp-json\/wp\/v2\/product\/12313","targetHints":{"allow":["GET"]}}],"collection":[{"href":"https:\/\/hi-techwonder.com\/es\/wp-json\/wp\/v2\/product"}],"about":[{"href":"https:\/\/hi-techwonder.com\/es\/wp-json\/wp\/v2\/types\/product"}],"replies":[{"embeddable":true,"href":"https:\/\/hi-techwonder.com\/es\/wp-json\/wp\/v2\/comments?post=12313"}],"wp:featuredmedia":[{"embeddable":true,"href":"https:\/\/hi-techwonder.com\/es\/wp-json\/wp\/v2\/media\/8911"}],"wp:attachment":[{"href":"https:\/\/hi-techwonder.com\/es\/wp-json\/wp\/v2\/media?parent=12313"}],"wp:term":[{"taxonomy":"product_brand","embeddable":true,"href":"https:\/\/hi-techwonder.com\/es\/wp-json\/wp\/v2\/product_brand?post=12313"},{"taxonomy":"product_cat","embeddable":true,"href":"https:\/\/hi-techwonder.com\/es\/wp-json\/wp\/v2\/product_cat?post=12313"},{"taxonomy":"product_tag","embeddable":true,"href":"https:\/\/hi-techwonder.com\/es\/wp-json\/wp\/v2\/product_tag?post=12313"}],"curies":[{"name":"wp","href":"https:\/\/api.w.org\/{rel}","templated":true}]}}