{"id":12314,"date":"2025-07-23T22:59:15","date_gmt":"2025-07-23T22:59:15","guid":{"rendered":"https:\/\/fv6qoy3ls0.wpdns.site\/produto\/nisi-lente-de-macro-nc-close-up-58mm\/"},"modified":"2026-04-21T08:44:08","modified_gmt":"2026-04-21T07:44:08","slug":"nisi-lente-de-macro-nc-close-up-58mm","status":"publish","type":"product","link":"https:\/\/hi-techwonder.com\/es\/producto\/nisi-lente-de-macro-nc-close-up-58mm\/","title":{"rendered":"NiSi Lente de Macro NC Close-Up 58mm"},"content":{"rendered":"<h3><strong>NiSi Lente de Macro NC Close-Up 58mm<\/strong><\/h3>\n<p>A lente <strong>Nisi de Macro NC Close-Up de 58mm<\/strong> <span style=\"text-decoration: underline;\">(com adaptadores de 49 e 52mm)<\/span> \u00e9 a maneira mais eficaz de obter uma dist\u00e2ncia focal m\u00ednima mais pr\u00f3xima. A amplia\u00e7\u00e3o obtida depende da faixa focal das lentes. Ser\u00e1 maior com dist\u00e2ncias focais mais longas. As dioptrias da lente Nisi de Macro NC Close-Up de 58mm s\u00e3o +5 e \u00e9 feita de vidro corretivo \u00f3ptico duplo com design apocrom\u00e1tico e revestimento muti-nano. Isso permite resolu\u00e7\u00e3o avan\u00e7ada, cores naturais quase sem aberra\u00e7\u00f5es crom\u00e1ticas roxas\/verdes tanto no foco quanto no bokeh.<\/p>\n<p>A amplia\u00e7\u00e3o ser\u00e1 de 1:1 a uma dist\u00e2ncia focal de 120 mm.<\/p>\n<p>O NiSi Close Up Lens Kit NC 58mm (com adaptadores de 49 e 52mm) n\u00e3o tem vinheta a 35mm numa c\u00e2mara com sensor full-frame e 24mm numa c\u00e2mara com sensor APS-C.<\/p>\n<h4>A lente close-up de 58 mm \u00e9 recomendada para:<\/h4>\n<p>1.\u00a0Lentes para sensores APS-C<\/p>\n<p>Lentes com rosca de filtro at\u00e9 58mm. Dist\u00e2ncia focal 24-250mm prime\/zoom\/macro<\/p>\n<p>2. Lentes para sensores full frame<\/p>\n<p>Lentes com rosca de filtro at\u00e9 58mm. Dist\u00e2ncia focal 35-250mm prime\/zoom\/macro<\/p>\n<p>3. Lentes macro com rosca de filtro at\u00e9 58 mm com dist\u00e2ncia focal acima de 50 mm<\/p>\n<p>Recomendamos uma dist\u00e2ncia de trabalho de 9-22 cm. A dist\u00e2ncia de trabalho ser\u00e1 menor quando voc\u00ea combinar a lente close-up NiSi com uma lente macro.<\/p>\n<h4>Inclui:<\/h4>\n<ul>\n<li>Lente close-up 58mm<\/li>\n<li>Anel adaptador para 49mm e 52mm<\/li>\n<li>Estojo protector<\/li>\n<\/ul>\n<p><iframe loading=\"lazy\" src=\"https:\/\/www.youtube.com\/embed\/7Et17MYN66I\" width=\"560\" height=\"315\" frameborder=\"0\" allowfullscreen=\"allowfullscreen\"><\/iframe><\/p>\n<p>Sabe mais sobre as nossas <a href=\"https:\/\/nisioptics.pt\/categoria\/descobre\/descobre-lentes-close-up\/\" target=\"_blank\" rel=\"noopener\">lentes close-up.<\/a><\/p>\n","protected":false},"excerpt":{"rendered":"<ul>\n<li>Permite que uma lente telefoto funcione como uma lente macro<\/li>\n<li>Compat\u00edvel com zoom ou lentes prime na faixa de dist\u00e2ncia focal de 35 a 250 mm (equivalente a quadro completo)<\/li>\n<li>Melhor dist\u00e2ncia de trabalho: 9-22 cm<\/li>\n<li>Monta em qualquer lente com uma rosca de 58 mm<\/li>\n<li><strong>Inclui<\/strong> adaptadores de 49 mm e 52 mm<\/li>\n<li>Vidro corretivo \u00f3ptico duplo<\/li>\n<li>Desenho apocrom\u00e1tico<\/li>\n<li>Revestimento Muti-nano<\/li>\n<li>Dioptrias +5<\/li>\n<\/ul>\n","protected":false},"featured_media":8936,"comment_status":"closed","ping_status":"closed","template":"","meta":{"_acf_changed":false},"product_brand":[2543],"product_cat":[976],"product_tag":[],"class_list":{"0":"post-12314","1":"product","2":"type-product","3":"status-publish","4":"has-post-thumbnail","6":"product_brand-nisioptics-es","7":"product_cat-lentes-de-aproximacion","8":"pa_diametro-58mm-es","10":"first","11":"instock","12":"taxable","13":"shipping-taxable","14":"purchasable","15":"product-type-simple"},"bundled_by":[],"bundle_stock_status":"instock","bundle_stock_quantity":2,"bundle_virtual":false,"bundle_layout":"","bundle_add_to_cart_form_location":"","bundle_editable_in_cart":false,"bundle_sold_individually_context":"","bundle_item_grouping":"","bundle_min_size":"","bundle_max_size":"","bundle_price":[],"bundled_items":[],"bundle_sell_ids":[],"acf":[],"_links":{"self":[{"href":"https:\/\/hi-techwonder.com\/es\/wp-json\/wp\/v2\/product\/12314","targetHints":{"allow":["GET"]}}],"collection":[{"href":"https:\/\/hi-techwonder.com\/es\/wp-json\/wp\/v2\/product"}],"about":[{"href":"https:\/\/hi-techwonder.com\/es\/wp-json\/wp\/v2\/types\/product"}],"replies":[{"embeddable":true,"href":"https:\/\/hi-techwonder.com\/es\/wp-json\/wp\/v2\/comments?post=12314"}],"wp:featuredmedia":[{"embeddable":true,"href":"https:\/\/hi-techwonder.com\/es\/wp-json\/wp\/v2\/media\/8936"}],"wp:attachment":[{"href":"https:\/\/hi-techwonder.com\/es\/wp-json\/wp\/v2\/media?parent=12314"}],"wp:term":[{"taxonomy":"product_brand","embeddable":true,"href":"https:\/\/hi-techwonder.com\/es\/wp-json\/wp\/v2\/product_brand?post=12314"},{"taxonomy":"product_cat","embeddable":true,"href":"https:\/\/hi-techwonder.com\/es\/wp-json\/wp\/v2\/product_cat?post=12314"},{"taxonomy":"product_tag","embeddable":true,"href":"https:\/\/hi-techwonder.com\/es\/wp-json\/wp\/v2\/product_tag?post=12314"}],"curies":[{"name":"wp","href":"https:\/\/api.w.org\/{rel}","templated":true}]}}