{"id":12315,"date":"2025-07-23T22:59:15","date_gmt":"2025-07-23T22:59:15","guid":{"rendered":"https:\/\/fv6qoy3ls0.wpdns.site\/produto\/nisi-macro-rail-de-enfoque-nm-180s\/"},"modified":"2026-04-30T11:58:20","modified_gmt":"2026-04-30T10:58:20","slug":"nisi-macro-rail-de-enfoque-nm-180s","status":"publish","type":"product","link":"https:\/\/hi-techwonder.com\/es\/producto\/nisi-macro-rail-de-enfoque-nm-180s\/","title":{"rendered":"NiSi Macro Ra\u00edl de Enfoque NM-180S"},"content":{"rendered":"<h3><strong>NiSi Macro Rail de Focagem NM-180S<\/strong><\/h3>\n<p>Melhore a sua fotografia macro com o<strong> rail de focagem macro NiSi NM-180S<\/strong>. Concebida para precis\u00e3o e facilidade, esta calha possui um grampo rotativo de 360 graus, um bot\u00e3o de parafuso de polegar dobr\u00e1vel e um acabamento dur\u00e1vel e resistente a riscos. Perfeita para profissionais que procuram sempre fotografias n\u00edtidas e detalhadas.<\/p>\n<h4>Revolucione a sua fotografia macro<\/h4>\n<p>O NiSi Macro Focusing Rail NM-180S \u00e9 um divisor de \u00e1guas para os fot\u00f3grafos macro. A sua inovadora pin\u00e7a rotativa de 360 graus e as capacidades de ajuste preciso garantem que capta todos os detalhes com a m\u00e1xima nitidez. Esta calha de focagem, com a sua gama de ajuste de 160 mm, permite-lhe afinar a posi\u00e7\u00e3o da sua c\u00e2mara sem esfor\u00e7o, tornando-a uma ferramenta indispens\u00e1vel para o seu arsenal fotogr\u00e1fico.<\/p>\n<h4>Design de f\u00e1cil utiliza\u00e7\u00e3o para uma maior criatividade<\/h4>\n<p>O NiSi NM-180S n\u00e3o \u00e9 apenas uma quest\u00e3o de precis\u00e3o; \u00e9 tamb\u00e9m uma quest\u00e3o de conveni\u00eancia. O bot\u00e3o de parafuso de polegar dobr\u00e1vel, atualizado com marca\u00e7\u00f5es de \u00edndice gravadas, oferece ajustes f\u00e1ceis e armazenamento compacto. A placa de liberta\u00e7\u00e3o r\u00e1pida mais comprida, concebida especificamente para teleobjectivas, aumenta a versatilidade. A sua compatibilidade com correias garante um manuseamento seguro, enquanto o mecanismo de bloqueio e desbloqueio f\u00e1cil simplifica o seu fluxo de trabalho.<\/p>\n<h4>A durabilidade encontra a funcionalidade<\/h4>\n<p>Fabricado em alum\u00ednio de alta qualidade maquinado por CNC e acabado com um revestimento anodizado duro, resistente \u00e0 corros\u00e3o, o NiSi NM-180S foi constru\u00eddo para suportar os rigores da utiliza\u00e7\u00e3o frequente. A sua superf\u00edcie resistente a riscos mant\u00e9m o seu aspeto elegante, incorporando uma mistura perfeita de durabilidade e eleg\u00e2ncia.<\/p>\n<p>As duas calhas de focagem podem ser empilhadas para ajustes de eixo duplo.<\/p>\n<h4>Como utilizar?<\/h4>\n<p>O movimento \u00e9 ajustado por um bot\u00e3o de parafuso de polegar dobr\u00e1vel que facilita o ajuste e o armazenamento. Est\u00e1 inclu\u00edda uma placa de liberta\u00e7\u00e3o r\u00e1pida mais longa projetada para lentes telefoto e com uma ranhura para al\u00e7as e \u00e9 f\u00e1cil de travar e soltar. A carga m\u00e1xima do trilho \u00e9 de 5kg.<\/p>\n<p>O Macro Rail pode ser montado na maioria das cabe\u00e7as tipo Arca\/ball heads do mercado e tamb\u00e9m inclui quatro pregos de p\u00e9 destac\u00e1veis \u200b\u200bque permitem o uso do trilho diretamente no tampo da mesa. O deslocamento da sapata por volta \u00e9 de 1,25 mm com marcas de \u00edndice gravadas em ambos os lados do trilho para ajustes finos. A parte inferior do trilho inclui furos de parafuso de 3\/8\u201d e \u00bc\u201d que permite o uso de todas as cabe\u00e7as de trip\u00e9.<\/p>\n<p>&nbsp;<\/p>\n<p><img loading=\"lazy\" decoding=\"async\" class=\"wp-image-26481 alignnone\" src=\"https:\/\/hi-techwonder.com\/wp-content\/themes\/woodmart\/images\/lazy.svg\" data-src=\"https:\/\/nisioptics.pt\/wp-content\/uploads\/2020\/11\/poster-819x1024.jpg\" alt=\"\" width=\"602\" height=\"752\"><\/p>\n<p>Os rails de focagem s\u00e3o excelentes companheiros das nossas <a href=\"\/?product_cat=descobre-lentes-close-up\">lentes close-up.<\/a><\/p>\n","protected":false},"excerpt":{"rendered":"<ul>\n<li>Agora com uma escala na manivela de ajuste com parafuso de polegar dobr\u00e1vel<\/li>\n<li>Ajuste com precis\u00e3o a posi\u00e7\u00e3o de sua c\u00e2mara ao fotografar macro<\/li>\n<li>O companheiro perfeito para a lente NiSi Close Up<\/li>\n<li>Comprimento do trilho: 180mm. Faixa de ajuste: 160mm<\/li>\n<li>Quatro pregos de p\u00e9 destac\u00e1veis \u200b\u200bpermitem o uso do trilho diretamente no tampo da mesa<\/li>\n<li>Placa de liberta\u00e7\u00e3o r\u00e1pida ergonomicamente projetada: f\u00e1cil de travar e soltar<\/li>\n<li>Placa de liberta\u00e7\u00e3o r\u00e1pida mais longa para lentes telefoto e com ranhuras para al\u00e7as<\/li>\n<li>Marcas de \u00edndice gravadas em ambos os lados do trilho para ajustes finos<\/li>\n<li>Bra\u00e7adeira rotativa de 360 \u200b\u200bgraus<\/li>\n<li>Bot\u00e3o de parafuso de polegar dobr\u00e1vel: f\u00e1cil de ajustar e armazenar<\/li>\n<li>A parte inferior inclui orif\u00edcio de parafuso de 3\/8\u201d e \u00bc\u201d que permite o uso de todas as cabe\u00e7as de trip\u00e9<\/li>\n<li>A carga m\u00e1xima do rail \u00e9 de 5kg<\/li>\n<\/ul>\n","protected":false},"featured_media":8943,"comment_status":"closed","ping_status":"closed","template":"","meta":{"_acf_changed":false},"product_brand":[2543],"product_cat":[975],"product_tag":[],"class_list":{"0":"post-12315","1":"product","2":"type-product","3":"status-publish","4":"has-post-thumbnail","6":"product_brand-nisioptics-es","7":"product_cat-rieles","9":"first","10":"instock","11":"taxable","12":"shipping-taxable","13":"purchasable","14":"product-type-simple"},"bundled_by":[],"bundle_stock_status":"instock","bundle_stock_quantity":5,"bundle_virtual":false,"bundle_layout":"","bundle_add_to_cart_form_location":"","bundle_editable_in_cart":false,"bundle_sold_individually_context":"","bundle_item_grouping":"","bundle_min_size":"","bundle_max_size":"","bundle_price":[],"bundled_items":[],"bundle_sell_ids":[],"acf":[],"_links":{"self":[{"href":"https:\/\/hi-techwonder.com\/es\/wp-json\/wp\/v2\/product\/12315","targetHints":{"allow":["GET"]}}],"collection":[{"href":"https:\/\/hi-techwonder.com\/es\/wp-json\/wp\/v2\/product"}],"about":[{"href":"https:\/\/hi-techwonder.com\/es\/wp-json\/wp\/v2\/types\/product"}],"replies":[{"embeddable":true,"href":"https:\/\/hi-techwonder.com\/es\/wp-json\/wp\/v2\/comments?post=12315"}],"wp:featuredmedia":[{"embeddable":true,"href":"https:\/\/hi-techwonder.com\/es\/wp-json\/wp\/v2\/media\/8943"}],"wp:attachment":[{"href":"https:\/\/hi-techwonder.com\/es\/wp-json\/wp\/v2\/media?parent=12315"}],"wp:term":[{"taxonomy":"product_brand","embeddable":true,"href":"https:\/\/hi-techwonder.com\/es\/wp-json\/wp\/v2\/product_brand?post=12315"},{"taxonomy":"product_cat","embeddable":true,"href":"https:\/\/hi-techwonder.com\/es\/wp-json\/wp\/v2\/product_cat?post=12315"},{"taxonomy":"product_tag","embeddable":true,"href":"https:\/\/hi-techwonder.com\/es\/wp-json\/wp\/v2\/product_tag?post=12315"}],"curies":[{"name":"wp","href":"https:\/\/api.w.org\/{rel}","templated":true}]}}