{"id":12317,"date":"2025-07-23T22:59:15","date_gmt":"2025-07-23T22:59:15","guid":{"rendered":"https:\/\/fv6qoy3ls0.wpdns.site\/produto\/nisi-anillo-adaptador-lente-macro-nc-close-up-58-mm-67-58-mm\/"},"modified":"2026-04-08T12:29:31","modified_gmt":"2026-04-08T11:29:31","slug":"nisi-anillo-adaptador-lente-macro-nc-close-up-58-mm-67-58-mm","status":"publish","type":"product","link":"https:\/\/hi-techwonder.com\/es\/producto\/nisi-anillo-adaptador-lente-macro-nc-close-up-58-mm-67-58-mm\/","title":{"rendered":"Nisi Anillo adaptador lente macro NC close-up 58 mm &#8211; 67-58 mm"},"content":{"rendered":"<h3><strong>Nisi Anel adaptador para a Lente Macro NC Close-up 58mm &#8211; 67-58mm<\/strong><\/h3>\n<p>O Adaptador NiSi 67mm para NiSi Close Up Lens Kit NC 58mm (Step Down 67-58mm) permite o uso do NiSi Close Up Lens Kit NC 58mm em lentes macro com rosca de filtro de 67mm incluindo a Canon EF 100mm f\/2.8L Macro IS USM . Possui uma constru\u00e7\u00e3o leve em liga de alum\u00ednio com acabamento anodizado preto resistente \u00e0 corros\u00e3o para maior durabilidade.<\/p>\n<p>Quando a lente close-up de 58 mm \u00e9 usada com a Canon EF 100 mm f\/2.8L Macro IS USM, ela fornecer\u00e1 uma taxa de amplia\u00e7\u00e3o aproximada de 2:1.<\/p>\n<p>O anel \u00e9 um step-down de 67 mm para 58 mm.<\/p>\n<p>Sabe mais sobre as nossas <a href=\"\/?product_cat=descobre-lentes-close-up\">lentes close-up.<\/a><\/p>\n","protected":false},"excerpt":{"rendered":"<ul>\n<li>Permite que a lente NiSi Close Up 58mm seja montada na Canon EF 100mm f\/2.8L Macro IS USM<\/li>\n<li>Anel redutor de 67 mm a 58 mm<\/li>\n<li>O acabamento preto fosco minimiza os reflexos<\/li>\n<li>Acabamento Anodizado Duro<\/li>\n<li>Resistente \u00e0 Corros\u00e3o<\/li>\n<\/ul>\n","protected":false},"featured_media":8967,"comment_status":"closed","ping_status":"closed","template":"","meta":{"_acf_changed":false},"product_brand":[2543],"product_cat":[976],"product_tag":[],"class_list":{"0":"post-12317","1":"product","2":"type-product","3":"status-publish","4":"has-post-thumbnail","6":"product_brand-nisioptics-es","7":"product_cat-lentes-de-aproximacion","8":"pa_diametro-67mm-es","10":"first","11":"pre-order","12":"taxable","13":"shipping-taxable","14":"purchasable","15":"product-type-simple"},"bundled_by":[],"bundle_stock_status":"pre-order","bundle_stock_quantity":null,"bundle_virtual":false,"bundle_layout":"","bundle_add_to_cart_form_location":"","bundle_editable_in_cart":false,"bundle_sold_individually_context":"","bundle_item_grouping":"","bundle_min_size":"","bundle_max_size":"","bundle_price":[],"bundled_items":[],"bundle_sell_ids":[],"acf":[],"_links":{"self":[{"href":"https:\/\/hi-techwonder.com\/es\/wp-json\/wp\/v2\/product\/12317","targetHints":{"allow":["GET"]}}],"collection":[{"href":"https:\/\/hi-techwonder.com\/es\/wp-json\/wp\/v2\/product"}],"about":[{"href":"https:\/\/hi-techwonder.com\/es\/wp-json\/wp\/v2\/types\/product"}],"replies":[{"embeddable":true,"href":"https:\/\/hi-techwonder.com\/es\/wp-json\/wp\/v2\/comments?post=12317"}],"wp:featuredmedia":[{"embeddable":true,"href":"https:\/\/hi-techwonder.com\/es\/wp-json\/wp\/v2\/media\/8967"}],"wp:attachment":[{"href":"https:\/\/hi-techwonder.com\/es\/wp-json\/wp\/v2\/media?parent=12317"}],"wp:term":[{"taxonomy":"product_brand","embeddable":true,"href":"https:\/\/hi-techwonder.com\/es\/wp-json\/wp\/v2\/product_brand?post=12317"},{"taxonomy":"product_cat","embeddable":true,"href":"https:\/\/hi-techwonder.com\/es\/wp-json\/wp\/v2\/product_cat?post=12317"},{"taxonomy":"product_tag","embeddable":true,"href":"https:\/\/hi-techwonder.com\/es\/wp-json\/wp\/v2\/product_tag?post=12317"}],"curies":[{"name":"wp","href":"https:\/\/api.w.org\/{rel}","templated":true}]}}