{"id":12322,"date":"2025-07-23T23:00:07","date_gmt":"2025-07-23T23:00:07","guid":{"rendered":"https:\/\/fv6qoy3ls0.wpdns.site\/produto\/nisi-filtro-circular-natural-night\/"},"modified":"2026-04-13T11:07:08","modified_gmt":"2026-04-13T10:07:08","slug":"nisi-filtro-circular-natural-night","status":"publish","type":"product","link":"https:\/\/hi-techwonder.com\/es\/producto\/nisi-filtro-circular-natural-night\/","title":{"rendered":"NiSi Filtro Circular Natural Night"},"content":{"rendered":"<h3><strong>NiSi Filtro Circular Natural Night<\/strong><\/h3>\n<p>O filtro circular<strong> NiSi Natural Night<\/strong> foi projetado com a fun\u00e7\u00e3o principal de cortar os comprimentos de onda mais comuns em luzes artificiais. Esses tipos de filtros sempre foram usados \u200b\u200bna observa\u00e7\u00e3o e fotografia do c\u00e9u profundo, mas raramente foram adaptados para uso em lentes fotogr\u00e1ficas.<\/p>\n<p>O filtro NiSi Natural Night \u00e9 feito de vidro \u00f3ptico de grau de lente da mais alta qualidade para n\u00e3o reduzir a nitidez e \u00e9 revestido com o revestimento nano NiSi exclusivo, que permitir\u00e1 maximizar a transmit\u00e2ncia e minimizar reflexos indesejados.<\/p>\n<p>O filtro Natural Night tamb\u00e9m possui um revestimento oleof\u00f3bico e hidrof\u00f3bico para permitir que voc\u00ea fotografe em qualquer condi\u00e7\u00e3o clim\u00e1tica e limpe o filtro com facilidade. A colora\u00e7\u00e3o especial e o revestimento aplicado cortam a maioria das frequ\u00eancias das luzes artificiais.<\/p>\n<p>Dispon\u00edvel em di\u00e2metros de 40,5 a 95 mm. No caso de lentes com rosca menor, recomendamos o uso de um anel adaptador simples.<\/p>\n<ul>\n<li>Material: Vidro \u00f3ptico<\/li>\n<li>Tipo de filtro: Filtro Natural Night (Filtro de Polui\u00e7\u00e3o Luminosa)<\/li>\n<li>Redu\u00e7\u00e3o F-Stop: Aproximadamente 1 stop<\/li>\n<\/ul>\n<p><img loading=\"lazy\" decoding=\"async\" class=\"alignnone wp-image-24843\" src=\"https:\/\/hi-techwonder.com\/wp-content\/themes\/woodmart\/images\/lazy.svg\" data-src=\"https:\/\/nisioptics.pt\/wp-content\/uploads\/2023\/04\/Natural-Night-Beno-Saradzic-1024x754.jpg\" alt=\"Filtro Natural Night 100mm\" width=\"752\" height=\"553\" \/><\/p>\n<p>Sabe mais sobre o nosso sistema de\u00a0 filtros circulares <a href=\"https:\/\/nisioptics.pt\/categoria\/descobre\/descobre-filtros-circulares\/\" target=\"_blank\" rel=\"noopener\">aqui.<\/a><\/p>\n","protected":false},"excerpt":{"rendered":"<ul>\n<li>Perfeito para cenas noturnas e astrofotografia<\/li>\n<li>Bloqueia comprimentos de onda de luz de fontes comuns de polui\u00e7\u00e3o luminosa<\/li>\n<li>Revestimento de dupla face e multicamadas \/ Nano revestimento \u00e0 prova de \u00e1gua e resistente a gorduras \/ Reflex\u00e3o ultra baixa<\/li>\n<\/ul>\n","protected":false},"featured_media":8976,"comment_status":"closed","ping_status":"closed","template":"","meta":{"_acf_changed":false},"product_brand":[2543],"product_cat":[1050],"product_tag":[],"class_list":{"0":"post-12322","1":"product","2":"type-product","3":"status-publish","4":"has-post-thumbnail","6":"product_brand-nisioptics-es","7":"product_cat-otros-filtros-circulares","8":"pa_diametro-40-5mm-es","9":"pa_diametro-46mm-es","10":"pa_diametro-49mm-es","11":"pa_diametro-52mm-es","12":"pa_diametro-55mm-es","13":"pa_diametro-58mm-es","14":"pa_diametro-62mm-es","15":"pa_diametro-67mm-es","16":"pa_diametro-72mm-es","17":"pa_diametro-77mm-es","18":"pa_diametro-82mm-es","19":"pa_diametro-95mm-es","21":"first","22":"instock","23":"taxable","24":"shipping-taxable","25":"purchasable","26":"product-type-variable"},"bundled_by":[],"bundle_stock_status":"instock","bundle_stock_quantity":null,"bundle_virtual":false,"bundle_layout":"","bundle_add_to_cart_form_location":"","bundle_editable_in_cart":false,"bundle_sold_individually_context":"","bundle_item_grouping":"","bundle_min_size":"","bundle_max_size":"","bundle_price":[],"bundled_items":[],"bundle_sell_ids":[],"acf":[],"_links":{"self":[{"href":"https:\/\/hi-techwonder.com\/es\/wp-json\/wp\/v2\/product\/12322","targetHints":{"allow":["GET"]}}],"collection":[{"href":"https:\/\/hi-techwonder.com\/es\/wp-json\/wp\/v2\/product"}],"about":[{"href":"https:\/\/hi-techwonder.com\/es\/wp-json\/wp\/v2\/types\/product"}],"replies":[{"embeddable":true,"href":"https:\/\/hi-techwonder.com\/es\/wp-json\/wp\/v2\/comments?post=12322"}],"wp:featuredmedia":[{"embeddable":true,"href":"https:\/\/hi-techwonder.com\/es\/wp-json\/wp\/v2\/media\/8976"}],"wp:attachment":[{"href":"https:\/\/hi-techwonder.com\/es\/wp-json\/wp\/v2\/media?parent=12322"}],"wp:term":[{"taxonomy":"product_brand","embeddable":true,"href":"https:\/\/hi-techwonder.com\/es\/wp-json\/wp\/v2\/product_brand?post=12322"},{"taxonomy":"product_cat","embeddable":true,"href":"https:\/\/hi-techwonder.com\/es\/wp-json\/wp\/v2\/product_cat?post=12322"},{"taxonomy":"product_tag","embeddable":true,"href":"https:\/\/hi-techwonder.com\/es\/wp-json\/wp\/v2\/product_tag?post=12322"}],"curies":[{"name":"wp","href":"https:\/\/api.w.org\/{rel}","templated":true}]}}