{"id":12331,"date":"2025-07-23T23:00:07","date_gmt":"2025-07-23T23:00:07","guid":{"rendered":"https:\/\/fv6qoy3ls0.wpdns.site\/produto\/nisi-filtro-75x80mm-densidade-neutra-mc-ir-nd1000-3-0-10-stops\/"},"modified":"2026-04-08T12:29:36","modified_gmt":"2026-04-08T11:29:36","slug":"nisi-filtro-75x80mm-densidade-neutra-mc-ir-nd1000-3-0-10-stops","status":"publish","type":"product","link":"https:\/\/hi-techwonder.com\/es\/producto\/nisi-filtro-75x80mm-densidade-neutra-mc-ir-nd1000-3-0-10-stops\/","title":{"rendered":"NiSi Filtro 75x80mm Densidade Neutra MC IR ND1000 (3.0) &#8211; 10 Stops"},"content":{"rendered":"<div class=\"rte\">\n<h3><strong>NiSi Filtro 75x80mm Densidade Neutra MC IR ND1000 (3.0) &#8211; 10 Stops<\/strong><\/h3>\n<p>O filtro <strong>NiSi 75x80mm Densidade Neutra MC IR ND1000 (3.0) &#8211; 10 Stops<\/strong> \u00e9 um filtro de densidade neutra (ND) que reduz uniformemente a quantidade de luz que entra na lente. Os filtros ND podem permitir maior desfoque de movimento e detalhes de imagem, permitindo uma grande abertura e uma velocidade lenta do obturador. Tamb\u00e9m s\u00e3o \u00fateis quando o contraste entre os realces e as sombras \u00e9 muito alto para obter uma exposi\u00e7\u00e3o de qualidade.<\/p>\n<p>Os filtros NiSi ND n\u00e3o afetam a colora\u00e7\u00e3o da imagem, oferecem cores realistas e s\u00e3o feitos de vidro \u00f3ptico de alta qualidade (n\u00e3o resina) com revestimento nano para evitar a perda de qualquer detalhe. Ao usar o filtro de densidade neutra, a c\u00e2mera fica vulner\u00e1vel \u00e0 luz infravermelha, que lan\u00e7ar\u00e1 a cor vermelha indesejada nas fotos ao fotografar com uma abertura pequena. Os filtros NiSi ND t\u00eam uma camada de revestimento de prote\u00e7\u00e3o infravermelha para eliminar a luz infravermelha atrav\u00e9s da lente para trazer de volta a cor natural e verdadeira.<\/p>\n<p>O sistema de filtro NiSi M75 \u00e9 \u00f3timo para c\u00e2meras compactas e sem espelho com lentes que possuem uma rosca de filtro padr\u00e3o de <strong>40,5 mm a 67 mm<\/strong>.<\/p>\n<p><strong>Este filtro de 75x100mm \u00e9 compat\u00edvel com o sistema de filtro NiSi M75 II.<\/strong><\/p>\n<p>O ND1000 10 Stop \u00e9 usado durante o dia fora da hora dourada, pois a luz ambiente brilhante requer muito mais \u00abbloqueio de luz\u00bb. Estes podem prolongar as exposi\u00e7\u00f5es por at\u00e9 5 minutos durante a hora dourada com as configura\u00e7\u00f5es apropriadas. Reduz a luz em 1000 vezes sem alterar as cores, permitindo assim aumentar a velocidade do obturador 1000 vezes (por exemplo de 1\/1000 \u201ca 1\u201d, ou de 1\/30 \u201ca cerca de 30\u201d).<\/p>\n<h5>Constru\u00e7\u00e3o<\/h5>\n<p>Todos os filtros quadrados de NiSi usam Nano Coating\u00ae, que tornam os filtros repelentes \u00e0 \u00e1gua e oleof\u00f3bicos para nitidez perfeita. Os filtros NiSi tamb\u00e9m usam a tecnologia IR, ou seja, o revestimento que bloqueia a luz infravermelha e, portanto, elimina o risco de tonalidade magenta.<\/p>\n<h5>Qualidade inigual\u00e1vel<\/h5>\n<p>Os filtros NiSi s\u00e3o todos feitos de vidro \u00f3ptico de grau de lente da mais alta qualidade para n\u00e3o perder nem o menor detalhe nas suas imagens. O revestimento Nano Coating especial em ambos os lados minimiza reflexos indesejados e d\u00e1 aos filtros de densidade neutra NiSi a caracter\u00edstica de serem repelentes \u00e0 \u00e1gua e oleof\u00f3bicos. N\u00e3o h\u00e1 filtros de qualidade compar\u00e1vel gra\u00e7as ao exclusivo vidro NiSi usado, com o qual voc\u00ea pode ter certeza de que suas lentes n\u00e3o perder\u00e3o a defini\u00e7\u00e3o.<\/p>\n<h5>\u00danico no mercado<\/h5>\n<p>Gra\u00e7as \u00e0 correspond\u00eancia crom\u00e1tica muito alta e \u00e0 aus\u00eancia de cores dominantes, pode finalmente dizer adeus \u00e0s corre\u00e7\u00f5es de cores pouco pr\u00e1ticas e demoradas na p\u00f3s-produ\u00e7\u00e3o. O vidro \u00f3ptico NiSi n\u00e3o \u00e9 o cl\u00e1ssico B270 usado por muitos fabricantes, mas \u00e9 um vidro de qualidade superior usado pelos principais fabricantes de lentes fotogr\u00e1ficas especificamente para os elementos \u00f3pticos mais finos, os filtros NiSi n\u00e3o degradam a imagem e sua lente e sensor fotogr\u00e1fico sempre trabalhar no m\u00e1ximo de seu potencial.<\/p>\n<h5>\u00c0 prova de intemp\u00e9ries<\/h5>\n<p>O tratamento Nano\u00ae Revestimento confere ao filtro a qualidade de repelir \u00e1gua e \u00f3leos, facilitando a limpeza mesmo em condi\u00e7\u00f5es extremas ou com presen\u00e7a de \u00e1gua do mar. O acabamento das bordas e os cantos arredondados melhoram a resist\u00eancia do filtro e a ader\u00eancia. Nossos filtros e porta-filtros nasceram para serem usados \u200b\u200bao ar livre, em qualquer situa\u00e7\u00e3o clim\u00e1tica, aproveite a fotografia em sua mais pura ess\u00eancia.<\/p>\n<\/div>\n<p><img loading=\"lazy\" decoding=\"async\" class=\"alignnone wp-image-26655\" src=\"https:\/\/hi-techwonder.com\/wp-content\/themes\/woodmart\/images\/lazy.svg\" data-src=\"https:\/\/nisioptics.pt\/wp-content\/uploads\/2023\/08\/Filtro-ND-lunghe-esposizioni-ND1000-77mm-1024x683.jpg\" alt=\"\" width=\"752\" height=\"502\"><\/p>\n<p>Descobre mais sobre o nosso <a href=\"https:\/\/nisioptics.pt\/categoria\/descobre\/descobre-sistema-75mm\/\" target=\"_blank\" rel=\"noopener\">sistema de 75mm.<\/a><\/p>\n","protected":false},"excerpt":{"rendered":"<ul>\n<li>Cor fiel \u00e0 realidade, sem matiz de cor<\/li>\n<li>Fornece uma redu\u00e7\u00e3o de luz de 10 stops<\/li>\n<li>Sem vinhetas<\/li>\n<li>Alta defini\u00e7\u00e3o<\/li>\n<li>Nano revestimento em ambos os lados, repelente de \u00e1gua e \u00f3leo<\/li>\n<li>S\u00e9rie IR com bloqueio de luz infravermelha<\/li>\n<li>Compat\u00edvel com o sistema NiSi 75mm<\/li>\n<\/ul>\n","protected":false},"featured_media":8989,"comment_status":"closed","ping_status":"closed","template":"","meta":{"_acf_changed":false},"product_brand":[2543],"product_cat":[1057],"product_tag":[],"class_list":{"0":"post-12331","1":"product","2":"type-product","3":"status-publish","4":"has-post-thumbnail","6":"product_brand-nisioptics-es","7":"product_cat-filtros-75mm-es","8":"pa_densidade-nd1000-10-stop-es","10":"first","11":"instock","12":"taxable","13":"shipping-taxable","14":"purchasable","15":"product-type-simple"},"bundled_by":[],"bundle_stock_status":"instock","bundle_stock_quantity":2,"bundle_virtual":false,"bundle_layout":"","bundle_add_to_cart_form_location":"","bundle_editable_in_cart":false,"bundle_sold_individually_context":"","bundle_item_grouping":"","bundle_min_size":"","bundle_max_size":"","bundle_price":[],"bundled_items":[],"bundle_sell_ids":[],"acf":[],"_links":{"self":[{"href":"https:\/\/hi-techwonder.com\/es\/wp-json\/wp\/v2\/product\/12331","targetHints":{"allow":["GET"]}}],"collection":[{"href":"https:\/\/hi-techwonder.com\/es\/wp-json\/wp\/v2\/product"}],"about":[{"href":"https:\/\/hi-techwonder.com\/es\/wp-json\/wp\/v2\/types\/product"}],"replies":[{"embeddable":true,"href":"https:\/\/hi-techwonder.com\/es\/wp-json\/wp\/v2\/comments?post=12331"}],"wp:featuredmedia":[{"embeddable":true,"href":"https:\/\/hi-techwonder.com\/es\/wp-json\/wp\/v2\/media\/8989"}],"wp:attachment":[{"href":"https:\/\/hi-techwonder.com\/es\/wp-json\/wp\/v2\/media?parent=12331"}],"wp:term":[{"taxonomy":"product_brand","embeddable":true,"href":"https:\/\/hi-techwonder.com\/es\/wp-json\/wp\/v2\/product_brand?post=12331"},{"taxonomy":"product_cat","embeddable":true,"href":"https:\/\/hi-techwonder.com\/es\/wp-json\/wp\/v2\/product_cat?post=12331"},{"taxonomy":"product_tag","embeddable":true,"href":"https:\/\/hi-techwonder.com\/es\/wp-json\/wp\/v2\/product_tag?post=12331"}],"curies":[{"name":"wp","href":"https:\/\/api.w.org\/{rel}","templated":true}]}}