{"id":12332,"date":"2025-07-23T23:00:07","date_gmt":"2025-07-23T23:00:07","guid":{"rendered":"https:\/\/fv6qoy3ls0.wpdns.site\/produto\/nisi-filtro-75x80mm-natural-night-filtro-poluicao-luminosa\/"},"modified":"2026-04-08T12:29:37","modified_gmt":"2026-04-08T11:29:37","slug":"nisi-filtro-75x80mm-natural-night-filtro-poluicao-luminosa","status":"publish","type":"product","link":"https:\/\/hi-techwonder.com\/es\/producto\/nisi-filtro-75x80mm-natural-night-filtro-poluicao-luminosa\/","title":{"rendered":"NiSi Filtro 75x80mm Natural Night (Filtro polui\u00e7\u00e3o luminosa)"},"content":{"rendered":"<h3><strong>NiSi Filtro 75x80mm Natural Night (Filtro polui\u00e7\u00e3o luminosa)<\/strong><\/h3>\n<p>O filtro <strong>NiSi 75x80mm Natural Night<\/strong> \u00e9 uma nova adi\u00e7\u00e3o \u00e0 linha NiSi e nosso primeiro filtro exclusivo para fotografia noturna. Entre vapor de merc\u00fario, s\u00f3dio e postes de baixa CRI, existem muitos comprimentos de onda indesej\u00e1veis \u200b\u200bde luz que poluem o c\u00e9u noturno. O brilho destes elemento pode impedir que sua c\u00e2mara veja o c\u00e9u adequadamente e afetar as suas imagens noturnas. O Filtro Natural Night bloqueia os comprimentos de onda mais comuns da polui\u00e7\u00e3o luminosa. Como o resto da linha NiSi, este filtro \u00e9 feito de vidro \u00f3ptico de alta qualidade e precis\u00e3o. A sua superf\u00edcie \u00e9 finamente polida para garantir a melhor nitidez.<\/p>\n<p>O filtro NiSi Natural Night apresenta a tecnologia NANO Coating exclusiva da NiSi. Este revestimento multicamadas reduz o reflexo na superf\u00edcie do filtro para ajudar com imagens fantasma e reflexos. Inclui tamb\u00e9m uma camada protetora que facilita a remo\u00e7\u00e3o de \u00e1gua, poeira e \u00f3leo do filtro sem se preocupar em arranhar o vidro. O processo de revestimento NANO consegue isso sem perda de nitidez.<\/p>\n<p><strong>Este filtro de 75x100mm \u00e9 compat\u00edvel com o sistema de filtro NiSi M75\/M75 II.<\/strong><\/p>\n<ul>\n<li>Material: Vidro \u00f3ptico<\/li>\n<li>Suportes Compat\u00edveis: Suporte de filtro de 75mm<\/li>\n<li>Tipo de filtro: Filtro Natural Night (Filtro de Polui\u00e7\u00e3o Luminosa)<\/li>\n<li>Redu\u00e7\u00e3o F-Stop: Aproximadamente 1 Stop<\/li>\n<li>Grossura: 2mm<\/li>\n<li>Tamanho do filtro: 75x80mm<\/li>\n<\/ul>\n<p><img loading=\"lazy\" decoding=\"async\" class=\"alignnone wp-image-24843\" src=\"https:\/\/hi-techwonder.com\/wp-content\/themes\/woodmart\/images\/lazy.svg\" data-src=\"https:\/\/nisioptics.pt\/wp-content\/uploads\/2023\/04\/Natural-Night-Beno-Saradzic-1024x754.jpg\" alt=\"Filtro Natural Night 100mm\" width=\"752\" height=\"553\" \/><\/p>\n<p>Descobre mais sobre o nosso <a href=\"https:\/\/nisioptics.pt\/categoria\/descobre\/descobre-sistema-75mm\/\" target=\"_blank\" rel=\"noopener\">sistema de 75mm.<\/a><\/p>\n","protected":false},"excerpt":{"rendered":"<ul>\n<li>Perfeito para cenas noturnas e astrofotografia<\/li>\n<li>Bloqueia comprimentos de onda de luz de fontes comuns de polui\u00e7\u00e3o luminosa<\/li>\n<li>Revestimento de dupla face e multicamadas \/ Nano revestimento \u00e0 prova d&#8217;\u00e1gua e resistente a \u00f3leo \/ Reflex\u00e3o ultra baixa<\/li>\n<\/ul>\n","protected":false},"featured_media":9002,"comment_status":"closed","ping_status":"closed","template":"","meta":{"_acf_changed":false},"product_brand":[2543],"product_cat":[1057],"product_tag":[],"class_list":{"0":"post-12332","1":"product","2":"type-product","3":"status-publish","4":"has-post-thumbnail","6":"product_brand-nisioptics-es","7":"product_cat-filtros-75mm-es","9":"first","10":"instock","11":"taxable","12":"shipping-taxable","13":"purchasable","14":"product-type-simple"},"bundled_by":[],"bundle_stock_status":"instock","bundle_stock_quantity":2,"bundle_virtual":false,"bundle_layout":"","bundle_add_to_cart_form_location":"","bundle_editable_in_cart":false,"bundle_sold_individually_context":"","bundle_item_grouping":"","bundle_min_size":"","bundle_max_size":"","bundle_price":[],"bundled_items":[],"bundle_sell_ids":[],"acf":[],"_links":{"self":[{"href":"https:\/\/hi-techwonder.com\/es\/wp-json\/wp\/v2\/product\/12332","targetHints":{"allow":["GET"]}}],"collection":[{"href":"https:\/\/hi-techwonder.com\/es\/wp-json\/wp\/v2\/product"}],"about":[{"href":"https:\/\/hi-techwonder.com\/es\/wp-json\/wp\/v2\/types\/product"}],"replies":[{"embeddable":true,"href":"https:\/\/hi-techwonder.com\/es\/wp-json\/wp\/v2\/comments?post=12332"}],"wp:featuredmedia":[{"embeddable":true,"href":"https:\/\/hi-techwonder.com\/es\/wp-json\/wp\/v2\/media\/9002"}],"wp:attachment":[{"href":"https:\/\/hi-techwonder.com\/es\/wp-json\/wp\/v2\/media?parent=12332"}],"wp:term":[{"taxonomy":"product_brand","embeddable":true,"href":"https:\/\/hi-techwonder.com\/es\/wp-json\/wp\/v2\/product_brand?post=12332"},{"taxonomy":"product_cat","embeddable":true,"href":"https:\/\/hi-techwonder.com\/es\/wp-json\/wp\/v2\/product_cat?post=12332"},{"taxonomy":"product_tag","embeddable":true,"href":"https:\/\/hi-techwonder.com\/es\/wp-json\/wp\/v2\/product_tag?post=12332"}],"curies":[{"name":"wp","href":"https:\/\/api.w.org\/{rel}","templated":true}]}}