{"id":12335,"date":"2025-07-23T23:00:07","date_gmt":"2025-07-23T23:00:07","guid":{"rendered":"https:\/\/fv6qoy3ls0.wpdns.site\/produto\/nisi-estuche-portafiltros-100mm-4-filtros\/"},"modified":"2026-04-08T12:29:37","modified_gmt":"2026-04-08T11:29:37","slug":"nisi-estuche-portafiltros-100mm-4-filtros","status":"publish","type":"product","link":"https:\/\/hi-techwonder.com\/es\/producto\/nisi-estuche-portafiltros-100mm-4-filtros\/","title":{"rendered":"NiSi Estuche Portafiltros 100mm &#8211; 4 Filtros"},"content":{"rendered":"<h3><strong>NiSi Estojo Porta Filtros 100mm &#8211; 4 Filtros<\/strong><\/h3>\n<p>O estojo de filtros NiSi 100mm para 4 filtros foi projetada para os filtros do sistema NiSi 100mm, incluindo 100x100mm e 100x150mm. Pode ser convenientemente montado numa perna de trip\u00e9 para f\u00e1cil acesso e uso e \u00e9 projetado com um material leve que protege seus filtros. O estojo pode conter at\u00e9 4 filtros e possui slots de filtro que mant\u00eam cada filtro individual seguro e evitam que se arranhem no estojo.<\/p>\n<p>O estojo tamb\u00e9m \u00e9 compat\u00edvel para segurar os suportes V5, V5 Pro, V5 Alpha, V5 Galaxy e V6, incluindo o suporte, anel adaptador de 82 mm, 3 outros an\u00e9is adaptadores e o polarizador.<\/p>\n<ul>\n<li>Filtros Compat\u00edveis: 100mm x 100mm, 100mm x 150mm<\/li>\n<li>Tamanho: 19cm x 14,5cm x 5cm<\/li>\n<\/ul>\n<p>Saiba mais sobre o nosso sistema <a href=\"\/?product_cat=descubre-sistema-100m\">100mm<\/a>.<\/p>\n","protected":false},"excerpt":{"rendered":"<ul>\n<li>Suporta at\u00e9 4 filtros (100x100mm ou 100x150mm)<\/li>\n<li>Design leve<\/li>\n<li>Pode ser montado num trip\u00e9 para f\u00e1cil acesso e uso<\/li>\n<li>Compacto e leve<\/li>\n<li>Cabe facilmente na bolsa da sua c\u00e2mera<\/li>\n<li>Tamb\u00e9m compat\u00edvel com suportes V5, V5 Pro, V5 Alpha, V5 Galaxy e V6, incluindo o suporte, anel adaptador de 82 mm, 3 outros an\u00e9is adaptadores e o polarizador.<\/li>\n<\/ul>\n","protected":false},"featured_media":9019,"comment_status":"closed","ping_status":"closed","template":"","meta":{"_acf_changed":false},"product_brand":[2543],"product_cat":[1055],"product_tag":[],"class_list":{"0":"post-12335","1":"product","2":"type-product","3":"status-publish","4":"has-post-thumbnail","6":"product_brand-nisioptics-es","7":"product_cat-accesorios-100mm","9":"first","10":"instock","11":"taxable","12":"shipping-taxable","13":"purchasable","14":"product-type-simple"},"bundled_by":[],"bundle_stock_status":"instock","bundle_stock_quantity":2,"bundle_virtual":false,"bundle_layout":"","bundle_add_to_cart_form_location":"","bundle_editable_in_cart":false,"bundle_sold_individually_context":"","bundle_item_grouping":"","bundle_min_size":"","bundle_max_size":"","bundle_price":[],"bundled_items":[],"bundle_sell_ids":[],"acf":[],"_links":{"self":[{"href":"https:\/\/hi-techwonder.com\/es\/wp-json\/wp\/v2\/product\/12335","targetHints":{"allow":["GET"]}}],"collection":[{"href":"https:\/\/hi-techwonder.com\/es\/wp-json\/wp\/v2\/product"}],"about":[{"href":"https:\/\/hi-techwonder.com\/es\/wp-json\/wp\/v2\/types\/product"}],"replies":[{"embeddable":true,"href":"https:\/\/hi-techwonder.com\/es\/wp-json\/wp\/v2\/comments?post=12335"}],"wp:featuredmedia":[{"embeddable":true,"href":"https:\/\/hi-techwonder.com\/es\/wp-json\/wp\/v2\/media\/9019"}],"wp:attachment":[{"href":"https:\/\/hi-techwonder.com\/es\/wp-json\/wp\/v2\/media?parent=12335"}],"wp:term":[{"taxonomy":"product_brand","embeddable":true,"href":"https:\/\/hi-techwonder.com\/es\/wp-json\/wp\/v2\/product_brand?post=12335"},{"taxonomy":"product_cat","embeddable":true,"href":"https:\/\/hi-techwonder.com\/es\/wp-json\/wp\/v2\/product_cat?post=12335"},{"taxonomy":"product_tag","embeddable":true,"href":"https:\/\/hi-techwonder.com\/es\/wp-json\/wp\/v2\/product_tag?post=12335"}],"curies":[{"name":"wp","href":"https:\/\/api.w.org\/{rel}","templated":true}]}}