{"id":12336,"date":"2025-07-23T23:00:07","date_gmt":"2025-07-23T23:00:07","guid":{"rendered":"https:\/\/fv6qoy3ls0.wpdns.site\/produto\/nisi-estuche-portafiltros-75mm\/"},"modified":"2026-04-08T12:29:37","modified_gmt":"2026-04-08T11:29:37","slug":"nisi-estuche-portafiltros-75mm","status":"publish","type":"product","link":"https:\/\/hi-techwonder.com\/es\/producto\/nisi-estuche-portafiltros-75mm\/","title":{"rendered":"NiSi Estuche Portafiltros 75mm"},"content":{"rendered":"<h3><strong>NiSi Estojo Porta Filtros 75mm<\/strong><\/h3>\n<p>O estojo NiSi M75 para porta-filtros e filtros foi projetada para o sistema de 75 mm e comportar\u00e1 o porta-filtros M75\/M75-II, CPL e 4 filtros. Este pode ser convenientemente montado numa perna de trip\u00e9 para f\u00e1cil acesso e uso e \u00e9 projetado com um material leve que protege seus filtros e suporte contra arranh\u00f5es. A bolsa apresenta um design flip-top para manter a bolsa aberta durante o uso.<\/p>\n<p>O estojo \u00e9 muito leve chegando a 124g e ainda pequeno o suficiente para caber na maioria das bolsas de c\u00e2mara.<\/p>\n<p>As dimens\u00f5es f\u00edsicas s\u00e3o: 12cm x 10cm x 7cm<\/p>\n<p><img loading=\"lazy\" decoding=\"async\" class=\"alignnone wp-image-27263\" src=\"https:\/\/hi-techwonder.com\/wp-content\/themes\/woodmart\/images\/lazy.svg\" data-src=\"https:\/\/nisioptics.pt\/wp-content\/uploads\/2020\/12\/M75-Pouch-Open-1-1024x683.jpg\" alt=\"\" width=\"752\" height=\"502\"><\/p>\n<p>Descobre mais sobre o nosso <a href=\"\/?product_cat=descobre-sistema-75mm\">sistema de 75mm.<\/a><\/p>\n","protected":false},"excerpt":{"rendered":"<ul>\n<li>Adequado para o sistema NiSi M75\/M75-II 75mm<\/li>\n<li>Design leve de 124g<\/li>\n<li>Pode ser montado em um trip\u00e9 para f\u00e1cil acesso e uso<\/li>\n<li>Compacto e leve<\/li>\n<li>Cabe facilmente na bolsa da sua c\u00e2mara<\/li>\n<li>Comporta o Porta-filtros M75\/M75-II, CPL e 4 filtros de 75 mm de largura<\/li>\n<\/ul>\n","protected":false},"featured_media":9028,"comment_status":"closed","ping_status":"closed","template":"","meta":{"_acf_changed":false},"product_brand":[2543],"product_cat":[1054],"product_tag":[],"class_list":{"0":"post-12336","1":"product","2":"type-product","3":"status-publish","4":"has-post-thumbnail","6":"product_brand-nisioptics-es","7":"product_cat-accesorios-75mm","9":"first","10":"instock","11":"taxable","12":"shipping-taxable","13":"purchasable","14":"product-type-simple"},"bundled_by":[],"bundle_stock_status":"instock","bundle_stock_quantity":1,"bundle_virtual":false,"bundle_layout":"","bundle_add_to_cart_form_location":"","bundle_editable_in_cart":false,"bundle_sold_individually_context":"","bundle_item_grouping":"","bundle_min_size":"","bundle_max_size":"","bundle_price":[],"bundled_items":[],"bundle_sell_ids":[],"acf":[],"_links":{"self":[{"href":"https:\/\/hi-techwonder.com\/es\/wp-json\/wp\/v2\/product\/12336","targetHints":{"allow":["GET"]}}],"collection":[{"href":"https:\/\/hi-techwonder.com\/es\/wp-json\/wp\/v2\/product"}],"about":[{"href":"https:\/\/hi-techwonder.com\/es\/wp-json\/wp\/v2\/types\/product"}],"replies":[{"embeddable":true,"href":"https:\/\/hi-techwonder.com\/es\/wp-json\/wp\/v2\/comments?post=12336"}],"wp:featuredmedia":[{"embeddable":true,"href":"https:\/\/hi-techwonder.com\/es\/wp-json\/wp\/v2\/media\/9028"}],"wp:attachment":[{"href":"https:\/\/hi-techwonder.com\/es\/wp-json\/wp\/v2\/media?parent=12336"}],"wp:term":[{"taxonomy":"product_brand","embeddable":true,"href":"https:\/\/hi-techwonder.com\/es\/wp-json\/wp\/v2\/product_brand?post=12336"},{"taxonomy":"product_cat","embeddable":true,"href":"https:\/\/hi-techwonder.com\/es\/wp-json\/wp\/v2\/product_cat?post=12336"},{"taxonomy":"product_tag","embeddable":true,"href":"https:\/\/hi-techwonder.com\/es\/wp-json\/wp\/v2\/product_tag?post=12336"}],"curies":[{"name":"wp","href":"https:\/\/api.w.org\/{rel}","templated":true}]}}