{"id":12337,"date":"2025-07-23T23:00:07","date_gmt":"2025-07-23T23:00:07","guid":{"rendered":"https:\/\/fv6qoy3ls0.wpdns.site\/produto\/nisi-kit-de-limpieza-con-soplador-y-pincel\/"},"modified":"2026-04-08T12:29:38","modified_gmt":"2026-04-08T11:29:38","slug":"nisi-kit-de-limpieza-con-soplador-y-pincel","status":"publish","type":"product","link":"https:\/\/hi-techwonder.com\/es\/producto\/nisi-kit-de-limpieza-con-soplador-y-pincel\/","title":{"rendered":"NiSi Kit de Limpieza con Soplador y Pincel"},"content":{"rendered":"<h3><strong>NiSi Kit de Limpeza com Soprador e caneta<\/strong><\/h3>\n<h5>Caneta<\/h5>\n<p>Quando tem equipamentos \u00f3pticos como c\u00e2maras, lentes, filtros, bin\u00f3culos e miras telesc\u00f3picas, voc\u00ea realmente deseja mant\u00ea-los limpos, caso contr\u00e1rio, as imagens que eles produzem ficar\u00e3o cada vez piores com nitidez e contraste reduzidos. A Caneta de limpeza \u00e9 uma ferramenta de limpeza para todos os produtos para lentes, incluindo superf\u00edcies multirrevestidas. A caneta de limpeza de lentes \u00e9 segura para usar em todas as lentes, n\u00e3o arranha ou danifica as lentes. Foi projetada para limpar as lentes de c\u00e2maras, bin\u00f3culos, telesc\u00f3pios, \u00f3culos de vis\u00e3o noturna e outros dispositivos \u00f3pticos desportivos.<\/p>\n<ul>\n<li>Seguro para usar em todas as lentes<\/li>\n<li>N\u00e3o risca nem danifica as lentes<\/li>\n<li>Ponta auto-recarreg\u00e1vel<\/li>\n<li>Se restar alguma mancha, apenas respire suavemente na lente e repita o processo de limpeza<\/li>\n<li>A exclusiva caneta de limpeza para lentes n\u00e3o derrama ou seca e \u00e9 ecol\u00f3gica<\/li>\n<li>Limpe impress\u00f5es digitais, manchas oleosas e outros contaminantes de monitores e lentes \u00f3pticas de forma r\u00e1pida, segura e f\u00e1cil<\/li>\n<li>O composto de limpeza utilizado n\u00e3o \u00e9 t\u00f3xico e n\u00e3o prejudica o meio ambiente<\/li>\n<li>A caneta de limpeza de lentes foi projetada especificamente para lentes. Observe atentamente as instru\u00e7\u00f5es de uso<\/li>\n<\/ul>\n<h5>Soprador<\/h5>\n<p>O NiSi Soprador Professional \u00e9 um dos melhores acess\u00f3rios de limpeza que voc\u00ea pode colocar na sua bolsa de equipamentos. Funciona muito bem para remover poeira de lentes, sensores e espelhos SLR sem tocar nas superf\u00edcies. Ele encaixa-se perfeitamente na sua m\u00e3o e fornece uma forte explos\u00e3o de ar enquanto limpa. Quando o ciclo de limpeza \u00e9 conclu\u00eddo, o bulbo de borracha de constru\u00e7\u00e3o robusta \u00e9 reabastecido rapidamente e est\u00e1 pronto para outra explos\u00e3o. A unidade \u00e9 resistente a grandes oscila\u00e7\u00f5es de temperatura, tornando-a uma ferramenta vi\u00e1vel em todos os tipos de climas.<\/p>\n<p>Este soprador de ar pode remover suavemente poeira e manchas de partes sens\u00edveis da c\u00e2mera sem contato f\u00edsico. Perfeito para limpar c\u00e2maras SLR, v\u00eddeo, lentes de c\u00e2maras digitais, lentes binoculares, lentes de telesc\u00f3pios, filtros de c\u00e2maras, instrumentos musicais, computadores, teclados, rel\u00f3gios e outros equipamentos de precis\u00e3o.<\/p>\n<ul>\n<li>Sensa\u00e7\u00e3o de m\u00e3o elegante e elegante e confort\u00e1vel<\/li>\n<li>Entrada r\u00e1pida de fluxo de ar, press\u00e3o de ar suficiente, sopre forte para limpar a poeira<\/li>\n<li>Novo design, sem degomagem, sem desbotamento, longa vida \u00fatil<\/li>\n<li>Usa borracha m\u00e9dica ambiental e segura, nenhuma subst\u00e2ncia perigosa<\/li>\n<\/ul>\n<p>Descobre as nossas outras <a href=\"\/?product_cat=limpeza-de-filtros\">op\u00e7\u00f5es de limpeza.<\/a><\/p>\n","protected":false},"excerpt":{"rendered":"<ul>\n<li>Projetado para limpeza de lentes de c\u00e2meras e outros itens \u00f3pticos<\/li>\n<li>A ponta de limpeza tem uma forma ligeiramente c\u00f4ncava para um melhor ajuste<\/li>\n<li>Uma escova retr\u00e1til de remo\u00e7\u00e3o de poeira \u00e9 incorporada<\/li>\n<li>Seu composto de limpeza de carbono n\u00e3o l\u00edquido n\u00e3o derrama ou seca<\/li>\n<li>\u00c9 seguro de usar e ecologicamente correto<\/li>\n<\/ul>\n","protected":false},"featured_media":9035,"comment_status":"closed","ping_status":"closed","template":"","meta":{"_acf_changed":false},"product_brand":[2543],"product_cat":[1036],"product_tag":[],"class_list":{"0":"post-12337","1":"product","2":"type-product","3":"status-publish","4":"has-post-thumbnail","6":"product_brand-nisioptics-es","7":"product_cat-limpieza-es","9":"first","10":"instock","11":"taxable","12":"shipping-taxable","13":"purchasable","14":"product-type-simple"},"bundled_by":[],"bundle_stock_status":"instock","bundle_stock_quantity":3,"bundle_virtual":false,"bundle_layout":"","bundle_add_to_cart_form_location":"","bundle_editable_in_cart":false,"bundle_sold_individually_context":"","bundle_item_grouping":"","bundle_min_size":"","bundle_max_size":"","bundle_price":[],"bundled_items":[],"bundle_sell_ids":[],"acf":[],"_links":{"self":[{"href":"https:\/\/hi-techwonder.com\/es\/wp-json\/wp\/v2\/product\/12337","targetHints":{"allow":["GET"]}}],"collection":[{"href":"https:\/\/hi-techwonder.com\/es\/wp-json\/wp\/v2\/product"}],"about":[{"href":"https:\/\/hi-techwonder.com\/es\/wp-json\/wp\/v2\/types\/product"}],"replies":[{"embeddable":true,"href":"https:\/\/hi-techwonder.com\/es\/wp-json\/wp\/v2\/comments?post=12337"}],"wp:featuredmedia":[{"embeddable":true,"href":"https:\/\/hi-techwonder.com\/es\/wp-json\/wp\/v2\/media\/9035"}],"wp:attachment":[{"href":"https:\/\/hi-techwonder.com\/es\/wp-json\/wp\/v2\/media?parent=12337"}],"wp:term":[{"taxonomy":"product_brand","embeddable":true,"href":"https:\/\/hi-techwonder.com\/es\/wp-json\/wp\/v2\/product_brand?post=12337"},{"taxonomy":"product_cat","embeddable":true,"href":"https:\/\/hi-techwonder.com\/es\/wp-json\/wp\/v2\/product_cat?post=12337"},{"taxonomy":"product_tag","embeddable":true,"href":"https:\/\/hi-techwonder.com\/es\/wp-json\/wp\/v2\/product_tag?post=12337"}],"curies":[{"name":"wp","href":"https:\/\/api.w.org\/{rel}","templated":true}]}}