{"id":12342,"date":"2025-07-23T23:01:07","date_gmt":"2025-07-23T23:01:07","guid":{"rendered":"https:\/\/fv6qoy3ls0.wpdns.site\/produto\/nisi-sistema-de-filtros-para-sony-rx100-vi-vii-mark-6-mark-7-kit-profesional\/"},"modified":"2026-04-09T16:51:11","modified_gmt":"2026-04-09T15:51:11","slug":"nisi-sistema-de-filtros-para-sony-rx100-vi-vii-mark-6-mark-7-kit-profesional","status":"publish","type":"product","link":"https:\/\/hi-techwonder.com\/es\/producto\/nisi-sistema-de-filtros-para-sony-rx100-vi-vii-mark-6-mark-7-kit-profesional\/","title":{"rendered":"NiSi Sistema de Filtros para Sony RX100 VI\/VII (Mark 6 &#038; Mark 7) &#8211; Kit profesional"},"content":{"rendered":"<h3><strong>NiSi Sistema de Filtros para Sony RX100 VI\/VII (Mark 6 &amp; Mark 7) &#8211; Kit Professional<\/strong><\/h3>\n<p>O<strong> NiSi Sistema de Filtros para Sony RX100 VI\/VII (Mark 6 &amp; Mark 7) &#8211; Kit Professional<\/strong> foi projetado especificamente para a c\u00e2mera compacta Sony RX100VI (M6) e RX100VII (M7). O kit possui um porta-filtros que pode ser montado na lente da Sony RX100VI e RX100VII, um filtro GND medium, filtro polarizador, filtro ND8 (3 pontos), filtro Natural Night e estojo de transporte.<\/p>\n<p>O porta-filtros NiSi para Sony RX100VI \u00e9 constru\u00eddo com o mesmo alum\u00ednio usado em nosso popular sistema V7. Cont\u00e9m dois filtros da nossa gama de filtros para telem\u00f3veis. Simplesmente encaixa na frente da lente para montagem r\u00e1pida. O suporte NiSi para Sony RX100VI e RX100VII pode ser girado 360 graus ao alternar facilmente entre a orienta\u00e7\u00e3o retrato e paisagem.<\/p>\n<h5>Filtros e acess\u00f3rios NiSi inclu\u00eddos:<\/h5>\n<ul>\n<li>Medium GND8 (0.9) 3 Stop,<\/li>\n<li>HD Polarizador,<\/li>\n<li>ND8 (3 Stop),<\/li>\n<li>Natural Night,<\/li>\n<li><span class=\"JLqJ4b ChMk0b\" data-language-for-alternatives=\"pt\" data-language-to-translate-into=\"en\" data-phrase-index=\"16\">Porta-filtros para Sony RX100VI e RX100VII,<\/span><\/li>\n<li><span class=\"JLqJ4b ChMk0b\" data-language-for-alternatives=\"pt\" data-language-to-translate-into=\"en\" data-phrase-index=\"26\">Estojo de transporte<\/span><\/li>\n<\/ul>\n<p>Os filtros s\u00e3o feitos de vidro de qualidade \u00f3ptica e oferecem uma qualidade de imagem incr\u00edvel.<\/p>\n<h5>Filtros<\/h5>\n<p>O filtro NiSi Medium GND \u00e9 um filtro retangular que ajuda a escurecer \u00e1reas espec\u00edficas de uma imagem, como c\u00e9us claros, enquanto permite uma exposi\u00e7\u00e3o normal e n\u00e3o afetada nas outras regi\u00f5es da imagem. \u00c9 projetado para ser movido para cima e para baixo para controlar essas \u00e1reas claras.<\/p>\n<p>O filtro HD Polarizador ajuda a reduzir os reflexos e o brilho ao filtrar a luz que se tornou polarizada devido ao reflexo de uma superf\u00edcie n\u00e3o met\u00e1lica. \u00c9 perfeito para remover reflexos na \u00e1gua, reflexos ao fotografar atrav\u00e9s do vidro e fornece maior cor e satura\u00e7\u00e3o tonal.<\/p>\n<p>O filtro NiSi ND8 (3 stops) \u00e9 um filtro ND que fornece uma redu\u00e7\u00e3o de exposi\u00e7\u00e3o de 3 stops, permitindo que voc\u00ea fotografe com uma abertura mais ampla ou velocidade de obturador mais lenta do que o normalmente necess\u00e1rio. Ao diminuir o tempo de exposi\u00e7\u00e3o, voc\u00ea pode controlar a profundidade de campo e mostrar movimento em suas imagens, por exemplo, fluxo de \u00e1gua. Este filtro \u00e9 feito de vidro \u00f3ptico de alta qualidade (n\u00e3o resina) com revestimento nano para evitar a perda de qualquer detalhe. N\u00e3o afeta a colora\u00e7\u00e3o da imagem e a densidade de 0,9 fornece uma redu\u00e7\u00e3o de 3 stops na entrada de luz na lente.<\/p>\n<p>O filtro NiSi Natural Night \u00e9 exclusivo para fotografia noturna e um companheiro perfeito para paisagens urbanas noturnas! Entre vapor de merc\u00fario, s\u00f3dio, ilumina\u00e7\u00e3o p\u00fablica de baixo CRI, existem muitos comprimentos de onda indesej\u00e1veis \u200b\u200bde luz que poluem o c\u00e9u noturno. O brilho deles pode impedir que sua c\u00e2mera veja o c\u00e9u corretamente e afetar suas imagens noturnas. Por isso, a NiSi criou o Filtro Noturno Natural para bloquear os comprimentos de onda mais comuns da polui\u00e7\u00e3o luminosa.<\/p>\n<p>Como o restante da linha NiSi, este filtro \u00e9 feito de vidro \u00f3ptico recozido de alta qualidade e precis\u00e3o. Sua superf\u00edcie \u00e9 finamente retificada e polida para garantir nitidez para as c\u00e2meras ultra-altos megapixels de hoje.<\/p>\n<p><img loading=\"lazy\" decoding=\"async\" class=\"alignnone wp-image-25481\" src=\"https:\/\/hi-techwonder.com\/wp-content\/themes\/woodmart\/images\/lazy.svg\" data-src=\"https:\/\/nisioptics.pt\/wp-content\/uploads\/2023\/05\/sony-rx100-professional-kit.jpg\" alt=\"\" width=\"752\" height=\"502\"><\/p>\n<p>Saiba mais sobre os nossos sistemas compactos <a href=\"\/?product_cat=descobre-sistemas-compactos\">aqui<\/a>.<\/p>\n","protected":false},"excerpt":{"rendered":"<ul>\n<li><span class=\"JLqJ4b ChMk0b\" data-language-for-alternatives=\"pt\" data-language-to-translate-into=\"en\" data-phrase-index=\"2\">F\u00e1cil de instalar<\/span><\/li>\n<li><span class=\"JLqJ4b ChMk0b\" data-language-for-alternatives=\"pt\" data-language-to-translate-into=\"en\" data-phrase-index=\"4\">Suporta at\u00e9 2 filtros quadrados<\/span><\/li>\n<li><span class=\"JLqJ4b ChMk0b\" data-language-for-alternatives=\"pt\" data-language-to-translate-into=\"en\" data-phrase-index=\"6\">Rota\u00e7\u00e3o de 360 graus<\/span><\/li>\n<li><span class=\"JLqJ4b ChMk0b\" data-language-for-alternatives=\"pt\" data-language-to-translate-into=\"en\" data-phrase-index=\"8\">Constru\u00e7\u00e3o em liga de alum\u00ednio<\/span><\/li>\n<li><span class=\"JLqJ4b ChMk0b\" data-language-for-alternatives=\"pt\" data-language-to-translate-into=\"en\" data-phrase-index=\"10\">Inclui uma bolsa gr\u00e1tis<\/span><\/li>\n<li><span class=\"JLqJ4b ChMk0b\" data-language-for-alternatives=\"pt\" data-language-to-translate-into=\"en\" data-phrase-index=\"12\">Feito de vidro \u00f3tico<\/span><\/li>\n<li>S\u00f3 \u00e9 compat\u00edvel com Sony RX1000 VI (MARK 6) e RX100VII (MARK 7)<\/li>\n<\/ul>\n","protected":false},"featured_media":76785,"comment_status":"closed","ping_status":"open","template":"","meta":{"_acf_changed":false},"product_brand":[2543],"product_cat":[1060],"product_tag":[],"class_list":{"0":"post-12342","1":"product","2":"type-product","3":"status-publish","4":"has-post-thumbnail","6":"product_brand-nisioptics-es","7":"product_cat-otros-filtros-quadrados","9":"first","10":"instock","11":"taxable","12":"shipping-taxable","13":"purchasable","14":"product-type-simple"},"bundled_by":[],"bundle_stock_status":"instock","bundle_stock_quantity":1,"bundle_virtual":false,"bundle_layout":"","bundle_add_to_cart_form_location":"","bundle_editable_in_cart":false,"bundle_sold_individually_context":"","bundle_item_grouping":"","bundle_min_size":"","bundle_max_size":"","bundle_price":[],"bundled_items":[],"bundle_sell_ids":[],"acf":[],"_links":{"self":[{"href":"https:\/\/hi-techwonder.com\/es\/wp-json\/wp\/v2\/product\/12342","targetHints":{"allow":["GET"]}}],"collection":[{"href":"https:\/\/hi-techwonder.com\/es\/wp-json\/wp\/v2\/product"}],"about":[{"href":"https:\/\/hi-techwonder.com\/es\/wp-json\/wp\/v2\/types\/product"}],"replies":[{"embeddable":true,"href":"https:\/\/hi-techwonder.com\/es\/wp-json\/wp\/v2\/comments?post=12342"}],"wp:featuredmedia":[{"embeddable":true,"href":"https:\/\/hi-techwonder.com\/es\/wp-json\/wp\/v2\/media\/76785"}],"wp:attachment":[{"href":"https:\/\/hi-techwonder.com\/es\/wp-json\/wp\/v2\/media?parent=12342"}],"wp:term":[{"taxonomy":"product_brand","embeddable":true,"href":"https:\/\/hi-techwonder.com\/es\/wp-json\/wp\/v2\/product_brand?post=12342"},{"taxonomy":"product_cat","embeddable":true,"href":"https:\/\/hi-techwonder.com\/es\/wp-json\/wp\/v2\/product_cat?post=12342"},{"taxonomy":"product_tag","embeddable":true,"href":"https:\/\/hi-techwonder.com\/es\/wp-json\/wp\/v2\/product_tag?post=12342"}],"curies":[{"name":"wp","href":"https:\/\/api.w.org\/{rel}","templated":true}]}}