{"id":12343,"date":"2025-07-23T23:01:07","date_gmt":"2025-07-23T23:01:07","guid":{"rendered":"https:\/\/fv6qoy3ls0.wpdns.site\/produto\/nisi-filtro-circular-nc-uv-112mm-para-nikkor-z-14-24mm-f-2-8s\/"},"modified":"2026-04-08T12:29:38","modified_gmt":"2026-04-08T11:29:38","slug":"nisi-filtro-circular-nc-uv-112mm-para-nikkor-z-14-24mm-f-2-8s","status":"publish","type":"product","link":"https:\/\/hi-techwonder.com\/es\/producto\/nisi-filtro-circular-nc-uv-112mm-para-nikkor-z-14-24mm-f-2-8s\/","title":{"rendered":"NiSi Filtro Circular NC UV 112mm para Nikkor Z 14-24mm f\/2.8S"},"content":{"rendered":"<h3><strong>NiSi Filtro Circular NC UV 112mm para Nikkor Z 14-24mm f2.8S<\/strong><\/h3>\n<p>O Filtro Circular NiSi NC UV 112mm para Nikon Z 14-24mm f\/2.8S foi projetado para a nova lente Z series 14-24mm f\/2.8S da Nikon. A Nikon Z 14-24mm f\/2.8S usa um filtro de rosca padr\u00e3o de 112mm com o para-sol de lente HB-97 que vem com a lente.<\/p>\n<p>O filtro UV ultrafino da NiSi adota uma tecnologia de lentes multirrevestidas de dupla face que emprega vidro \u00f3ptico de absor\u00e7\u00e3o ultravioleta de alta qualidade. Garante alta transmit\u00e2ncia e uma superf\u00edcie altamente lisa que evita reflexos desnecess\u00e1rios. A estrutura \u00e9 constru\u00edda em lat\u00e3o usando fresagem de lat\u00e3o altamente precisa. O Filtro UV Circular NC NiSi 112mm possui um revestimento Nano antirreflexo tipo \u201cU\u201d exclusivo e um revestimento resistente \u00e0 prova de \u00e1gua. O filtro corta a luz UV abaixo de 365nm e possui 9 camadas de revestimento Nano em cada lado do filtro. A transmit\u00e2ncia do filtro UV \u00e9 extremamente alta em 99,3%.<\/p>\n<p>O filtro UV tamb\u00e9m \u00e9 \u00fatil como um filtro de prote\u00e7\u00e3o geral para deixar nas lentes o tempo todo. Os filtros ajudam a reduzir a entrada de poeira e humidade no elemento da lente e fornecem prote\u00e7\u00e3o adicional em caso de quedas ou situa\u00e7\u00f5es em que podem ocorrer arranh\u00f5es.<\/p>\n<p><img loading=\"lazy\" decoding=\"async\" class=\"alignnone wp-image-27256\" src=\"https:\/\/hi-techwonder.com\/wp-content\/themes\/woodmart\/images\/lazy.svg\" data-src=\"https:\/\/nisioptics.pt\/wp-content\/uploads\/2021\/02\/NiSi-112-UV-Transmittance-1024x529-1.jpg\" alt=\"\" width=\"752\" height=\"388\"><\/p>\n<p>Sabe mais sobre o nosso sistema de\u00a0 filtros circulares <a href=\"\/?product_cat=descobre-filtros-circulares\">aqui.<\/a><\/p>\n<p>&nbsp;<\/p>\n","protected":false},"excerpt":{"rendered":"<ul>\n<li>Moldura serrilhada em cobre e ultrafina<\/li>\n<li>Vidro \u00f3ptico UV CUT 365nm<\/li>\n<li>Alta defini\u00e7\u00e3o<\/li>\n<li>9 + 9 camadas de revestimento<\/li>\n<li>Revestimento anti-reflexo estilo U<\/li>\n<li>Transmit\u00e2ncia ultra-elevada em torno de 99,3%<\/li>\n<li>Revestimento imperme\u00e1vel aprimorado em ambos os lados<\/li>\n<\/ul>\n","protected":false},"featured_media":9133,"comment_status":"closed","ping_status":"closed","template":"","meta":{"_acf_changed":false},"product_brand":[2543],"product_cat":[1052],"product_tag":[],"class_list":{"0":"post-12343","1":"product","2":"type-product","3":"status-publish","4":"has-post-thumbnail","6":"product_brand-nisioptics-es","7":"product_cat-proteccion-uv","8":"pa_diametro-112mm-es","10":"first","11":"onbackorder","12":"taxable","13":"shipping-taxable","14":"purchasable","15":"product-type-simple"},"bundled_by":[],"bundle_stock_status":"onbackorder","bundle_stock_quantity":null,"bundle_virtual":false,"bundle_layout":"","bundle_add_to_cart_form_location":"","bundle_editable_in_cart":false,"bundle_sold_individually_context":"","bundle_item_grouping":"","bundle_min_size":"","bundle_max_size":"","bundle_price":[],"bundled_items":[],"bundle_sell_ids":[],"acf":[],"_links":{"self":[{"href":"https:\/\/hi-techwonder.com\/es\/wp-json\/wp\/v2\/product\/12343","targetHints":{"allow":["GET"]}}],"collection":[{"href":"https:\/\/hi-techwonder.com\/es\/wp-json\/wp\/v2\/product"}],"about":[{"href":"https:\/\/hi-techwonder.com\/es\/wp-json\/wp\/v2\/types\/product"}],"replies":[{"embeddable":true,"href":"https:\/\/hi-techwonder.com\/es\/wp-json\/wp\/v2\/comments?post=12343"}],"wp:featuredmedia":[{"embeddable":true,"href":"https:\/\/hi-techwonder.com\/es\/wp-json\/wp\/v2\/media\/9133"}],"wp:attachment":[{"href":"https:\/\/hi-techwonder.com\/es\/wp-json\/wp\/v2\/media?parent=12343"}],"wp:term":[{"taxonomy":"product_brand","embeddable":true,"href":"https:\/\/hi-techwonder.com\/es\/wp-json\/wp\/v2\/product_brand?post=12343"},{"taxonomy":"product_cat","embeddable":true,"href":"https:\/\/hi-techwonder.com\/es\/wp-json\/wp\/v2\/product_cat?post=12343"},{"taxonomy":"product_tag","embeddable":true,"href":"https:\/\/hi-techwonder.com\/es\/wp-json\/wp\/v2\/product_tag?post=12343"}],"curies":[{"name":"wp","href":"https:\/\/api.w.org\/{rel}","templated":true}]}}